{"id":29357,"date":"2026-03-10T14:57:57","date_gmt":"2026-03-10T14:57:57","guid":{"rendered":"https:\/\/modrastijena.com\/hr\/proizvod\/silikoni-mapesil-stone-matt\/"},"modified":"2026-03-10T15:00:33","modified_gmt":"2026-03-10T15:00:33","slug":"silikoni-mapesil-stone-matt","status":"publish","type":"product","link":"https:\/\/modrastijena.com\/hr\/proizvod\/silikoni-mapesil-stone-matt\/","title":{"rendered":"Silikoni Mapesil Stone Matt"},"content":{"rendered":"<p>MAPESIL STONE MATT\u00a0je masa za brtvljenje\u00a0bez otapala,\u00a0otporna na plijesan,\u00a0niskog modula elasti\u010dnosti.<\/p>\n<p>Posebno je namijenjena za brtvljenje\u00a0prirodnog kamena i\u00a0op\u0107enito\u00a0upojnih materijala, poput kamena i mramora.\u00a0Ne ostavlja mrlje na povr\u0161ini i dugoro\u010dno zadr\u017eava atraktivan izgled.<\/p>\n<p>Prikladna je i za primjenu na materijalima niske ili nikakve upojnosti, poput metala, obojenih povr\u0161ina i stakla.<\/p>\n<p>MAPESIL STONE MATT\u00a0ima\u00a0mat zavr\u0161ni izgled\u00a0koji se skladno uklapa u arhitektonska rje\u0161enja, a pojedine boje dostupne su i u hrapavoj, teksturiranoj varijanti koja izgledom odgovara strukturi podloge.<\/p>\n<p>Prikladan je za brtvljenje dilatacijskih i kutnih spojeva, \u010dak i u uvjetima velikih pomaka, kako u interijerima tako i u eksterijerima.<\/p>\n","protected":false},"excerpt":{"rendered":"<p>MAPESIL STONE MATT\u00a0je masa za brtvljenje\u00a0bez otapala,\u00a0otporna na plijesan,\u00a0niskog modula elasti\u010dnosti. Posebno je namijenjena za brtvljenje\u00a0prirodnog kamena i\u00a0op\u0107enito\u00a0upojnih materijala, poput kamena i mramora.\u00a0Ne ostavlja mrlje na povr\u0161ini i dugoro\u010dno zadr\u017eava atraktivan izgled. Prikladna je i za primjenu na materijalima niske ili nikakve upojnosti, poput metala, obojenih povr\u0161ina i stakla. MAPESIL STONE MATT\u00a0ima\u00a0mat zavr\u0161ni izgled\u00a0koji se [&hellip;]<\/p>\n","protected":false},"featured_media":100000028676,"template":"","meta":{"_acf_changed":false},"product_brand":[727],"product_oblik":[],"product_cat":[63],"product_tag":[],"class_list":{"0":"post-29357","1":"product","2":"type-product","3":"status-publish","4":"has-post-thumbnail","6":"product_brand-mapei","7":"product_cat-materijali-za-polaganje","9":"first","10":"instock","11":"shipping-taxable","12":"purchasable","13":"product-type-variable","14":"wvs-archive-product-wrapper"},"acf":[],"_links":{"self":[{"href":"https:\/\/modrastijena.com\/hr\/wp-json\/wp\/v2\/product\/29357","targetHints":{"allow":["GET"]}}],"collection":[{"href":"https:\/\/modrastijena.com\/hr\/wp-json\/wp\/v2\/product"}],"about":[{"href":"https:\/\/modrastijena.com\/hr\/wp-json\/wp\/v2\/types\/product"}],"wp:featuredmedia":[{"embeddable":true,"href":"https:\/\/modrastijena.com\/hr\/wp-json\/"}],"wp:attachment":[{"href":"https:\/\/modrastijena.com\/hr\/wp-json\/wp\/v2\/media?parent=29357"}],"wp:term":[{"taxonomy":"product_brand","embeddable":true,"href":"https:\/\/modrastijena.com\/hr\/wp-json\/wp\/v2\/product_brand?post=29357"},{"taxonomy":"product_oblik","embeddable":true,"href":"https:\/\/modrastijena.com\/hr\/wp-json\/wp\/v2\/product_oblik?post=29357"},{"taxonomy":"product_cat","embeddable":true,"href":"https:\/\/modrastijena.com\/hr\/wp-json\/wp\/v2\/product_cat?post=29357"},{"taxonomy":"product_tag","embeddable":true,"href":"https:\/\/modrastijena.com\/hr\/wp-json\/wp\/v2\/product_tag?post=29357"}],"curies":[{"name":"wp","href":"https:\/\/api.w.org\/{rel}","templated":true}]}}