{"id":29344,"date":"2026-01-20T10:14:19","date_gmt":"2026-01-20T10:14:19","guid":{"rendered":"https:\/\/modrastijena.com\/hr\/proizvod\/taj-mahal-cream-320x160x12-cm\/"},"modified":"2026-01-28T10:30:43","modified_gmt":"2026-01-28T10:30:43","slug":"taj-mahal-cream-320x160x12-cm","status":"publish","type":"product","link":"https:\/\/modrastijena.com\/hr\/proizvod\/taj-mahal-cream-320x160x12-cm\/","title":{"rendered":"Taj Mahal Cream 320x160x1,2 cm"},"content":{"rendered":"<p>Obrada: Polirana<\/p>\n<div class=\"elementor-element elementor-element-a9c4794 elementor-widget elementor-widget-woocommerce-product-content\" data-id=\"a9c4794\" data-element_type=\"widget\" data-widget_type=\"woocommerce-product-content.default\">\n<div class=\"elementor-widget-container\">\n<div class=\"elementor-element elementor-element-2a441c2 elementor-widget elementor-widget-heading\" data-id=\"2a441c2\" data-element_type=\"widget\" data-widget_type=\"heading.default\">\n<div class=\"elementor-widget-container\">Veliki formati keramike predstavljaju revoluciju u svijetu keramike te su zavladale u arhitekturi i dizajnu interijera i eksterijera. Omogu\u0107uju oblaganje zidova, podova i namje\u0161taja. Zbog dobrih tehni\u010dkih svojstava kao \u0161to su otpornost na ogrebotine, habanje, otpornost na upijanje, visoke temperature i pogodnost za kontakt sa hranom sve se vi\u0161e koriste kao radne plo\u010de u kuhinji, za izradu stolova, radnih povr\u0161ina u kupaonici, oblaganje stepenica, oblaganje kamina, izradu za\u0161titnih plo\u010da ispod pe\u0107i i dekoraciju zidova.<\/div>\n<\/div>\n<div class=\"elementor-element elementor-element-2b50387 elementor-widget elementor-widget-woocommerce-product-content\" data-id=\"2b50387\" data-element_type=\"widget\" data-widget_type=\"woocommerce-product-content.default\">\n<div class=\"elementor-widget-container\">\n<p>&nbsp;<\/p>\n<p><strong>Napomena:<\/strong><br \/>\nProvjerite dostupnost u prodajnim salonima Modre Stijene.<br \/>\nFotografije ne moraju nu\u017eno u potpunosti odgovarati stvarnom izgledu proizvoda.<\/p>\n<\/div>\n<\/div>\n<\/div>\n<\/div>\n","protected":false},"excerpt":{"rendered":"<p>Obrada: Polirana Veliki formati keramike predstavljaju revoluciju u svijetu keramike te su zavladale u arhitekturi i dizajnu interijera i eksterijera. Omogu\u0107uju oblaganje zidova, podova i namje\u0161taja. Zbog dobrih tehni\u010dkih svojstava kao \u0161to su otpornost na ogrebotine, habanje, otpornost na upijanje, visoke temperature i pogodnost za kontakt sa hranom sve se vi\u0161e koriste kao radne plo\u010de [&hellip;]<\/p>\n","protected":false},"featured_media":100000028583,"template":"","meta":{"_acf_changed":false},"product_brand":[],"product_oblik":[],"product_cat":[218],"product_tag":[56,57,881,224,225],"class_list":{"0":"post-29344","1":"product","2":"type-product","3":"status-publish","4":"has-post-thumbnail","6":"product_cat-veliki-formati","7":"product_tag-gres-keramika","8":"product_tag-keramika","9":"product_tag-sintered-stone","10":"product_tag-veliki-formati","11":"product_tag-veliki-formati-keramike","13":"first","14":"instock","15":"shipping-taxable","16":"product-type-simple"},"acf":[],"_links":{"self":[{"href":"https:\/\/modrastijena.com\/hr\/wp-json\/wp\/v2\/product\/29344","targetHints":{"allow":["GET"]}}],"collection":[{"href":"https:\/\/modrastijena.com\/hr\/wp-json\/wp\/v2\/product"}],"about":[{"href":"https:\/\/modrastijena.com\/hr\/wp-json\/wp\/v2\/types\/product"}],"wp:featuredmedia":[{"embeddable":true,"href":"https:\/\/modrastijena.com\/hr\/wp-json\/"}],"wp:attachment":[{"href":"https:\/\/modrastijena.com\/hr\/wp-json\/wp\/v2\/media?parent=29344"}],"wp:term":[{"taxonomy":"product_brand","embeddable":true,"href":"https:\/\/modrastijena.com\/hr\/wp-json\/wp\/v2\/product_brand?post=29344"},{"taxonomy":"product_oblik","embeddable":true,"href":"https:\/\/modrastijena.com\/hr\/wp-json\/wp\/v2\/product_oblik?post=29344"},{"taxonomy":"product_cat","embeddable":true,"href":"https:\/\/modrastijena.com\/hr\/wp-json\/wp\/v2\/product_cat?post=29344"},{"taxonomy":"product_tag","embeddable":true,"href":"https:\/\/modrastijena.com\/hr\/wp-json\/wp\/v2\/product_tag?post=29344"}],"curies":[{"name":"wp","href":"https:\/\/api.w.org\/{rel}","templated":true}]}}