{"id":29331,"date":"2024-05-16T14:08:50","date_gmt":"2024-05-16T14:08:50","guid":{"rendered":"https:\/\/modrastijena.com\/hr\/proizvod\/klub-stol-imperial-iv-diamond-cream-2\/"},"modified":"2026-01-12T15:36:09","modified_gmt":"2026-01-12T15:36:09","slug":"klub-stol-imperial-iv-diamond-cream-2","status":"publish","type":"product","link":"https:\/\/modrastijena.com\/hr\/proizvod\/klub-stol-imperial-iv-diamond-cream-2\/","title":{"rendered":"Klub Stol Imperial IV &#8211; Diamond Cream"},"content":{"rendered":"<p>Naziv postolja: Imperial IV<\/p>\n<p>Materijal plo\u010de: Diamond Cream Gres, luc<\/p>\n<p>Stol se radi po narud\u017ebi.<\/p>\n<p>Du\u017eina: 120 cm<\/p>\n<p>\u0160irina: 70 cm<\/p>\n<p>Visina: 50,50 cm<\/p>\n<p>Debljina plo\u010de: 1,2 cm<\/p>\n","protected":false},"excerpt":{"rendered":"<p>Naziv postolja: Imperial IV Materijal plo\u010de: Diamond Cream Gres, luc Stol se radi po narud\u017ebi. Du\u017eina: 120 cm \u0160irina: 70 cm Visina: 50,50 cm Debljina plo\u010de: 1,2 cm<\/p>\n","protected":false},"featured_media":100000026409,"template":"","meta":{"_acf_changed":false},"product_brand":[],"product_oblik":[],"product_cat":[231],"product_tag":[],"class_list":{"0":"post-29331","1":"product","2":"type-product","3":"status-publish","4":"has-post-thumbnail","6":"product_cat-klub-stolovi","8":"first","9":"outofstock","10":"shipping-taxable","11":"purchasable","12":"product-type-simple"},"acf":[],"_links":{"self":[{"href":"https:\/\/modrastijena.com\/hr\/wp-json\/wp\/v2\/product\/29331","targetHints":{"allow":["GET"]}}],"collection":[{"href":"https:\/\/modrastijena.com\/hr\/wp-json\/wp\/v2\/product"}],"about":[{"href":"https:\/\/modrastijena.com\/hr\/wp-json\/wp\/v2\/types\/product"}],"wp:featuredmedia":[{"embeddable":true,"href":"https:\/\/modrastijena.com\/hr\/wp-json\/"}],"wp:attachment":[{"href":"https:\/\/modrastijena.com\/hr\/wp-json\/wp\/v2\/media?parent=29331"}],"wp:term":[{"taxonomy":"product_brand","embeddable":true,"href":"https:\/\/modrastijena.com\/hr\/wp-json\/wp\/v2\/product_brand?post=29331"},{"taxonomy":"product_oblik","embeddable":true,"href":"https:\/\/modrastijena.com\/hr\/wp-json\/wp\/v2\/product_oblik?post=29331"},{"taxonomy":"product_cat","embeddable":true,"href":"https:\/\/modrastijena.com\/hr\/wp-json\/wp\/v2\/product_cat?post=29331"},{"taxonomy":"product_tag","embeddable":true,"href":"https:\/\/modrastijena.com\/hr\/wp-json\/wp\/v2\/product_tag?post=29331"}],"curies":[{"name":"wp","href":"https:\/\/api.w.org\/{rel}","templated":true}]}}