{"id":29324,"date":"2025-12-16T08:25:20","date_gmt":"2025-12-16T08:25:20","guid":{"rendered":"https:\/\/modrastijena.com\/hr\/proizvod\/stolni-kamin-crystal\/"},"modified":"2025-12-16T08:25:20","modified_gmt":"2025-12-16T08:25:20","slug":"stolni-kamin-crystal","status":"publish","type":"product","link":"https:\/\/modrastijena.com\/hr\/proizvod\/stolni-kamin-crystal\/","title":{"rendered":"Stolni kamin Crystal"},"content":{"rendered":"<p>Samostoje\u0107i bioetanolski kamin izra\u0111en je od kaljenog stakla s okruglim plamenikom dimenzija 10*10 cm. Prijenosni bioetanolski kamin jedinstven je sa spiralnim plamenom. To je kamin bez dima, prili\u010dno lijep za kori\u0161tenje u zatvorenom prostoru. Bioetanolski kamin bez ventilacije je prijenosan i bez dima, te je prikladan za grijanje doma i luksuzno ure\u0111enje.<\/p>\n<p>Tehni\u010dke karakteristike<\/p>\n<p>Boja: Nehr\u0111aju\u0107i \u010delik<\/p>\n<p>Materijal: \u010delik i kaljeno staklo<\/p>\n<p>Dimenzija: <span style=\"font-family: Calibri\"><span dir=\"auto\">25 (D) * 65 (V) * 25 (\u0160) cm<\/span><\/span><\/p>\n<p>Kapacitet: 0,7 l<\/p>\n<p>Vrijeme gorenja: 120 &#8211; 180 minuta<\/p>\n","protected":false},"excerpt":{"rendered":"<p>Samostoje\u0107i bioetanolski kamin izra\u0111en je od kaljenog stakla s okruglim plamenikom dimenzija 10*10 cm. Prijenosni bioetanolski kamin jedinstven je sa spiralnim plamenom. To je kamin bez dima, prili\u010dno lijep za kori\u0161tenje u zatvorenom prostoru. Bioetanolski kamin bez ventilacije je prijenosan i bez dima, te je prikladan za grijanje doma i luksuzno ure\u0111enje. Tehni\u010dke karakteristike Boja: [&hellip;]<\/p>\n","protected":false},"featured_media":100000028516,"template":"","meta":{"_acf_changed":false},"product_brand":[],"product_oblik":[],"product_cat":[874],"product_tag":[],"class_list":{"0":"post-29324","1":"product","2":"type-product","3":"status-publish","4":"has-post-thumbnail","6":"product_cat-stolni-kamini","8":"first","9":"instock","10":"shipping-taxable","11":"purchasable","12":"product-type-simple"},"acf":[],"_links":{"self":[{"href":"https:\/\/modrastijena.com\/hr\/wp-json\/wp\/v2\/product\/29324","targetHints":{"allow":["GET"]}}],"collection":[{"href":"https:\/\/modrastijena.com\/hr\/wp-json\/wp\/v2\/product"}],"about":[{"href":"https:\/\/modrastijena.com\/hr\/wp-json\/wp\/v2\/types\/product"}],"wp:featuredmedia":[{"embeddable":true,"href":"https:\/\/modrastijena.com\/hr\/wp-json\/"}],"wp:attachment":[{"href":"https:\/\/modrastijena.com\/hr\/wp-json\/wp\/v2\/media?parent=29324"}],"wp:term":[{"taxonomy":"product_brand","embeddable":true,"href":"https:\/\/modrastijena.com\/hr\/wp-json\/wp\/v2\/product_brand?post=29324"},{"taxonomy":"product_oblik","embeddable":true,"href":"https:\/\/modrastijena.com\/hr\/wp-json\/wp\/v2\/product_oblik?post=29324"},{"taxonomy":"product_cat","embeddable":true,"href":"https:\/\/modrastijena.com\/hr\/wp-json\/wp\/v2\/product_cat?post=29324"},{"taxonomy":"product_tag","embeddable":true,"href":"https:\/\/modrastijena.com\/hr\/wp-json\/wp\/v2\/product_tag?post=29324"}],"curies":[{"name":"wp","href":"https:\/\/api.w.org\/{rel}","templated":true}]}}