{"id":29323,"date":"2025-12-16T08:18:06","date_gmt":"2025-12-16T08:18:06","guid":{"rendered":"https:\/\/modrastijena.com\/hr\/proizvod\/stolni-kamin-vulcano\/"},"modified":"2025-12-16T08:18:06","modified_gmt":"2025-12-16T08:18:06","slug":"stolni-kamin-vulcano","status":"publish","type":"product","link":"https:\/\/modrastijena.com\/hr\/proizvod\/stolni-kamin-vulcano\/","title":{"rendered":"Stolni kamin Vulcano"},"content":{"rendered":"<p>Baza stolnog kamina na etanol izra\u0111ena je od \u010delika i kaljenog stakla kako bi se mogao vidjeti sa svih strana. Prijenosni kamini na bioetanol jednostavni su za kori\u0161tenje i mogu se postaviti gotovo bilo gdje u va\u0161em domu. Osim toga, stolni kamin na bioetanol izvrsna je alternativa tradicionalnim kaminima jer ne proizvode dim ni pepeo. Ako tra\u017eite ekolo\u0161ki prihvatljiv na\u010din da svom domu dodate toplinu i stil, stolni kamin na etanol izvrsna je opcija.<\/p>\n<p>Tehni\u010dke karakteristike:<\/p>\n<p>Boja: Crna<\/p>\n<p>Materijal: \u010delik i borosilikatno staklo<\/p>\n<p>Dimenzija: <span dir=\"auto\">35,5 (D) * 18 (\u0160) * 20,5 (V) cm<\/span><\/p>\n<p>Kapacitet: 0,5 l<\/p>\n<p>Vrijeme gorenja: 120 minuta<\/p>\n","protected":false},"excerpt":{"rendered":"<p>Baza stolnog kamina na etanol izra\u0111ena je od \u010delika i kaljenog stakla kako bi se mogao vidjeti sa svih strana. Prijenosni kamini na bioetanol jednostavni su za kori\u0161tenje i mogu se postaviti gotovo bilo gdje u va\u0161em domu. Osim toga, stolni kamin na bioetanol izvrsna je alternativa tradicionalnim kaminima jer ne proizvode dim ni pepeo. [&hellip;]<\/p>\n","protected":false},"featured_media":100000028512,"template":"","meta":{"_acf_changed":false},"product_brand":[],"product_oblik":[],"product_cat":[874],"product_tag":[878],"class_list":{"0":"post-29323","1":"product","2":"type-product","3":"status-publish","4":"has-post-thumbnail","6":"product_cat-stolni-kamini","7":"product_tag-stolni-kamin-na-bioetanol","9":"first","10":"instock","11":"shipping-taxable","12":"purchasable","13":"product-type-simple"},"acf":[],"_links":{"self":[{"href":"https:\/\/modrastijena.com\/hr\/wp-json\/wp\/v2\/product\/29323","targetHints":{"allow":["GET"]}}],"collection":[{"href":"https:\/\/modrastijena.com\/hr\/wp-json\/wp\/v2\/product"}],"about":[{"href":"https:\/\/modrastijena.com\/hr\/wp-json\/wp\/v2\/types\/product"}],"wp:featuredmedia":[{"embeddable":true,"href":"https:\/\/modrastijena.com\/hr\/wp-json\/"}],"wp:attachment":[{"href":"https:\/\/modrastijena.com\/hr\/wp-json\/wp\/v2\/media?parent=29323"}],"wp:term":[{"taxonomy":"product_brand","embeddable":true,"href":"https:\/\/modrastijena.com\/hr\/wp-json\/wp\/v2\/product_brand?post=29323"},{"taxonomy":"product_oblik","embeddable":true,"href":"https:\/\/modrastijena.com\/hr\/wp-json\/wp\/v2\/product_oblik?post=29323"},{"taxonomy":"product_cat","embeddable":true,"href":"https:\/\/modrastijena.com\/hr\/wp-json\/wp\/v2\/product_cat?post=29323"},{"taxonomy":"product_tag","embeddable":true,"href":"https:\/\/modrastijena.com\/hr\/wp-json\/wp\/v2\/product_tag?post=29323"}],"curies":[{"name":"wp","href":"https:\/\/api.w.org\/{rel}","templated":true}]}}