{"id":29322,"date":"2025-12-16T08:08:29","date_gmt":"2025-12-16T08:08:29","guid":{"rendered":"https:\/\/modrastijena.com\/hr\/proizvod\/stolni-kamin-helios\/"},"modified":"2025-12-16T08:25:45","modified_gmt":"2025-12-16T08:25:45","slug":"stolni-kamin-helios","status":"publish","type":"product","link":"https:\/\/modrastijena.com\/hr\/proizvod\/stolni-kamin-helios\/","title":{"rendered":"Stolni kamin Helios"},"content":{"rendered":"<p>Stolni kamin na bioetanol savr\u0161en je na\u010din da svakoj prostoriji dodate ugo\u0111aj topline. Osim toga, izvrsna su alternativa tradicionalnim kaminima jer ne proizvode dim ni pepeo. U usporedbi s drugim velikim kaminima, ovaj stolni kamin na alkohol mo\u017ee se postaviti bilo gdje, \u010dak i u malu sobu.<\/p>\n<p>Tehni\u010dke karakteristike<\/p>\n<p>Boja: Crna<\/p>\n<p>Materijal: \u010delik i borosilikatno staklo<\/p>\n<p>Promjer: 16,50 cm<\/p>\n<p>Visina: 29 cm<\/p>\n<p>Kapacitet: 0,4 l<\/p>\n<p>Vrijeme gorenja: 100 &#8211; 120 minuta<\/p>\n","protected":false},"excerpt":{"rendered":"<p>Stolni kamin na bioetanol savr\u0161en je na\u010din da svakoj prostoriji dodate ugo\u0111aj topline. Osim toga, izvrsna su alternativa tradicionalnim kaminima jer ne proizvode dim ni pepeo. U usporedbi s drugim velikim kaminima, ovaj stolni kamin na alkohol mo\u017ee se postaviti bilo gdje, \u010dak i u malu sobu. Tehni\u010dke karakteristike Boja: Crna Materijal: \u010delik i borosilikatno [&hellip;]<\/p>\n","protected":false},"featured_media":100000028507,"template":"","meta":{"_acf_changed":false},"product_brand":[],"product_oblik":[],"product_cat":[874],"product_tag":[875,876,877],"class_list":{"0":"post-29322","1":"product","2":"type-product","3":"status-publish","4":"has-post-thumbnail","6":"product_cat-stolni-kamini","7":"product_tag-kamin-na-bioetanol","8":"product_tag-stolni-kamin","9":"product_tag-ukrasni-kamin","11":"first","12":"instock","13":"shipping-taxable","14":"purchasable","15":"product-type-simple"},"acf":[],"_links":{"self":[{"href":"https:\/\/modrastijena.com\/hr\/wp-json\/wp\/v2\/product\/29322","targetHints":{"allow":["GET"]}}],"collection":[{"href":"https:\/\/modrastijena.com\/hr\/wp-json\/wp\/v2\/product"}],"about":[{"href":"https:\/\/modrastijena.com\/hr\/wp-json\/wp\/v2\/types\/product"}],"wp:featuredmedia":[{"embeddable":true,"href":"https:\/\/modrastijena.com\/hr\/wp-json\/"}],"wp:attachment":[{"href":"https:\/\/modrastijena.com\/hr\/wp-json\/wp\/v2\/media?parent=29322"}],"wp:term":[{"taxonomy":"product_brand","embeddable":true,"href":"https:\/\/modrastijena.com\/hr\/wp-json\/wp\/v2\/product_brand?post=29322"},{"taxonomy":"product_oblik","embeddable":true,"href":"https:\/\/modrastijena.com\/hr\/wp-json\/wp\/v2\/product_oblik?post=29322"},{"taxonomy":"product_cat","embeddable":true,"href":"https:\/\/modrastijena.com\/hr\/wp-json\/wp\/v2\/product_cat?post=29322"},{"taxonomy":"product_tag","embeddable":true,"href":"https:\/\/modrastijena.com\/hr\/wp-json\/wp\/v2\/product_tag?post=29322"}],"curies":[{"name":"wp","href":"https:\/\/api.w.org\/{rel}","templated":true}]}}