{"id":29305,"date":"2025-11-12T14:44:14","date_gmt":"2025-11-12T14:44:14","guid":{"rendered":"https:\/\/modrastijena.com\/hr\/proizvod\/falun-uni-black-serpentino\/"},"modified":"2025-11-12T15:01:18","modified_gmt":"2025-11-12T15:01:18","slug":"falun-uni-black-serpentino","status":"publish","type":"product","link":"https:\/\/modrastijena.com\/hr\/proizvod\/falun-uni-black-serpentino\/","title":{"rendered":"FALUN UNI BLACK SERPENTINO (THORMA)"},"content":{"rendered":"<div class=\"elementor-element elementor-element-2b50387 elementor-widget elementor-widget-woocommerce-product-content\" data-id=\"2b50387\" data-element_type=\"widget\" data-widget_type=\"woocommerce-product-content.default\">\n<div class=\"elementor-widget-container\">\n<p>Tehni\u010dki podaci<\/p>\n<ul>\n<li>Dimenzije cm:<\/li>\n<li>Nominalna toplinska snaga kW: 7,5<\/li>\n<li>U\u010dinkovitost-iskoristivost %: 80,7<\/li>\n<li>Promjer dimnjaka cm: 15<\/li>\n<li>Ukupna te\u017eina kg: 140<\/li>\n<li>Zagrijava m\u00b3: 190<\/li>\n<\/ul>\n<\/div>\n<\/div>\n<div class=\"elementor-element elementor-element-ad4c84e elementor-widget elementor-widget-woocommerce-product-short-description\" data-id=\"ad4c84e\" data-element_type=\"widget\" data-widget_type=\"woocommerce-product-short-description.default\">\n<div class=\"elementor-widget-container\">\n<div class=\"woocommerce-product-details__short-description\">\n<p>Slova\u010dkog proizvo\u0111a\u010da Thorma karakterizira stogodi\u0161nja tradicija u proizvodnji lijevanog \u017eeljeza.<\/p>\n<\/div>\n<\/div>\n<\/div>\n","protected":false},"excerpt":{"rendered":"<p>Tehni\u010dki podaci Dimenzije cm: Nominalna toplinska snaga kW: 7,5 U\u010dinkovitost-iskoristivost %: 80,7 Promjer dimnjaka cm: 15 Ukupna te\u017eina kg: 140 Zagrijava m\u00b3: 190 Slova\u010dkog proizvo\u0111a\u010da Thorma karakterizira stogodi\u0161nja tradicija u proizvodnji lijevanog \u017eeljeza.<\/p>\n","protected":false},"featured_media":100000028437,"template":"","meta":{"_acf_changed":false},"product_brand":[724],"product_oblik":[],"product_cat":[112],"product_tag":[],"class_list":{"0":"post-29305","1":"product","2":"type-product","3":"status-publish","4":"has-post-thumbnail","6":"product_brand-thorma","7":"product_cat-peci-na-drva","9":"first","10":"instock","11":"shipping-taxable","12":"purchasable","13":"product-type-simple"},"acf":[],"_links":{"self":[{"href":"https:\/\/modrastijena.com\/hr\/wp-json\/wp\/v2\/product\/29305","targetHints":{"allow":["GET"]}}],"collection":[{"href":"https:\/\/modrastijena.com\/hr\/wp-json\/wp\/v2\/product"}],"about":[{"href":"https:\/\/modrastijena.com\/hr\/wp-json\/wp\/v2\/types\/product"}],"wp:featuredmedia":[{"embeddable":true,"href":"https:\/\/modrastijena.com\/hr\/wp-json\/"}],"wp:attachment":[{"href":"https:\/\/modrastijena.com\/hr\/wp-json\/wp\/v2\/media?parent=29305"}],"wp:term":[{"taxonomy":"product_brand","embeddable":true,"href":"https:\/\/modrastijena.com\/hr\/wp-json\/wp\/v2\/product_brand?post=29305"},{"taxonomy":"product_oblik","embeddable":true,"href":"https:\/\/modrastijena.com\/hr\/wp-json\/wp\/v2\/product_oblik?post=29305"},{"taxonomy":"product_cat","embeddable":true,"href":"https:\/\/modrastijena.com\/hr\/wp-json\/wp\/v2\/product_cat?post=29305"},{"taxonomy":"product_tag","embeddable":true,"href":"https:\/\/modrastijena.com\/hr\/wp-json\/wp\/v2\/product_tag?post=29305"}],"curies":[{"name":"wp","href":"https:\/\/api.w.org\/{rel}","templated":true}]}}