{"id":29304,"date":"2025-11-12T14:03:24","date_gmt":"2025-11-12T14:03:24","guid":{"rendered":"https:\/\/modrastijena.com\/hr\/proizvod\/borgholm-black-ceramic-capuccino\/"},"modified":"2025-11-13T08:41:22","modified_gmt":"2025-11-13T08:41:22","slug":"borgholm-black-ceramic-capuccino","status":"publish","type":"product","link":"https:\/\/modrastijena.com\/hr\/proizvod\/borgholm-black-ceramic-capuccino\/","title":{"rendered":"BORGHOLM BLACK CERAMIC CAPUCCINO"},"content":{"rendered":"<div class=\"elementor-element elementor-element-2b50387 elementor-widget elementor-widget-woocommerce-product-content\" data-id=\"2b50387\" data-element_type=\"widget\" data-widget_type=\"woocommerce-product-content.default\">\n<div class=\"elementor-widget-container\">\n<p>Tehni\u010dki podaci:<\/p>\n<ul>\n<li>Dimenzije cm: 97,4\u00d773\u00d736,9<\/li>\n<li>Nominalna toplinska snaga kW: 7<\/li>\n<li>U\u010dinkovitost-iskoristivost %: 80,7<\/li>\n<li>Promjer dimnjaka cm:<\/li>\n<li>Ukupna te\u017eina kg: 123<\/li>\n<li>Zagrijava m\u00b3: 165<\/li>\n<\/ul>\n<\/div>\n<\/div>\n<div class=\"elementor-element elementor-element-ad4c84e elementor-widget elementor-widget-woocommerce-product-short-description\" data-id=\"ad4c84e\" data-element_type=\"widget\" data-widget_type=\"woocommerce-product-short-description.default\">\n<div class=\"elementor-widget-container\">\n<div class=\"woocommerce-product-details__short-description\">\n<p>Slova\u010dkog proizvo\u0111a\u010da Thorma karakterizira stogodi\u0161nja tradicija u proizvodnji lijevanog \u017eeljeza.<\/p>\n<\/div>\n<\/div>\n<\/div>\n","protected":false},"excerpt":{"rendered":"<p>Tehni\u010dki podaci: Dimenzije cm: 97,4\u00d773\u00d736,9 Nominalna toplinska snaga kW: 7 U\u010dinkovitost-iskoristivost %: 80,7 Promjer dimnjaka cm: Ukupna te\u017eina kg: 123 Zagrijava m\u00b3: 165 Slova\u010dkog proizvo\u0111a\u010da Thorma karakterizira stogodi\u0161nja tradicija u proizvodnji lijevanog \u017eeljeza.<\/p>\n","protected":false},"featured_media":100000028435,"template":"","meta":{"_acf_changed":false},"product_brand":[724],"product_oblik":[],"product_cat":[112],"product_tag":[],"class_list":{"0":"post-29304","1":"product","2":"type-product","3":"status-publish","4":"has-post-thumbnail","6":"product_brand-thorma","7":"product_cat-peci-na-drva","9":"first","10":"instock","11":"shipping-taxable","12":"purchasable","13":"product-type-simple"},"acf":[],"_links":{"self":[{"href":"https:\/\/modrastijena.com\/hr\/wp-json\/wp\/v2\/product\/29304","targetHints":{"allow":["GET"]}}],"collection":[{"href":"https:\/\/modrastijena.com\/hr\/wp-json\/wp\/v2\/product"}],"about":[{"href":"https:\/\/modrastijena.com\/hr\/wp-json\/wp\/v2\/types\/product"}],"wp:featuredmedia":[{"embeddable":true,"href":"https:\/\/modrastijena.com\/hr\/wp-json\/"}],"wp:attachment":[{"href":"https:\/\/modrastijena.com\/hr\/wp-json\/wp\/v2\/media?parent=29304"}],"wp:term":[{"taxonomy":"product_brand","embeddable":true,"href":"https:\/\/modrastijena.com\/hr\/wp-json\/wp\/v2\/product_brand?post=29304"},{"taxonomy":"product_oblik","embeddable":true,"href":"https:\/\/modrastijena.com\/hr\/wp-json\/wp\/v2\/product_oblik?post=29304"},{"taxonomy":"product_cat","embeddable":true,"href":"https:\/\/modrastijena.com\/hr\/wp-json\/wp\/v2\/product_cat?post=29304"},{"taxonomy":"product_tag","embeddable":true,"href":"https:\/\/modrastijena.com\/hr\/wp-json\/wp\/v2\/product_tag?post=29304"}],"curies":[{"name":"wp","href":"https:\/\/api.w.org\/{rel}","templated":true}]}}