{"id":29303,"date":"2025-10-24T09:54:14","date_gmt":"2025-10-24T09:54:14","guid":{"rendered":"https:\/\/modrastijena.com\/hr\/proizvod\/baumit-duofix-25kg\/"},"modified":"2025-10-24T09:54:57","modified_gmt":"2025-10-24T09:54:57","slug":"baumit-duofix-25kg","status":"publish","type":"product","link":"https:\/\/modrastijena.com\/hr\/proizvod\/baumit-duofix-25kg\/","title":{"rendered":"Baumit Duofix 25kg"},"content":{"rendered":"<div class=\"col-lg-12 product-info\">\n<div class=\"inner\">Mort za lijepljenje<\/div>\n<div><\/div>\n<div class=\"inner\">Paropropusno pra\u0161kasto ljepilo za vanjsku i unutra\u0161nju primjenu za ljepljenje EPS termoizolacinih plo\u010da, jednostavno za obradu.<\/div>\n<ul>\n<li class=\"inner\">Paropropusno ljepilo<\/li>\n<li class=\"inner\">Za vanjsku i unutarnju primjenu<\/li>\n<li class=\"inner\">Jednostavno za obradu<\/li>\n<\/ul>\n<\/div>\n<div class=\"col-lg-12 product-detail-container experts-advice\">Podloga mora biti \u010dista, suha, nesmrznuta, otpra\u0161ena, ne smije biti vodoodbojna, bez iscvjetavanja, nosiva i bez otpadaju\u0107ih dijelova.<\/div>\n<div>\n<div class=\"row\" data-v-7c78c36f=\"\">\n<div class=\"col-xl-5 col-md-12 th\" data-v-7c78c36f=\"\"><span data-v-7c78c36f=\"\">Potro\u0161nja: <\/span><span data-v-7c78c36f=\"\">cca. 5 kg\/m\u00b2 &#8211; 6.5 kg\/m\u00b2<\/span><\/div>\n<\/div>\n<div class=\"row\" data-v-7c78c36f=\"\">\n<div class=\"col-xl-5 col-md-12 th\" data-v-7c78c36f=\"\"><span data-v-7c78c36f=\"\">Potrebna koli\u010dina vode: <\/span><span data-v-7c78c36f=\"\">cca. 6 l\/25kg<\/span><\/div>\n<\/div>\n<\/div>\n","protected":false},"excerpt":{"rendered":"<p>Mort za lijepljenje Paropropusno pra\u0161kasto ljepilo za vanjsku i unutra\u0161nju primjenu za ljepljenje EPS termoizolacinih plo\u010da, jednostavno za obradu. Paropropusno ljepilo Za vanjsku i unutarnju primjenu Jednostavno za obradu Podloga mora biti \u010dista, suha, nesmrznuta, otpra\u0161ena, ne smije biti vodoodbojna, bez iscvjetavanja, nosiva i bez otpadaju\u0107ih dijelova. Potro\u0161nja: cca. 5 kg\/m\u00b2 &#8211; 6.5 kg\/m\u00b2 Potrebna [&hellip;]<\/p>\n","protected":false},"featured_media":100000028417,"template":"","meta":{"_acf_changed":false},"product_brand":[752],"product_oblik":[],"product_cat":[63],"product_tag":[],"class_list":{"0":"post-29303","1":"product","2":"type-product","3":"status-publish","4":"has-post-thumbnail","6":"product_brand-baumit","7":"product_cat-materijali-za-polaganje","9":"first","10":"instock","11":"shipping-taxable","12":"purchasable","13":"product-type-simple"},"acf":[],"_links":{"self":[{"href":"https:\/\/modrastijena.com\/hr\/wp-json\/wp\/v2\/product\/29303","targetHints":{"allow":["GET"]}}],"collection":[{"href":"https:\/\/modrastijena.com\/hr\/wp-json\/wp\/v2\/product"}],"about":[{"href":"https:\/\/modrastijena.com\/hr\/wp-json\/wp\/v2\/types\/product"}],"wp:featuredmedia":[{"embeddable":true,"href":"https:\/\/modrastijena.com\/hr\/wp-json\/"}],"wp:attachment":[{"href":"https:\/\/modrastijena.com\/hr\/wp-json\/wp\/v2\/media?parent=29303"}],"wp:term":[{"taxonomy":"product_brand","embeddable":true,"href":"https:\/\/modrastijena.com\/hr\/wp-json\/wp\/v2\/product_brand?post=29303"},{"taxonomy":"product_oblik","embeddable":true,"href":"https:\/\/modrastijena.com\/hr\/wp-json\/wp\/v2\/product_oblik?post=29303"},{"taxonomy":"product_cat","embeddable":true,"href":"https:\/\/modrastijena.com\/hr\/wp-json\/wp\/v2\/product_cat?post=29303"},{"taxonomy":"product_tag","embeddable":true,"href":"https:\/\/modrastijena.com\/hr\/wp-json\/wp\/v2\/product_tag?post=29303"}],"curies":[{"name":"wp","href":"https:\/\/api.w.org\/{rel}","templated":true}]}}