{"id":29301,"date":"2025-10-20T11:23:04","date_gmt":"2025-10-20T11:23:04","guid":{"rendered":"https:\/\/modrastijena.com\/hr\/proizvod\/ceresit-ft-101-transparent-silikon\/"},"modified":"2025-10-20T13:43:01","modified_gmt":"2025-10-20T13:43:01","slug":"ceresit-ft-101-transparent-silikon","status":"publish","type":"product","link":"https:\/\/modrastijena.com\/hr\/proizvod\/ceresit-ft-101-transparent-silikon\/","title":{"rendered":"Ceresit Ft 101 transparent silikon"},"content":{"rendered":"<p>Jednokomponentna elasti\u010dna zaptivna masa za ispunjavanje spojeva koja se stvrdnjava u vla\u017enim uvjetima, zasnovana na Flextec tehnologiji.<\/p>\n<p>Karakteristike:<\/p>\n<ul>\n<li>za sve materijale<\/li>\n<li>za sve vremenske uvjete<\/li>\n<li>odli\u010dno prianja \u010dak i na mokre povr\u0161ine<\/li>\n<li>otporan na UV zrake i sun\u010devu svijetlost<\/li>\n<li>mo\u017ee da se boji<\/li>\n<li>ne gubi volumen prilikom stvrdnjavanja<\/li>\n<li>bijela, siva, braon i transparent<\/li>\n<\/ul>\n<p>FT101 preporu\u010duje se za elasti\u010dno zaptivanje i lijepljenje:<br \/>\n&#8211; unutra\u0161nje i vanjsko<br \/>\n&#8211; spojnica (vertikalnih i horizontalnih), npr. spojnica izme\u0111u prozora ili vrata i zida od opeke, za stepenice, balkone, terase, prirodni kamen (npr. mramor, granit)<br \/>\n&#8211; &#8220;radnih&#8221; spojeva (vertikalnih i horizontalnih), npr. fasada<br \/>\n&#8211; ugradnju (lijepljenje i zaptivanje) prozorskih okana, nadstre\u0161nica, pokrivnih letvi, gazi\u0161ta stepenica, plo\u010dica, fitingo i dr.<br \/>\n&#8211; lijepljenje cokla, zavr\u0161nih letava, pokrovnih letava, za\u0161titnih letava stucco, metala, drveta, kamena, prefarbanih elemenata i dr.<br \/>\n&#8211; spojeva u gra\u0111evinarstvu, spojeva izme\u0111u prozorskih okvira i zida od opeke,<br \/>\n&#8211; bru\u0161enih spojeva<br \/>\n&#8211; popunu\/ zaptivanje pukotina<br \/>\n&#8211; bru\u0161enih spojeva<br \/>\n&#8211; spojeva u ventilacijskim i klimatizacijskim vodovima<br \/>\n&#8211; spojeva i zaptivanje \u0161avova u metalnim i drvenim konstrukcijama<\/p>\n","protected":false},"excerpt":{"rendered":"<p>Jednokomponentna elasti\u010dna zaptivna masa za ispunjavanje spojeva koja se stvrdnjava u vla\u017enim uvjetima, zasnovana na Flextec tehnologiji. Karakteristike: za sve materijale za sve vremenske uvjete odli\u010dno prianja \u010dak i na mokre povr\u0161ine otporan na UV zrake i sun\u010devu svijetlost mo\u017ee da se boji ne gubi volumen prilikom stvrdnjavanja bijela, siva, braon i transparent FT101 preporu\u010duje [&hellip;]<\/p>\n","protected":false},"featured_media":100000028405,"template":"","meta":{"_acf_changed":false},"product_brand":[726],"product_oblik":[],"product_cat":[63],"product_tag":[],"class_list":{"0":"post-29301","1":"product","2":"type-product","3":"status-publish","4":"has-post-thumbnail","6":"product_brand-ceresit","7":"product_cat-materijali-za-polaganje","9":"first","10":"instock","11":"shipping-taxable","12":"purchasable","13":"product-type-simple"},"acf":[],"_links":{"self":[{"href":"https:\/\/modrastijena.com\/hr\/wp-json\/wp\/v2\/product\/29301","targetHints":{"allow":["GET"]}}],"collection":[{"href":"https:\/\/modrastijena.com\/hr\/wp-json\/wp\/v2\/product"}],"about":[{"href":"https:\/\/modrastijena.com\/hr\/wp-json\/wp\/v2\/types\/product"}],"wp:featuredmedia":[{"embeddable":true,"href":"https:\/\/modrastijena.com\/hr\/wp-json\/"}],"wp:attachment":[{"href":"https:\/\/modrastijena.com\/hr\/wp-json\/wp\/v2\/media?parent=29301"}],"wp:term":[{"taxonomy":"product_brand","embeddable":true,"href":"https:\/\/modrastijena.com\/hr\/wp-json\/wp\/v2\/product_brand?post=29301"},{"taxonomy":"product_oblik","embeddable":true,"href":"https:\/\/modrastijena.com\/hr\/wp-json\/wp\/v2\/product_oblik?post=29301"},{"taxonomy":"product_cat","embeddable":true,"href":"https:\/\/modrastijena.com\/hr\/wp-json\/wp\/v2\/product_cat?post=29301"},{"taxonomy":"product_tag","embeddable":true,"href":"https:\/\/modrastijena.com\/hr\/wp-json\/wp\/v2\/product_tag?post=29301"}],"curies":[{"name":"wp","href":"https:\/\/api.w.org\/{rel}","templated":true}]}}