{"id":29296,"date":"2025-10-15T13:28:45","date_gmt":"2025-10-15T13:28:45","guid":{"rendered":"https:\/\/modrastijena.com\/hr\/proizvod\/ceresit-cr-100-cementna-hidroizolacijska-smjesa\/"},"modified":"2025-10-15T13:28:45","modified_gmt":"2025-10-15T13:28:45","slug":"ceresit-cr-100-cementna-hidroizolacijska-smjesa","status":"publish","type":"product","link":"https:\/\/modrastijena.com\/hr\/proizvod\/ceresit-cr-100-cementna-hidroizolacijska-smjesa\/","title":{"rendered":"Ceresit CR 100 cementna hidroizolacijska smjesa"},"content":{"rendered":"<div id=\"text-318d710bf4\" class=\"heliux-text__wrapper limited-container apply-margins  customizations__text \" data-components=\"CopyToClipboard\" data-components-params-copytoclipboard=\"{\n            &quot;hoverMessage&quot;: &quot;&quot;,\n            &quot;clickMessage&quot;: &quot;&quot;\n        }\" data-components-params-limittext=\"{\n            &quot;useModal&quot;: false, \n            &quot;XFContentPath&quot;: &quot;&quot;\n        }\"><\/p>\n<p>Djelomi\u010dno elasti\u010dan dvokomponentni hidroizolacijski i za\u0161titni sloj. Vodopropusna je, paropropusna, nudi mogu\u0107nost punjenja pukotina.<\/p>\n<\/div>\n<div class=\"linklist__wrapper linklist__wrapper--base linklist1753174757867 accordion__collapsable \" data-components=\"LinkList\" data-components-params-accordion=\"{&quot;isCollapsable&quot;: &quot;true&quot;, &quot;matchMedia&quot;: &quot;all&quot;}\">\n<div class=\"linklist__item-content\">\n<div class=\"linklist__item-main\">\n<ul>\n<li class=\"linklist__item-icon linklist\">Vodootporna, paropropusna<\/li>\n<li class=\"linklist__item-icon linklist\">Djelomi\u010dno elasti\u010dna<\/li>\n<li class=\"linklist__item-icon linklist\">Za izgla\u0111ivanje, ja\u010danje i za\u0161titu povr\u0161ine<\/li>\n<\/ul>\n<p>Hidroizolacija<br \/>\nCR 100 se koristi na horizontalnim i vertikalnim povr\u0161inama zgrada, strukturnim komponentama i spremnicima<br \/>\n&#8211; Za vodonepropusnost protiv vodenog tlaka<br \/>\n&#8211; Za vodonepropusnost unutarnjih monolitnih spremnika za vodu kao i za spremnike pitke vode i bazene s dubinom vode \u2264 7,5 m<br \/>\n&#8211; Za vodonepropusnost na negativnoj strani CR 100 mo\u017ee se koristiti na cementnim povr\u0161inama koje su spremne za nano\u0161enje premaza, ne skupljaju se, nisu deformirane i bez soli kao npr.<br \/>\n&#8211; Puna opeka \u010dije su plohe i spojevi u ravnini<br \/>\n&#8211; Beton, cementna \u017ebuka i kompozitni estrih<br \/>\nProizvod mo\u017eete koristiti kao zavr\u0161ni sloj na povr\u0161inama bez mehani\u010dkog utjecaja. U slu\u010daju mogu\u0107eg mehani\u010dkog optere\u0107enja poput hodanja, za\u0161titite CR 100. U vla\u017enom podrumu preporu\u010damo kori\u0161tenje Ceresit CR 65. U slu\u010daju horizontalne vodonepropusnosti, ispod<br \/>\nstropova i kod temelja preporu\u010damo kori\u0161tenje mre\u017eice od staklenih vlakana (te\u017eine: 60g\/m\u00b2 izme\u0111u slojeva. Kako biste trenutno zaustavili curenje vode, mo\u017eete koristiti CX 1 ili CX 5.<\/p>\n<p>Pakiranje:<\/p>\n<p>Komponenta A &#8211; 20 kg papirnata vre\u0107a<br \/>\nKomponenta B \u2013 5 l plasti\u010dna kanta<\/p>\n<p>&nbsp;<\/p>\n<\/div>\n<\/div>\n<div class=\"linklist__item-content\">\n<div class=\"linklist__item-main\"><\/div>\n<\/div>\n<div class=\"linklist__item-content\">\n<div><\/div>\n<\/div>\n<\/div>\n","protected":false},"excerpt":{"rendered":"<p>Djelomi\u010dno elasti\u010dan dvokomponentni hidroizolacijski i za\u0161titni sloj. Vodopropusna je, paropropusna, nudi mogu\u0107nost punjenja pukotina. Vodootporna, paropropusna Djelomi\u010dno elasti\u010dna Za izgla\u0111ivanje, ja\u010danje i za\u0161titu povr\u0161ine Hidroizolacija CR 100 se koristi na horizontalnim i vertikalnim povr\u0161inama zgrada, strukturnim komponentama i spremnicima &#8211; Za vodonepropusnost protiv vodenog tlaka &#8211; Za vodonepropusnost unutarnjih monolitnih spremnika za vodu kao i [&hellip;]<\/p>\n","protected":false},"featured_media":100000028389,"template":"","meta":{"_acf_changed":false},"product_brand":[726],"product_oblik":[],"product_cat":[83],"product_tag":[862,86],"class_list":{"0":"post-29296","1":"product","2":"type-product","3":"status-publish","4":"has-post-thumbnail","6":"product_brand-ceresit","7":"product_cat-materijali-za-pripremu","8":"product_tag-ceresit","9":"product_tag-hidroizolacija","11":"first","12":"instock","13":"shipping-taxable","14":"purchasable","15":"product-type-simple"},"acf":[],"_links":{"self":[{"href":"https:\/\/modrastijena.com\/hr\/wp-json\/wp\/v2\/product\/29296","targetHints":{"allow":["GET"]}}],"collection":[{"href":"https:\/\/modrastijena.com\/hr\/wp-json\/wp\/v2\/product"}],"about":[{"href":"https:\/\/modrastijena.com\/hr\/wp-json\/wp\/v2\/types\/product"}],"wp:featuredmedia":[{"embeddable":true,"href":"https:\/\/modrastijena.com\/hr\/wp-json\/"}],"wp:attachment":[{"href":"https:\/\/modrastijena.com\/hr\/wp-json\/wp\/v2\/media?parent=29296"}],"wp:term":[{"taxonomy":"product_brand","embeddable":true,"href":"https:\/\/modrastijena.com\/hr\/wp-json\/wp\/v2\/product_brand?post=29296"},{"taxonomy":"product_oblik","embeddable":true,"href":"https:\/\/modrastijena.com\/hr\/wp-json\/wp\/v2\/product_oblik?post=29296"},{"taxonomy":"product_cat","embeddable":true,"href":"https:\/\/modrastijena.com\/hr\/wp-json\/wp\/v2\/product_cat?post=29296"},{"taxonomy":"product_tag","embeddable":true,"href":"https:\/\/modrastijena.com\/hr\/wp-json\/wp\/v2\/product_tag?post=29296"}],"curies":[{"name":"wp","href":"https:\/\/api.w.org\/{rel}","templated":true}]}}