{"id":29295,"date":"2025-10-15T08:49:07","date_gmt":"2025-10-15T08:49:07","guid":{"rendered":"https:\/\/modrastijena.com\/hr\/proizvod\/ceresit-cl-152-zastitna-traka-za-hidroizolaciju\/"},"modified":"2025-10-15T11:19:46","modified_gmt":"2025-10-15T11:19:46","slug":"ceresit-cl-152-zastitna-traka-za-hidroizolaciju","status":"publish","type":"product","link":"https:\/\/modrastijena.com\/hr\/proizvod\/ceresit-cl-152-zastitna-traka-za-hidroizolaciju\/","title":{"rendered":"Ceresit CL 152 &#8211; za\u0161titna traka za hidroizolaciju"},"content":{"rendered":"<p class=\"heading2 apply-margins apply-font-style title__heading insideTemplate\">Za\u0161titna traka\u00a0za hidroizolaciju ispod kerami\u010dkih plo\u010dica<\/p>\n<div id=\"text-aa47636844\" class=\"heliux-text__wrapper limited-container apply-margins customizations__text \" data-components=\"CopyToClipboard\" data-components-params-copytoclipboard=\"{ &quot;hoverMessage&quot;: &quot;&quot;, &quot;clickMessage&quot;: &quot;&quot; }\" data-components-params-limittext=\"{ &quot;useModal&quot;: false, &quot;XFContentPath&quot;: &quot;&quot; }\">\n<p>Za\u0161titna traka za hidroizolaciju koja se koristi za hidroizolaciju spojeva, otvora na cijevi i uglova, prije polaganja kerami\u010dkih plo\u010dica. Mo\u017ee se koristiti u unutra\u0161njim i vanjskim prostorima, na podovima i zidovima.<\/p>\n<ul>\n<li>Vodootporna brtvena traka<\/li>\n<li>Fleksibilno i trajno brtvljenje<\/li>\n<li>Za brtvljenje rubova i uglova<\/li>\n<\/ul>\n<p>Nanositi u suhim uvjetima pri temperaturi od +5\u00b0C do +25\u00b0C.<\/p>\n<p>Pakiranje rola od 50 m, prodaje se po metru du\u017enom.<\/p>\n<p>Cijena: 3,50 KM\/m.<\/p>\n<\/div>\n<div class=\"linklist__wrapper linklist__wrapper--base linklist1753174757867 accordion__collapsable \" data-components=\"LinkList\" data-components-params-accordion=\"{&quot;isCollapsable&quot;: &quot;true&quot;, &quot;matchMedia&quot;: &quot;all&quot;}\"><\/div>\n","protected":false},"excerpt":{"rendered":"<p>Za\u0161titna traka\u00a0za hidroizolaciju ispod kerami\u010dkih plo\u010dica Za\u0161titna traka za hidroizolaciju koja se koristi za hidroizolaciju spojeva, otvora na cijevi i uglova, prije polaganja kerami\u010dkih plo\u010dica. Mo\u017ee se koristiti u unutra\u0161njim i vanjskim prostorima, na podovima i zidovima. Vodootporna brtvena traka Fleksibilno i trajno brtvljenje Za brtvljenje rubova i uglova Nanositi u suhim uvjetima pri temperaturi [&hellip;]<\/p>\n","protected":false},"featured_media":100000028385,"template":"","meta":{"_acf_changed":false},"product_brand":[726],"product_oblik":[],"product_cat":[83],"product_tag":[86,860,861],"class_list":{"0":"post-29295","1":"product","2":"type-product","3":"status-publish","4":"has-post-thumbnail","6":"product_brand-ceresit","7":"product_cat-materijali-za-pripremu","8":"product_tag-hidroizolacija","9":"product_tag-traka","10":"product_tag-zastitna-traka","12":"first","13":"instock","14":"shipping-taxable","15":"purchasable","16":"product-type-simple"},"acf":[],"_links":{"self":[{"href":"https:\/\/modrastijena.com\/hr\/wp-json\/wp\/v2\/product\/29295","targetHints":{"allow":["GET"]}}],"collection":[{"href":"https:\/\/modrastijena.com\/hr\/wp-json\/wp\/v2\/product"}],"about":[{"href":"https:\/\/modrastijena.com\/hr\/wp-json\/wp\/v2\/types\/product"}],"wp:featuredmedia":[{"embeddable":true,"href":"https:\/\/modrastijena.com\/hr\/wp-json\/"}],"wp:attachment":[{"href":"https:\/\/modrastijena.com\/hr\/wp-json\/wp\/v2\/media?parent=29295"}],"wp:term":[{"taxonomy":"product_brand","embeddable":true,"href":"https:\/\/modrastijena.com\/hr\/wp-json\/wp\/v2\/product_brand?post=29295"},{"taxonomy":"product_oblik","embeddable":true,"href":"https:\/\/modrastijena.com\/hr\/wp-json\/wp\/v2\/product_oblik?post=29295"},{"taxonomy":"product_cat","embeddable":true,"href":"https:\/\/modrastijena.com\/hr\/wp-json\/wp\/v2\/product_cat?post=29295"},{"taxonomy":"product_tag","embeddable":true,"href":"https:\/\/modrastijena.com\/hr\/wp-json\/wp\/v2\/product_tag?post=29295"}],"curies":[{"name":"wp","href":"https:\/\/api.w.org\/{rel}","templated":true}]}}