{"id":29290,"date":"2024-10-06T13:46:02","date_gmt":"2024-10-06T13:46:02","guid":{"rendered":"https:\/\/modrastijena.com\/hr\/proizvod\/zalzala\/"},"modified":"2025-10-29T08:28:52","modified_gmt":"2025-10-29T08:28:52","slug":"zalzala","status":"publish","type":"product","link":"https:\/\/modrastijena.com\/hr\/proizvod\/zalzala\/","title":{"rendered":"Zalzala"},"content":{"rendered":"<p>Debljina d=2cm<br \/>\nZalzala granit je crno-sivi prirodni kamen indijskog podrijetla, karakteriziran prepoznatljivim valovitim bijelim i sivim uzorcima koji podsje\u0107aju na valove. Ovaj otporni granit koristi se za razne unutarnje i vanjske primjene, uklju\u010duju\u0107i radne plo\u010de, terase i oblaganje kamina.<\/p>\n","protected":false},"excerpt":{"rendered":"<p>Debljina d=2cm Zalzala granit je crno-sivi prirodni kamen indijskog podrijetla, karakteriziran prepoznatljivim valovitim bijelim i sivim uzorcima koji podsje\u0107aju na valove. Ovaj otporni granit koristi se za razne unutarnje i vanjske primjene, uklju\u010duju\u0107i radne plo\u010de, terase i oblaganje kamina.<\/p>\n","protected":false},"featured_media":100000028363,"template":"","meta":{"_acf_changed":false},"product_brand":[],"product_oblik":[],"product_cat":[22,23],"product_tag":[],"class_list":{"0":"post-29290","1":"product","2":"type-product","3":"status-publish","4":"has-post-thumbnail","6":"product_cat-kamen","7":"product_cat-graniti","9":"first","10":"instock","11":"shipping-taxable","12":"product-type-simple"},"acf":[],"_links":{"self":[{"href":"https:\/\/modrastijena.com\/hr\/wp-json\/wp\/v2\/product\/29290","targetHints":{"allow":["GET"]}}],"collection":[{"href":"https:\/\/modrastijena.com\/hr\/wp-json\/wp\/v2\/product"}],"about":[{"href":"https:\/\/modrastijena.com\/hr\/wp-json\/wp\/v2\/types\/product"}],"wp:featuredmedia":[{"embeddable":true,"href":"https:\/\/modrastijena.com\/hr\/wp-json\/"}],"wp:attachment":[{"href":"https:\/\/modrastijena.com\/hr\/wp-json\/wp\/v2\/media?parent=29290"}],"wp:term":[{"taxonomy":"product_brand","embeddable":true,"href":"https:\/\/modrastijena.com\/hr\/wp-json\/wp\/v2\/product_brand?post=29290"},{"taxonomy":"product_oblik","embeddable":true,"href":"https:\/\/modrastijena.com\/hr\/wp-json\/wp\/v2\/product_oblik?post=29290"},{"taxonomy":"product_cat","embeddable":true,"href":"https:\/\/modrastijena.com\/hr\/wp-json\/wp\/v2\/product_cat?post=29290"},{"taxonomy":"product_tag","embeddable":true,"href":"https:\/\/modrastijena.com\/hr\/wp-json\/wp\/v2\/product_tag?post=29290"}],"curies":[{"name":"wp","href":"https:\/\/api.w.org\/{rel}","templated":true}]}}