{"id":29274,"date":"2025-08-29T09:26:06","date_gmt":"2025-08-29T09:26:06","guid":{"rendered":"https:\/\/modrastijena.com\/hr\/proizvod\/ultracare-kerapoxy-cleaner-spray-075-l\/"},"modified":"2025-08-29T09:26:06","modified_gmt":"2025-08-29T09:26:06","slug":"ultracare-kerapoxy-cleaner-spray-075-l","status":"publish","type":"product","link":"https:\/\/modrastijena.com\/hr\/proizvod\/ultracare-kerapoxy-cleaner-spray-075-l\/","title":{"rendered":"Ultracare Kerapoxy Cleaner Spray 0,75 L"},"content":{"rendered":"<p class=\"product-content__subtitle description-adv text-brand text-weight-700 margin-bottom-md h2-detail-product\">Proizvod pripremljen za upotrebu koji s lako\u0107om uklanja ostatke epoksidnih masa nakon fugiranja.<\/p>\n<section class=\"product-content__description description-generic margin-bottom-md\">Specijalno sredstvo za \u010di\u0161\u0107enje ostataka epoksidnih masa za fugiranje<\/p>\n<\/section>\n<section class=\"product-content__advantages description-vantaggi margin-bottom-md\">\n<div class=\"product-content__advantages-wrapper\">\n<p>PREDNOSTI:<\/p>\n<ul>\n<li>Jednostavna i brza primjena<\/li>\n<li>Pripremljen za upotrebu, u boci s raspr\u0161iva\u010dem<\/li>\n<li>Vrijeme \u010dekanja prije \u010di\u0161\u0107enja (15 &#8211; 20 minuta)<\/li>\n<li>Visoko u\u010dinkovit proizvod<\/li>\n<li>Idealan za \u010di\u0161\u0107enje na mjestu polaganja plo\u010dica<\/li>\n<li>Pogodan za porculanske i kerami\u010dke plo\u010dice te stakleni mozaik<\/li>\n<\/ul>\n<\/div>\n<\/section>\n","protected":false},"excerpt":{"rendered":"<p>Proizvod pripremljen za upotrebu koji s lako\u0107om uklanja ostatke epoksidnih masa nakon fugiranja. Specijalno sredstvo za \u010di\u0161\u0107enje ostataka epoksidnih masa za fugiranje PREDNOSTI: Jednostavna i brza primjena Pripremljen za upotrebu, u boci s raspr\u0161iva\u010dem Vrijeme \u010dekanja prije \u010di\u0161\u0107enja (15 &#8211; 20 minuta) Visoko u\u010dinkovit proizvod Idealan za \u010di\u0161\u0107enje na mjestu polaganja plo\u010dica Pogodan za porculanske [&hellip;]<\/p>\n","protected":false},"featured_media":100000028307,"template":"","meta":{"_acf_changed":false},"product_brand":[727],"product_oblik":[],"product_cat":[88],"product_tag":[],"class_list":{"0":"post-29274","1":"product","2":"type-product","3":"status-publish","4":"has-post-thumbnail","6":"product_brand-mapei","7":"product_cat-sredstva-za-odrzavanje","9":"first","10":"instock","11":"shipping-taxable","12":"purchasable","13":"product-type-simple"},"acf":[],"_links":{"self":[{"href":"https:\/\/modrastijena.com\/hr\/wp-json\/wp\/v2\/product\/29274","targetHints":{"allow":["GET"]}}],"collection":[{"href":"https:\/\/modrastijena.com\/hr\/wp-json\/wp\/v2\/product"}],"about":[{"href":"https:\/\/modrastijena.com\/hr\/wp-json\/wp\/v2\/types\/product"}],"wp:featuredmedia":[{"embeddable":true,"href":"https:\/\/modrastijena.com\/hr\/wp-json\/"}],"wp:attachment":[{"href":"https:\/\/modrastijena.com\/hr\/wp-json\/wp\/v2\/media?parent=29274"}],"wp:term":[{"taxonomy":"product_brand","embeddable":true,"href":"https:\/\/modrastijena.com\/hr\/wp-json\/wp\/v2\/product_brand?post=29274"},{"taxonomy":"product_oblik","embeddable":true,"href":"https:\/\/modrastijena.com\/hr\/wp-json\/wp\/v2\/product_oblik?post=29274"},{"taxonomy":"product_cat","embeddable":true,"href":"https:\/\/modrastijena.com\/hr\/wp-json\/wp\/v2\/product_cat?post=29274"},{"taxonomy":"product_tag","embeddable":true,"href":"https:\/\/modrastijena.com\/hr\/wp-json\/wp\/v2\/product_tag?post=29274"}],"curies":[{"name":"wp","href":"https:\/\/api.w.org\/{rel}","templated":true}]}}