{"id":29273,"date":"2025-08-29T09:19:21","date_gmt":"2025-08-29T09:19:21","guid":{"rendered":"https:\/\/modrastijena.com\/hr\/proizvod\/isolastic-5-kg\/"},"modified":"2025-08-29T09:22:56","modified_gmt":"2025-08-29T09:22:56","slug":"isolastic-5-kg","status":"publish","type":"product","link":"https:\/\/modrastijena.com\/hr\/proizvod\/isolastic-5-kg\/","title":{"rendered":"Isolastic 5 kg"},"content":{"rendered":"<p>Polimerni dodatak za pobolj\u0161anje prianjanja i fleksibilnosti ljepila na cementnoj osnovi Kerabond (za nanose debljine do 5 mm), Kerafloor (za nanose debljine do 15 mm) i Adesilex P10 Podru\u010dje primjene: Koristi se kao dodatak za pobolj\u0161anje prianjanja te za visoko fleksibilno lijepljenje svih formata i vrsta mozaika, kerami\u010dkih plo\u010dica, porculaniziranoga gresa, oplo\u010dnika, te na vlazi dimenzijski stabilnih proizvoda od kamena na vanjske i unutarnje podne, zidne i stropne povr\u0161ine uobi\u010dajenih podloga, kao \u0161to su:<br \/>\n\u2022 podloge s podnim grijanjem;<br \/>\n\u2022 vanjske povr\u0161ine fasada, balkona, terasa, bazena;<br \/>\n\u2022 beton i prefabricirani betonski elementi, stariji od 3 mjeseca;<br \/>\n\u2022 postoje\u0107e s podlogom \u010dvrsto vezane obloge od plo\u010dica, kamena i teraca;<br \/>\n\u2022 asfaltne podloge (ako su stabilne i dobro oksidirane);<br \/>\n\u2022 fleksibilne podloge, kao \u0161to su gips i vlaknasto-cementne plo\u010de te armirano-betonske konstrukcije, pod uvjetom da su sazrele, \u010dvrste, suhe i \u010diste.<br \/>\nOblaganje povr\u0161ina na osnovi gipsa mogu\u0107e je nakon prethodne pripreme povr\u0161ine nano\u0161enjem Primer-a G, Mapeprim-a SP ili Primer-a S.<br \/>\nZa postizanje maksimalne fleksibilnosti primijenite nerazrije\u0111en Isolastic.<br \/>\nFUGIRANJE: na zidovima nakon 4-8 sati, ovisno o upojnosti podloge; na podovima nakon 24-36 sati. POTRO\u0160NJA: 0,6 \u2013 1,5 kg\/m2. AMBALA\u017dA: posude od 25, 10, 5 i 1 kg.<\/p>\n","protected":false},"excerpt":{"rendered":"<p>Polimerni dodatak za pobolj\u0161anje prianjanja i fleksibilnosti ljepila na cementnoj osnovi Kerabond (za nanose debljine do 5 mm), Kerafloor (za nanose debljine do 15 mm) i Adesilex P10 Podru\u010dje primjene: Koristi se kao dodatak za pobolj\u0161anje prianjanja te za visoko fleksibilno lijepljenje svih formata i vrsta mozaika, kerami\u010dkih plo\u010dica, porculaniziranoga gresa, oplo\u010dnika, te na vlazi [&hellip;]<\/p>\n","protected":false},"featured_media":100000028305,"template":"","meta":{"_acf_changed":false},"product_brand":[727],"product_oblik":[],"product_cat":[83],"product_tag":[],"class_list":{"0":"post-29273","1":"product","2":"type-product","3":"status-publish","4":"has-post-thumbnail","6":"product_brand-mapei","7":"product_cat-materijali-za-pripremu","9":"first","10":"instock","11":"shipping-taxable","12":"purchasable","13":"product-type-simple"},"acf":[],"_links":{"self":[{"href":"https:\/\/modrastijena.com\/hr\/wp-json\/wp\/v2\/product\/29273","targetHints":{"allow":["GET"]}}],"collection":[{"href":"https:\/\/modrastijena.com\/hr\/wp-json\/wp\/v2\/product"}],"about":[{"href":"https:\/\/modrastijena.com\/hr\/wp-json\/wp\/v2\/types\/product"}],"wp:featuredmedia":[{"embeddable":true,"href":"https:\/\/modrastijena.com\/hr\/wp-json\/"}],"wp:attachment":[{"href":"https:\/\/modrastijena.com\/hr\/wp-json\/wp\/v2\/media?parent=29273"}],"wp:term":[{"taxonomy":"product_brand","embeddable":true,"href":"https:\/\/modrastijena.com\/hr\/wp-json\/wp\/v2\/product_brand?post=29273"},{"taxonomy":"product_oblik","embeddable":true,"href":"https:\/\/modrastijena.com\/hr\/wp-json\/wp\/v2\/product_oblik?post=29273"},{"taxonomy":"product_cat","embeddable":true,"href":"https:\/\/modrastijena.com\/hr\/wp-json\/wp\/v2\/product_cat?post=29273"},{"taxonomy":"product_tag","embeddable":true,"href":"https:\/\/modrastijena.com\/hr\/wp-json\/wp\/v2\/product_tag?post=29273"}],"curies":[{"name":"wp","href":"https:\/\/api.w.org\/{rel}","templated":true}]}}