{"id":29262,"date":"2025-08-29T07:35:59","date_gmt":"2025-08-29T07:35:59","guid":{"rendered":"https:\/\/modrastijena.com\/hr\/proizvod\/fuga-vanjska-ultracolor-plus-2kg-mapei\/"},"modified":"2026-01-04T15:33:13","modified_gmt":"2026-01-04T15:33:13","slug":"fuga-vanjska-ultracolor-plus-2kg-mapei","status":"publish","type":"product","link":"https:\/\/modrastijena.com\/hr\/proizvod\/fuga-vanjska-ultracolor-plus-2kg-mapei\/","title":{"rendered":"Fuga vanjska Ultracolor Plus 2kg (Mapei)"},"content":{"rendered":"<p class=\"product-content__subtitle description-adv text-brand text-weight-700 margin-bottom-md h2-detail-product\">Fuge koje odolijevaju vremenu, s NULA utjecaja* na klimatske promjene. Nove boje za svaki prostor.<\/p>\n<section class=\"product-content__description description-generic margin-bottom-md\">Visokokvalitetna, brzovezuju\u0107a i brzosu\u0161e\u0107a cementna masa za fugiranje, pobolj\u0161ana polimerima, izra\u0111ena DropEffect<sup>\u00ae<\/sup>\u00a0tehnologijom za vodoodbojnost i BioBlock<sup>\u00ae<\/sup>\u00a0tehnologijom za sprje\u010davanje pojave plijesni, za fuge \u0161irine do 20 mm. Vrlo niske emisije hlapljivih organskih spojeva i kompenzirane emisije stakleni\u010dkih plinova<\/p>\n<\/section>\n<section class=\"product-content__advantages description-vantaggi margin-bottom-md\">\n<div class=\"product-content__advantages-wrapper\">\n<p>PREDNOSTI:<\/p>\n<ul>\n<li>Otpornost na plijesni (BioBlock\u00ae tehnologija)<\/li>\n<li>Fugirane povr\u0161ine su brzo spremne za upotrebu<\/li>\n<li>Vodoodbojnost i jednostavno \u010di\u0161\u0107enje (DropEffect\u00ae tehnologija)<\/li>\n<li>Ne iscvjetava i osigurava jednoliku boju<\/li>\n<li>\u0160irok raspon boja<\/li>\n<li>Certificirana za upotrebu u brodogra\u0111evnoj industriji<\/li>\n<li>Vrlo niske emisije hlapljivih organskih spojeva (VOC)<\/li>\n<li>Preostale emisije stakleni\u010dkih plinova kompenziraju se stjecanjem certificiranih ekolo\u0161kih kredita<\/li>\n<\/ul>\n<\/div>\n<\/section>\n","protected":false},"excerpt":{"rendered":"<p>Fuge koje odolijevaju vremenu, s NULA utjecaja* na klimatske promjene. Nove boje za svaki prostor. Visokokvalitetna, brzovezuju\u0107a i brzosu\u0161e\u0107a cementna masa za fugiranje, pobolj\u0161ana polimerima, izra\u0111ena DropEffect\u00ae\u00a0tehnologijom za vodoodbojnost i BioBlock\u00ae\u00a0tehnologijom za sprje\u010davanje pojave plijesni, za fuge \u0161irine do 20 mm. Vrlo niske emisije hlapljivih organskih spojeva i kompenzirane emisije stakleni\u010dkih plinova PREDNOSTI: Otpornost na [&hellip;]<\/p>\n","protected":false},"featured_media":100000028293,"template":"","meta":{"_acf_changed":false},"product_brand":[727],"product_oblik":[],"product_cat":[63],"product_tag":[],"class_list":{"0":"post-29262","1":"product","2":"type-product","3":"status-publish","4":"has-post-thumbnail","6":"product_brand-mapei","7":"product_cat-materijali-za-polaganje","9":"first","10":"instock","11":"shipping-taxable","12":"purchasable","13":"product-type-variable","14":"wvs-archive-product-wrapper"},"acf":[],"_links":{"self":[{"href":"https:\/\/modrastijena.com\/hr\/wp-json\/wp\/v2\/product\/29262","targetHints":{"allow":["GET"]}}],"collection":[{"href":"https:\/\/modrastijena.com\/hr\/wp-json\/wp\/v2\/product"}],"about":[{"href":"https:\/\/modrastijena.com\/hr\/wp-json\/wp\/v2\/types\/product"}],"wp:featuredmedia":[{"embeddable":true,"href":"https:\/\/modrastijena.com\/hr\/wp-json\/"}],"wp:attachment":[{"href":"https:\/\/modrastijena.com\/hr\/wp-json\/wp\/v2\/media?parent=29262"}],"wp:term":[{"taxonomy":"product_brand","embeddable":true,"href":"https:\/\/modrastijena.com\/hr\/wp-json\/wp\/v2\/product_brand?post=29262"},{"taxonomy":"product_oblik","embeddable":true,"href":"https:\/\/modrastijena.com\/hr\/wp-json\/wp\/v2\/product_oblik?post=29262"},{"taxonomy":"product_cat","embeddable":true,"href":"https:\/\/modrastijena.com\/hr\/wp-json\/wp\/v2\/product_cat?post=29262"},{"taxonomy":"product_tag","embeddable":true,"href":"https:\/\/modrastijena.com\/hr\/wp-json\/wp\/v2\/product_tag?post=29262"}],"curies":[{"name":"wp","href":"https:\/\/api.w.org\/{rel}","templated":true}]}}