{"id":29252,"date":"2025-08-27T07:37:13","date_gmt":"2025-08-27T07:37:13","guid":{"rendered":"https:\/\/modrastijena.com\/hr\/proizvod\/mapelastic-turbo-part-a-part-b\/"},"modified":"2025-08-27T07:37:13","modified_gmt":"2025-08-27T07:37:13","slug":"mapelastic-turbo-part-a-part-b","status":"publish","type":"product","link":"https:\/\/modrastijena.com\/hr\/proizvod\/mapelastic-turbo-part-a-part-b\/","title":{"rendered":"Mapelastic Turbo Part A &amp; Part B"},"content":{"rendered":"<h5 class=\"product-content__subtitle description-adv text-brand text-weight-700 margin-bottom-md h2-detail-product\">Dvokomponentni brzosu\u0161e\u0107i cementni mort za hidroizolaciju terasa i balkona, uklju\u010duju\u0107i i primjenu pri niskim temperaturama i na podlogama koje nisu potpuno suhe<\/h5>\n<section class=\"product-content__description description-generic margin-bottom-md\">Dvokomponentni,\u00a0brzosu\u0161e\u0107i elasti\u010dni\u00a0cementni mort za\u00a0hidroizolaciju terasa i balkona, uklju\u010duju\u0107i i primjenu\u00a0pri\u00a0niskim temperaturama\u00a0i na\u00a0podlogama koje nisu potpuno suhe.<\/p>\n<p>Mo\u017ee se primjenjivati na\u00a0cemetnim estrisima\u00a0i preko postoje\u0107ih podnih obloga prije polaganja novih obloga, stvaraju\u0107i hidroizolacijski sloj male debljine (2 mm).<\/p>\n<p>MAPELASTIC TURBO ZERO je pogodan za oblaganje kerami\u010dkim plo\u010dicama nakon pribli\u017eno\u00a04 sata\u00a0od nano\u0161enja prvog sloja u normalnim vremenskim uvjetima te unutar 24 sata pri temperaturama do +5\u00b0C.<\/p>\n<\/section>\n<section class=\"product-content__advantages description-vantaggi margin-bottom-md\">\n<div class=\"product-content__advantages-wrapper\">\n<ul>\n<li>Izvrsna obradivost<\/li>\n<li>Za nove i postoje\u0107e podloge<\/li>\n<li>Brzosu\u0161e\u0107i u svim vremenskim uvjetima<\/li>\n<li>Pogodan za cementne podloge koje nisu potpuno suhe ali su dovoljno sazrele<\/li>\n<li>Mala debljina (2 mm)<\/li>\n<li>Obloge se mogu polagati direktno na hidroizolaciju (npr. vanjski uzdignuti podovi)<\/li>\n<li>Hidroizolacija za balkone, terase<\/li>\n<li>Pogodan za oblaganje kerami\u010dkim plo\u010dicama nakon pribli\u017eno 4 sata od nano\u0161enja prvog sloja u normalnim vremenskim uvjetima te unutar 24 sata pri temperaturama do +5\u00b0C<\/li>\n<li>Otporan na ki\u0161u nakon samo nekoliko sati i pri niskim temperaturama i visokoj vla\u017enosti zraka<\/li>\n<li>CE oznaka proizvoda sukladno normi EN 14891 i EN 1504-2<\/li>\n<li>Otporan na UV zrake<\/li>\n<li>Proizvod je certificirao GEV Institut (Gemeinschaft Emissions-kontrollierte Verlegewerkstoffe, e.V.) kao EC1 Plus, proizvod vrlo niske emisije hlapljivih organskih spojeva<\/li>\n<\/ul>\n<p>Pakiranje: Part A -10 kg, Part B &#8211; 8 kg<\/p>\n<\/div>\n<\/section>\n","protected":false},"excerpt":{"rendered":"<p>Dvokomponentni brzosu\u0161e\u0107i cementni mort za hidroizolaciju terasa i balkona, uklju\u010duju\u0107i i primjenu pri niskim temperaturama i na podlogama koje nisu potpuno suhe Dvokomponentni,\u00a0brzosu\u0161e\u0107i elasti\u010dni\u00a0cementni mort za\u00a0hidroizolaciju terasa i balkona, uklju\u010duju\u0107i i primjenu\u00a0pri\u00a0niskim temperaturama\u00a0i na\u00a0podlogama koje nisu potpuno suhe. Mo\u017ee se primjenjivati na\u00a0cemetnim estrisima\u00a0i preko postoje\u0107ih podnih obloga prije polaganja novih obloga, stvaraju\u0107i hidroizolacijski sloj male [&hellip;]<\/p>\n","protected":false},"featured_media":100000028271,"template":"","meta":{"_acf_changed":false},"product_brand":[727],"product_oblik":[],"product_cat":[83],"product_tag":[],"class_list":{"0":"post-29252","1":"product","2":"type-product","3":"status-publish","4":"has-post-thumbnail","6":"product_brand-mapei","7":"product_cat-materijali-za-pripremu","9":"first","10":"instock","11":"shipping-taxable","12":"purchasable","13":"product-type-simple"},"acf":[],"_links":{"self":[{"href":"https:\/\/modrastijena.com\/hr\/wp-json\/wp\/v2\/product\/29252","targetHints":{"allow":["GET"]}}],"collection":[{"href":"https:\/\/modrastijena.com\/hr\/wp-json\/wp\/v2\/product"}],"about":[{"href":"https:\/\/modrastijena.com\/hr\/wp-json\/wp\/v2\/types\/product"}],"wp:featuredmedia":[{"embeddable":true,"href":"https:\/\/modrastijena.com\/hr\/wp-json\/"}],"wp:attachment":[{"href":"https:\/\/modrastijena.com\/hr\/wp-json\/wp\/v2\/media?parent=29252"}],"wp:term":[{"taxonomy":"product_brand","embeddable":true,"href":"https:\/\/modrastijena.com\/hr\/wp-json\/wp\/v2\/product_brand?post=29252"},{"taxonomy":"product_oblik","embeddable":true,"href":"https:\/\/modrastijena.com\/hr\/wp-json\/wp\/v2\/product_oblik?post=29252"},{"taxonomy":"product_cat","embeddable":true,"href":"https:\/\/modrastijena.com\/hr\/wp-json\/wp\/v2\/product_cat?post=29252"},{"taxonomy":"product_tag","embeddable":true,"href":"https:\/\/modrastijena.com\/hr\/wp-json\/wp\/v2\/product_tag?post=29252"}],"curies":[{"name":"wp","href":"https:\/\/api.w.org\/{rel}","templated":true}]}}