{"id":29247,"date":"2025-08-26T13:44:12","date_gmt":"2025-08-26T13:44:12","guid":{"rendered":"https:\/\/modrastijena.com\/hr\/proizvod\/mapefer-2-kg\/"},"modified":"2025-08-26T13:48:51","modified_gmt":"2025-08-26T13:48:51","slug":"mapefer-2-kg","status":"publish","type":"product","link":"https:\/\/modrastijena.com\/hr\/proizvod\/mapefer-2-kg\/","title":{"rendered":"Mapefer 2 kg"},"content":{"rendered":"<p>Dvokomponentni antikorozivni cementni mort za armaturne \u0161ipke.<\/p>\n<p>TEHNI\u010cKI PODACI:<br \/>\nMaksimalna veli\u010dina agregata: 0,5 mm.<br \/>\nOmjer mije\u0161anja: komp. A : komp. B = 3 : 1.<br \/>\nVrijeme primjene mje\u0161avine: pribli\u017eno 1 sat (pri +20\u00b0C).<br \/>\nMinimalna debljina nano\u0161enja: 2 mm.<br \/>\n\u010cekanje izme\u0111u svakog pojedinog sloja: pribli\u017eno 2 sata.<br \/>\n\u010cekanje prije nano\u0161enja morta: 6 &#8211; 24 sata.<br \/>\nKlasifikacija: EN 1504-7.<br \/>\nSkladi\u0161tenje: 12 mjeseci.<br \/>\nPrimjena: \u010detkom, u dva sloja.<br \/>\nPotro\u0161nja: 120 g\/m za \u0161ipku promjera 8 mm (kada se nanosi sloj debljine 2 mm).<br \/>\nPakiranje: kompleti od 2 kg:<br \/>\n\u2013 posuda od 1,5 kg (komp. A);<br \/>\n\u2013 boca od 0,5 kg (komp. B).<\/p>\n","protected":false},"excerpt":{"rendered":"<p>Dvokomponentni antikorozivni cementni mort za armaturne \u0161ipke. TEHNI\u010cKI PODACI: Maksimalna veli\u010dina agregata: 0,5 mm. Omjer mije\u0161anja: komp. A : komp. B = 3 : 1. Vrijeme primjene mje\u0161avine: pribli\u017eno 1 sat (pri +20\u00b0C). Minimalna debljina nano\u0161enja: 2 mm. \u010cekanje izme\u0111u svakog pojedinog sloja: pribli\u017eno 2 sata. \u010cekanje prije nano\u0161enja morta: 6 &#8211; 24 sata. Klasifikacija: [&hellip;]<\/p>\n","protected":false},"featured_media":100000028258,"template":"","meta":{"_acf_changed":false},"product_brand":[727],"product_oblik":[],"product_cat":[83],"product_tag":[],"class_list":{"0":"post-29247","1":"product","2":"type-product","3":"status-publish","4":"has-post-thumbnail","6":"product_brand-mapei","7":"product_cat-materijali-za-pripremu","9":"first","10":"instock","11":"shipping-taxable","12":"purchasable","13":"product-type-simple"},"acf":[],"_links":{"self":[{"href":"https:\/\/modrastijena.com\/hr\/wp-json\/wp\/v2\/product\/29247","targetHints":{"allow":["GET"]}}],"collection":[{"href":"https:\/\/modrastijena.com\/hr\/wp-json\/wp\/v2\/product"}],"about":[{"href":"https:\/\/modrastijena.com\/hr\/wp-json\/wp\/v2\/types\/product"}],"wp:featuredmedia":[{"embeddable":true,"href":"https:\/\/modrastijena.com\/hr\/wp-json\/"}],"wp:attachment":[{"href":"https:\/\/modrastijena.com\/hr\/wp-json\/wp\/v2\/media?parent=29247"}],"wp:term":[{"taxonomy":"product_brand","embeddable":true,"href":"https:\/\/modrastijena.com\/hr\/wp-json\/wp\/v2\/product_brand?post=29247"},{"taxonomy":"product_oblik","embeddable":true,"href":"https:\/\/modrastijena.com\/hr\/wp-json\/wp\/v2\/product_oblik?post=29247"},{"taxonomy":"product_cat","embeddable":true,"href":"https:\/\/modrastijena.com\/hr\/wp-json\/wp\/v2\/product_cat?post=29247"},{"taxonomy":"product_tag","embeddable":true,"href":"https:\/\/modrastijena.com\/hr\/wp-json\/wp\/v2\/product_tag?post=29247"}],"curies":[{"name":"wp","href":"https:\/\/api.w.org\/{rel}","templated":true}]}}