{"id":29245,"date":"2025-08-26T13:20:56","date_gmt":"2025-08-26T13:20:56","guid":{"rendered":"https:\/\/modrastijena.com\/hr\/proizvod\/keraflex-maxi-s1-white-23-kg\/"},"modified":"2026-03-28T14:43:24","modified_gmt":"2026-03-28T14:43:24","slug":"keraflex-maxi-s1-white-23-kg","status":"publish","type":"product","link":"https:\/\/modrastijena.com\/hr\/proizvod\/keraflex-maxi-s1-white-23-kg\/","title":{"rendered":"Keraflex Maxi S1 White 23 kg"},"content":{"rendered":"<p>Pobolj\u0161ano protuklizno bijelo cementno ljepilo s produ\u017eenim otvorenim vremenom, posebno namijenjeno za polaganje velikoformatnih kerami\u010dkih plo\u010dica i prirodnog kamena.<\/p>\n<p>TEHNI\u010cKI PODACI:<br \/>\nVrijeme upotrebe mje\u0161avine: vi\u0161e od 8 sati.<br \/>\nOtvoreno vrijeme: &gt; 30 minuta.<br \/>\n\u010cekanje prije fugiranja:<br \/>\n\u2013 na zidovima: 4 &#8211; 8 sati;<br \/>\n\u2013 na podovima: 24 sata.<br \/>\nSpremno za lagani pje\u0161a\u010dki promet: nakon pribli\u017eno 24 sata.<br \/>\nSpremno za kori\u0161tenje: nakon pribli\u017eno 14 dana.<br \/>\nDeformabilnost prema EN 12004: S1 &#8211; deformabilno.<br \/>\nBoja: bijela.<br \/>\nPrimjena: nazubljenim gleterom br. 4, 5, 6 ili 10.<br \/>\nEMICODE: EC1 Plus &#8211; vrlo niska emisija.<br \/>\nSkladi\u0161tenje: 12 mjeseci.<br \/>\nPotro\u0161nja: 1,2 kg\/m\u00b2 po mm debljine.<br \/>\nPakiranje: vre\u0107e od 23 kg.<\/p>\n","protected":false},"excerpt":{"rendered":"<p>Pobolj\u0161ano protuklizno bijelo cementno ljepilo s produ\u017eenim otvorenim vremenom, posebno namijenjeno za polaganje velikoformatnih kerami\u010dkih plo\u010dica i prirodnog kamena. TEHNI\u010cKI PODACI: Vrijeme upotrebe mje\u0161avine: vi\u0161e od 8 sati. Otvoreno vrijeme: &gt; 30 minuta. \u010cekanje prije fugiranja: \u2013 na zidovima: 4 &#8211; 8 sati; \u2013 na podovima: 24 sata. Spremno za lagani pje\u0161a\u010dki promet: nakon pribli\u017eno [&hellip;]<\/p>\n","protected":false},"featured_media":100000028254,"template":"","meta":{"_acf_changed":false},"product_brand":[727],"product_oblik":[],"product_cat":[63],"product_tag":[],"class_list":{"0":"post-29245","1":"product","2":"type-product","3":"status-publish","4":"has-post-thumbnail","6":"product_brand-mapei","7":"product_cat-materijali-za-polaganje","9":"first","10":"instock","11":"shipping-taxable","12":"purchasable","13":"product-type-simple"},"acf":[],"_links":{"self":[{"href":"https:\/\/modrastijena.com\/hr\/wp-json\/wp\/v2\/product\/29245","targetHints":{"allow":["GET"]}}],"collection":[{"href":"https:\/\/modrastijena.com\/hr\/wp-json\/wp\/v2\/product"}],"about":[{"href":"https:\/\/modrastijena.com\/hr\/wp-json\/wp\/v2\/types\/product"}],"wp:featuredmedia":[{"embeddable":true,"href":"https:\/\/modrastijena.com\/hr\/wp-json\/"}],"wp:attachment":[{"href":"https:\/\/modrastijena.com\/hr\/wp-json\/wp\/v2\/media?parent=29245"}],"wp:term":[{"taxonomy":"product_brand","embeddable":true,"href":"https:\/\/modrastijena.com\/hr\/wp-json\/wp\/v2\/product_brand?post=29245"},{"taxonomy":"product_oblik","embeddable":true,"href":"https:\/\/modrastijena.com\/hr\/wp-json\/wp\/v2\/product_oblik?post=29245"},{"taxonomy":"product_cat","embeddable":true,"href":"https:\/\/modrastijena.com\/hr\/wp-json\/wp\/v2\/product_cat?post=29245"},{"taxonomy":"product_tag","embeddable":true,"href":"https:\/\/modrastijena.com\/hr\/wp-json\/wp\/v2\/product_tag?post=29245"}],"curies":[{"name":"wp","href":"https:\/\/api.w.org\/{rel}","templated":true}]}}