{"id":29244,"date":"2025-08-26T12:19:01","date_gmt":"2025-08-26T12:19:01","guid":{"rendered":"https:\/\/modrastijena.com\/hr\/proizvod\/eporip-ab\/"},"modified":"2025-08-26T12:19:01","modified_gmt":"2025-08-26T12:19:01","slug":"eporip-ab","status":"publish","type":"product","link":"https:\/\/modrastijena.com\/hr\/proizvod\/eporip-ab\/","title":{"rendered":"Eporip A+B"},"content":{"rendered":"<p>Dvokomponentno epoksidno ljepilo za konstrukcijske spojeve i monolitno brtvljenje pukotina u estrisima.<\/p>\n<p>TEHNI\u010cKI PODACI:<br \/>\nKonzistencija: komp. A: teku\u0107a pasta.<br \/>\nkomp. B: teku\u0107a pasta.<br \/>\nBoja: komp. A: crna; komp. B: bijela.<br \/>\nOmjer mije\u0161anja: komp. A : komp. B = 3 : 1.<br \/>\nVrijeme vezanja: 24 sata.<br \/>\nObradivost: 60 minuta (pri +23\u00b0C).<br \/>\nOtvoreno vrijeme: 5 sati (pri +10\u00b0C).<br \/>\nSkladi\u0161tenje: 24 months.<br \/>\nPrimjena: \u010detkom, gleterom ili lijevanjem.<br \/>\nPotro\u0161nja: ovisi o podlozi i na\u010dinu nano\u0161enja.<br \/>\nPakiranje:<br \/>\n\u2013 kompleti od 10 kg: (komp. A 7,5 kg, komp. B 2,5 kg).<br \/>\n\u2013 kompleti od 2 kg: (komp. A 1,5 kg, komp. B 0.5 kg).<\/p>\n","protected":false},"excerpt":{"rendered":"<p>Dvokomponentno epoksidno ljepilo za konstrukcijske spojeve i monolitno brtvljenje pukotina u estrisima. TEHNI\u010cKI PODACI: Konzistencija: komp. A: teku\u0107a pasta. komp. B: teku\u0107a pasta. Boja: komp. A: crna; komp. B: bijela. Omjer mije\u0161anja: komp. A : komp. B = 3 : 1. Vrijeme vezanja: 24 sata. Obradivost: 60 minuta (pri +23\u00b0C). Otvoreno vrijeme: 5 sati (pri [&hellip;]<\/p>\n","protected":false},"featured_media":100000028252,"template":"","meta":{"_acf_changed":false},"product_brand":[727],"product_oblik":[],"product_cat":[83],"product_tag":[],"class_list":{"0":"post-29244","1":"product","2":"type-product","3":"status-publish","4":"has-post-thumbnail","6":"product_brand-mapei","7":"product_cat-materijali-za-pripremu","9":"first","10":"instock","11":"shipping-taxable","12":"purchasable","13":"product-type-simple"},"acf":[],"_links":{"self":[{"href":"https:\/\/modrastijena.com\/hr\/wp-json\/wp\/v2\/product\/29244","targetHints":{"allow":["GET"]}}],"collection":[{"href":"https:\/\/modrastijena.com\/hr\/wp-json\/wp\/v2\/product"}],"about":[{"href":"https:\/\/modrastijena.com\/hr\/wp-json\/wp\/v2\/types\/product"}],"wp:featuredmedia":[{"embeddable":true,"href":"https:\/\/modrastijena.com\/hr\/wp-json\/"}],"wp:attachment":[{"href":"https:\/\/modrastijena.com\/hr\/wp-json\/wp\/v2\/media?parent=29244"}],"wp:term":[{"taxonomy":"product_brand","embeddable":true,"href":"https:\/\/modrastijena.com\/hr\/wp-json\/wp\/v2\/product_brand?post=29244"},{"taxonomy":"product_oblik","embeddable":true,"href":"https:\/\/modrastijena.com\/hr\/wp-json\/wp\/v2\/product_oblik?post=29244"},{"taxonomy":"product_cat","embeddable":true,"href":"https:\/\/modrastijena.com\/hr\/wp-json\/wp\/v2\/product_cat?post=29244"},{"taxonomy":"product_tag","embeddable":true,"href":"https:\/\/modrastijena.com\/hr\/wp-json\/wp\/v2\/product_tag?post=29244"}],"curies":[{"name":"wp","href":"https:\/\/api.w.org\/{rel}","templated":true}]}}