{"id":29243,"date":"2025-08-26T11:24:45","date_gmt":"2025-08-26T11:24:45","guid":{"rendered":"https:\/\/modrastijena.com\/hr\/proizvod\/eco-prim-grip-plus-1-kg\/"},"modified":"2025-08-26T11:25:43","modified_gmt":"2025-08-26T11:25:43","slug":"eco-prim-grip-plus-1-kg","status":"publish","type":"product","link":"https:\/\/modrastijena.com\/hr\/proizvod\/eco-prim-grip-plus-1-kg\/","title":{"rendered":"Eco Prim Grip Plus 1 kg"},"content":{"rendered":"<section class=\"product-content__description description-generic margin-bottom-md\">Vi\u0161enamjenski, ve\u0107 pripremljeni temeljni premaz slabog mirisa, vrlo niske emisije hlapljivih organskih spojeva (VOC), za \u017ebuke, mase za zagla\u0111ivanje i izravnavanje te cementna ljepila, za unutarnju i vanjsku primjenu.<\/section>\n<section class=\"product-content__advantages description-vantaggi margin-bottom-md\">\n<div class=\"product-content__advantages-wrapper\">\n<p>PREDNOSTI:<\/p>\n<ul>\n<li>Bez otapala i gotovo bez mirisa<\/li>\n<li>Pripremljen za upotrebu<\/li>\n<li>Nema rizika za zdravlje<\/li>\n<li>Posebno pogodan za glatke povr\u0161ine niske upojnosti<\/li>\n<\/ul>\n<\/div>\n<\/section>\n","protected":false},"excerpt":{"rendered":"<p>Vi\u0161enamjenski, ve\u0107 pripremljeni temeljni premaz slabog mirisa, vrlo niske emisije hlapljivih organskih spojeva (VOC), za \u017ebuke, mase za zagla\u0111ivanje i izravnavanje te cementna ljepila, za unutarnju i vanjsku primjenu. PREDNOSTI: Bez otapala i gotovo bez mirisa Pripremljen za upotrebu Nema rizika za zdravlje Posebno pogodan za glatke povr\u0161ine niske upojnosti<\/p>\n","protected":false},"featured_media":100000028247,"template":"","meta":{"_acf_changed":false},"product_brand":[727],"product_oblik":[],"product_cat":[83],"product_tag":[],"class_list":{"0":"post-29243","1":"product","2":"type-product","3":"status-publish","4":"has-post-thumbnail","6":"product_brand-mapei","7":"product_cat-materijali-za-pripremu","9":"first","10":"instock","11":"shipping-taxable","12":"purchasable","13":"product-type-simple"},"acf":[],"_links":{"self":[{"href":"https:\/\/modrastijena.com\/hr\/wp-json\/wp\/v2\/product\/29243","targetHints":{"allow":["GET"]}}],"collection":[{"href":"https:\/\/modrastijena.com\/hr\/wp-json\/wp\/v2\/product"}],"about":[{"href":"https:\/\/modrastijena.com\/hr\/wp-json\/wp\/v2\/types\/product"}],"wp:featuredmedia":[{"embeddable":true,"href":"https:\/\/modrastijena.com\/hr\/wp-json\/"}],"wp:attachment":[{"href":"https:\/\/modrastijena.com\/hr\/wp-json\/wp\/v2\/media?parent=29243"}],"wp:term":[{"taxonomy":"product_brand","embeddable":true,"href":"https:\/\/modrastijena.com\/hr\/wp-json\/wp\/v2\/product_brand?post=29243"},{"taxonomy":"product_oblik","embeddable":true,"href":"https:\/\/modrastijena.com\/hr\/wp-json\/wp\/v2\/product_oblik?post=29243"},{"taxonomy":"product_cat","embeddable":true,"href":"https:\/\/modrastijena.com\/hr\/wp-json\/wp\/v2\/product_cat?post=29243"},{"taxonomy":"product_tag","embeddable":true,"href":"https:\/\/modrastijena.com\/hr\/wp-json\/wp\/v2\/product_tag?post=29243"}],"curies":[{"name":"wp","href":"https:\/\/api.w.org\/{rel}","templated":true}]}}