{"id":29242,"date":"2025-08-26T07:35:57","date_gmt":"2025-08-26T07:35:57","guid":{"rendered":"https:\/\/modrastijena.com\/hr\/proizvod\/mapestone-pfs-2-25-kg\/"},"modified":"2025-08-26T07:35:57","modified_gmt":"2025-08-26T07:35:57","slug":"mapestone-pfs-2-25-kg","status":"publish","type":"product","link":"https:\/\/modrastijena.com\/hr\/proizvod\/mapestone-pfs-2-25-kg\/","title":{"rendered":"Mapestone PFS 2 25 kg"},"content":{"rendered":"<p>Ve\u0107 pripremljeni mort za fugiranje arhitektonskog kamena, izuzetnih fizikalno-kemijskih karakteristika za razrede izlo\u017eenosti XF4 i XF3, visoke mehani\u010dke \u010dvrsto\u0107e i otpornosti na soli za odmrzavanje, cikluse smrzavanja\/odmrzavanja i morsku vodu. U skladu s normom UNI 11714-1:2018.<\/p>\n<p>TEHNI\u010cKI PODACI:<br \/>\nVrijeme upotrebe mje\u0161avine: 20 minuta.<br \/>\nSpremno za upotrebu: nakon 7 dana.<br \/>\nBoje: neutralna i tamnosiva.<br \/>\nPrimjena: MAPEI gumenim gleterom ili ravnalicom s gumom.<br \/>\n\u010ci\u0161\u0107enje: mokrom spu\u017evom, a zatim laganim, neprekinutim mlazom vode ili strojem za \u010di\u0161\u0107enje.<br \/>\nSkladi\u0161tenje: 12 mjeseci.<br \/>\nPotro\u0161nja: ovisno o veli\u010dini fuga i kamenih blokova.<br \/>\nPakiranje: vre\u0107e od 25 kg.<\/p>\n","protected":false},"excerpt":{"rendered":"<p>Ve\u0107 pripremljeni mort za fugiranje arhitektonskog kamena, izuzetnih fizikalno-kemijskih karakteristika za razrede izlo\u017eenosti XF4 i XF3, visoke mehani\u010dke \u010dvrsto\u0107e i otpornosti na soli za odmrzavanje, cikluse smrzavanja\/odmrzavanja i morsku vodu. U skladu s normom UNI 11714-1:2018. TEHNI\u010cKI PODACI: Vrijeme upotrebe mje\u0161avine: 20 minuta. Spremno za upotrebu: nakon 7 dana. Boje: neutralna i tamnosiva. Primjena: MAPEI [&hellip;]<\/p>\n","protected":false},"featured_media":100000028243,"template":"","meta":{"_acf_changed":false},"product_brand":[727],"product_oblik":[],"product_cat":[63],"product_tag":[],"class_list":{"0":"post-29242","1":"product","2":"type-product","3":"status-publish","4":"has-post-thumbnail","6":"product_brand-mapei","7":"product_cat-materijali-za-polaganje","9":"first","10":"instock","11":"shipping-taxable","12":"purchasable","13":"product-type-simple"},"acf":[],"_links":{"self":[{"href":"https:\/\/modrastijena.com\/hr\/wp-json\/wp\/v2\/product\/29242","targetHints":{"allow":["GET"]}}],"collection":[{"href":"https:\/\/modrastijena.com\/hr\/wp-json\/wp\/v2\/product"}],"about":[{"href":"https:\/\/modrastijena.com\/hr\/wp-json\/wp\/v2\/types\/product"}],"wp:featuredmedia":[{"embeddable":true,"href":"https:\/\/modrastijena.com\/hr\/wp-json\/"}],"wp:attachment":[{"href":"https:\/\/modrastijena.com\/hr\/wp-json\/wp\/v2\/media?parent=29242"}],"wp:term":[{"taxonomy":"product_brand","embeddable":true,"href":"https:\/\/modrastijena.com\/hr\/wp-json\/wp\/v2\/product_brand?post=29242"},{"taxonomy":"product_oblik","embeddable":true,"href":"https:\/\/modrastijena.com\/hr\/wp-json\/wp\/v2\/product_oblik?post=29242"},{"taxonomy":"product_cat","embeddable":true,"href":"https:\/\/modrastijena.com\/hr\/wp-json\/wp\/v2\/product_cat?post=29242"},{"taxonomy":"product_tag","embeddable":true,"href":"https:\/\/modrastijena.com\/hr\/wp-json\/wp\/v2\/product_tag?post=29242"}],"curies":[{"name":"wp","href":"https:\/\/api.w.org\/{rel}","templated":true}]}}