{"id":29241,"date":"2025-08-25T13:30:27","date_gmt":"2025-08-25T13:30:27","guid":{"rendered":"https:\/\/modrastijena.com\/hr\/proizvod\/keraquick-maxi-s1-white-23-kg\/"},"modified":"2025-08-25T13:30:27","modified_gmt":"2025-08-25T13:30:27","slug":"keraquick-maxi-s1-white-23-kg","status":"publish","type":"product","link":"https:\/\/modrastijena.com\/hr\/proizvod\/keraquick-maxi-s1-white-23-kg\/","title":{"rendered":"Keraquick Maxi S1 White 23 kg"},"content":{"rendered":"<section class=\"product-content__description description-generic margin-bottom-md\">Visokokvalitetno brzovezuju\u0107e deformabilno cementno ljepilo, bez klizanja na vertikalnim povr\u0161inama, vrlo niske emisije hlapljivih organskih spojeva, za polaganje kerami\u010dkih plo\u010dica, a posebno materijala od kamena, uklju\u010duju\u0107i one velikog formata. Pogodno za nano\u0161enje u slojevima debljine do 15 mm.<\/p>\n<\/section>\n<section class=\"product-content__advantages description-vantaggi margin-bottom-md\">\n<div class=\"product-content__advantages-wrapper\">\n<p>PREDNOSTI:<\/p>\n<ul>\n<li>Brzo vezanje: povr\u0161ine su brzo spremne za upotrebu<\/li>\n<li>Produ\u017eena obradivost<\/li>\n<li>Idealno za nano\u0161enje u ve\u0107im debljinama<\/li>\n<li>Deformabilno<\/li>\n<li>Jednostavno nano\u0161enje<\/li>\n<li>Bez klizanja na vertikalnim povr\u0161inama<\/li>\n<li>Izrazito bijele boje<\/li>\n<li>Ekolo\u0161ki odr\u017eivo<\/li>\n<\/ul>\n<\/div>\n<\/section>\n<section class=\"product-content__technical description-tecnici margin-bottom-md\">\n<div class=\"product-content__technical-wrapper text-smedium\">\n<p>TEHNI\u010cKI PODACI:<br \/>\nVrijeme upotrebe mje\u0161avine: 45 minuta.<br \/>\nOtvoreno vrijeme: 20 minuta.<br \/>\n\u010cekanje prije fugiranja: 2 &#8211; 3 sata.<br \/>\nSpremno za lagani pje\u0161a\u010dki promet: nakon pribli\u017eno 2 &#8211; 3 sata.<br \/>\nSpremno za upotrebu: nakon pribli\u017eno 24 sata (3 dana za kupelji i bazene za plivanje).<br \/>\nDeformabilnost prema EN 12004: S1 &#8211; deformabilno.<br \/>\nBoja: bijela.<br \/>\nPrimjena: nazubljenim gleterom br. 4, 5, 6 ili 10.<br \/>\nEMICODE: EC1 Plus &#8211; vrlo niska emisija.<br \/>\nSkladi\u0161tenje: 12 mjeseci (vre\u0107e od 23 kg i 25 kg), 24 mjeseca (vre\u0107e od 5 kg).<br \/>\nPotro\u0161nja: 1,2 kg\/m\u00b2 po mm debljine.<br \/>\nPakiranje: vre\u0107e od 23 kg<\/p>\n<\/div>\n<\/section>\n","protected":false},"excerpt":{"rendered":"<p>Visokokvalitetno brzovezuju\u0107e deformabilno cementno ljepilo, bez klizanja na vertikalnim povr\u0161inama, vrlo niske emisije hlapljivih organskih spojeva, za polaganje kerami\u010dkih plo\u010dica, a posebno materijala od kamena, uklju\u010duju\u0107i one velikog formata. Pogodno za nano\u0161enje u slojevima debljine do 15 mm. PREDNOSTI: Brzo vezanje: povr\u0161ine su brzo spremne za upotrebu Produ\u017eena obradivost Idealno za nano\u0161enje u ve\u0107im debljinama [&hellip;]<\/p>\n","protected":false},"featured_media":100000028239,"template":"","meta":{"_acf_changed":false},"product_brand":[727],"product_oblik":[],"product_cat":[63],"product_tag":[],"class_list":{"0":"post-29241","1":"product","2":"type-product","3":"status-publish","4":"has-post-thumbnail","6":"product_brand-mapei","7":"product_cat-materijali-za-polaganje","9":"first","10":"instock","11":"shipping-taxable","12":"purchasable","13":"product-type-simple"},"acf":[],"_links":{"self":[{"href":"https:\/\/modrastijena.com\/hr\/wp-json\/wp\/v2\/product\/29241","targetHints":{"allow":["GET"]}}],"collection":[{"href":"https:\/\/modrastijena.com\/hr\/wp-json\/wp\/v2\/product"}],"about":[{"href":"https:\/\/modrastijena.com\/hr\/wp-json\/wp\/v2\/types\/product"}],"wp:featuredmedia":[{"embeddable":true,"href":"https:\/\/modrastijena.com\/hr\/wp-json\/"}],"wp:attachment":[{"href":"https:\/\/modrastijena.com\/hr\/wp-json\/wp\/v2\/media?parent=29241"}],"wp:term":[{"taxonomy":"product_brand","embeddable":true,"href":"https:\/\/modrastijena.com\/hr\/wp-json\/wp\/v2\/product_brand?post=29241"},{"taxonomy":"product_oblik","embeddable":true,"href":"https:\/\/modrastijena.com\/hr\/wp-json\/wp\/v2\/product_oblik?post=29241"},{"taxonomy":"product_cat","embeddable":true,"href":"https:\/\/modrastijena.com\/hr\/wp-json\/wp\/v2\/product_cat?post=29241"},{"taxonomy":"product_tag","embeddable":true,"href":"https:\/\/modrastijena.com\/hr\/wp-json\/wp\/v2\/product_tag?post=29241"}],"curies":[{"name":"wp","href":"https:\/\/api.w.org\/{rel}","templated":true}]}}