{"id":29238,"date":"2025-08-25T09:00:05","date_gmt":"2025-08-25T09:00:05","guid":{"rendered":"https:\/\/modrastijena.com\/hr\/proizvod\/keraflex-maxi-s1-grey-25kg\/"},"modified":"2025-10-20T08:12:36","modified_gmt":"2025-10-20T08:12:36","slug":"keraflex-maxi-s1-grey-25kg","status":"publish","type":"product","link":"https:\/\/modrastijena.com\/hr\/proizvod\/keraflex-maxi-s1-grey-25kg\/","title":{"rendered":"Keraflex Maxi S1 Grey 25 kg"},"content":{"rendered":"<section class=\"product-content__description description-generic margin-bottom-md\">Specijalno deformabilno sivo ljepilo, bez klizanja na vertikalnim povr\u0161inama, produ\u017eenog otvorenog vremena. Izra\u0111eno Low Dust tehnologijom, vrlo niske emisije hlapljivih organskih spojeva i kompenzirane emisije stakleni\u010dkih plinova. Za polaganje velikoformatnih plo\u010dica i prirodnog kamena<\/section>\n<section class=\"product-content__advantages description-vantaggi margin-bottom-md\">\n<div class=\"product-content__advantages-wrapper\">\n<p>PREDNOSTI:<\/p>\n<ul>\n<li>U potpunosti bez slijeganja plo\u010dice u ljepilo<\/li>\n<li>Izvrsna obradivost<\/li>\n<li>Deformabilnost<\/li>\n<li>Idealan za polaganje velikoformatnih plo\u010dica<\/li>\n<li>Velika \u010dvrsto\u0107a prianjanja<\/li>\n<li>Visoko tiksotropno<\/li>\n<li>Manje pra\u0161enja za vrijeme mije\u0161anja<\/li>\n<li>Certificiran za upotrebu u brodogra\u0111evnoj industriji<\/li>\n<li>Vrlo niska emisija hlapljivih organskih spojeva (VOC)<\/li>\n<li>Preostale emisije stakleni\u010dkih plinova kompenziraju se stjecanjem certificiranih ekolo\u0161kih kredit<\/li>\n<\/ul>\n<p>Tehni\u010dki podaci:<br \/>\n\u2022 Vrijeme upotrebe mje\u0161avine: vi\u0161e od 8 h<br \/>\n\u2022 Otvoreno vrijeme: vi\u0161e od 30 min<br \/>\n\u2022 \u010cekanje prije fugiranja: na zidovima: 4-8 h; na podovima: 24 h<br \/>\n\u2022 Spremno za lagani pje\u0161a\u010dki promet: nakon pribli\u017eno 24 h<br \/>\n\u2022 Spremno za upotrebu: nakon pribli\u017eno 14 dana<br \/>\n\u2022 Deformabilnost prema EN 12004: S1 &#8211; deformabilno<br \/>\n\u2022 Boja: siva<br \/>\n\u2022 Primjena: nazubljenim gleterom<br \/>\n\u2022 EMICODE: EC1 Plus &#8211; vrlo niska emisija<br \/>\n\u2022 Potro\u0161nja: 1,2 kg\/m2 po mm debljine<\/p>\n<p>Pakiranje: 25 kg<\/p>\n<\/div>\n<\/section>\n","protected":false},"excerpt":{"rendered":"<p>Specijalno deformabilno sivo ljepilo, bez klizanja na vertikalnim povr\u0161inama, produ\u017eenog otvorenog vremena. Izra\u0111eno Low Dust tehnologijom, vrlo niske emisije hlapljivih organskih spojeva i kompenzirane emisije stakleni\u010dkih plinova. Za polaganje velikoformatnih plo\u010dica i prirodnog kamena PREDNOSTI: U potpunosti bez slijeganja plo\u010dice u ljepilo Izvrsna obradivost Deformabilnost Idealan za polaganje velikoformatnih plo\u010dica Velika \u010dvrsto\u0107a prianjanja Visoko tiksotropno [&hellip;]<\/p>\n","protected":false},"featured_media":100000028231,"template":"","meta":{"_acf_changed":false},"product_brand":[727],"product_oblik":[],"product_cat":[63],"product_tag":[],"class_list":{"0":"post-29238","1":"product","2":"type-product","3":"status-publish","4":"has-post-thumbnail","6":"product_brand-mapei","7":"product_cat-materijali-za-polaganje","9":"first","10":"instock","11":"shipping-taxable","12":"purchasable","13":"product-type-simple"},"acf":[],"_links":{"self":[{"href":"https:\/\/modrastijena.com\/hr\/wp-json\/wp\/v2\/product\/29238","targetHints":{"allow":["GET"]}}],"collection":[{"href":"https:\/\/modrastijena.com\/hr\/wp-json\/wp\/v2\/product"}],"about":[{"href":"https:\/\/modrastijena.com\/hr\/wp-json\/wp\/v2\/types\/product"}],"wp:featuredmedia":[{"embeddable":true,"href":"https:\/\/modrastijena.com\/hr\/wp-json\/"}],"wp:attachment":[{"href":"https:\/\/modrastijena.com\/hr\/wp-json\/wp\/v2\/media?parent=29238"}],"wp:term":[{"taxonomy":"product_brand","embeddable":true,"href":"https:\/\/modrastijena.com\/hr\/wp-json\/wp\/v2\/product_brand?post=29238"},{"taxonomy":"product_oblik","embeddable":true,"href":"https:\/\/modrastijena.com\/hr\/wp-json\/wp\/v2\/product_oblik?post=29238"},{"taxonomy":"product_cat","embeddable":true,"href":"https:\/\/modrastijena.com\/hr\/wp-json\/wp\/v2\/product_cat?post=29238"},{"taxonomy":"product_tag","embeddable":true,"href":"https:\/\/modrastijena.com\/hr\/wp-json\/wp\/v2\/product_tag?post=29238"}],"curies":[{"name":"wp","href":"https:\/\/api.w.org\/{rel}","templated":true}]}}