{"id":29216,"date":"2025-08-04T07:30:53","date_gmt":"2025-08-04T07:30:53","guid":{"rendered":"https:\/\/modrastijena.com\/hr\/proizvod\/baumit-duocontact-25-1\/"},"modified":"2025-08-04T07:35:17","modified_gmt":"2025-08-04T07:35:17","slug":"baumit-duocontact-25-1","status":"publish","type":"product","link":"https:\/\/modrastijena.com\/hr\/proizvod\/baumit-duocontact-25-1\/","title":{"rendered":"Baumit Duocontact 25\/1"},"content":{"rendered":"<div class=\"col-lg-12 product-info\">\n<div class=\"inner\">\n<p class=\"bodytext body-text-overwrite-for-mobil\">Fasadno ljepilo i mort za armiranje<\/p>\n<p class=\"introtext\">Mort za lijepljenje i armiranje fasadnih izolacijskih plo\u010da. Za primjenu izvan Baumit fasadnih sustava.<\/p>\n<ul>\n<li class=\"introtext\">ekonomi\u010dno<\/li>\n<li class=\"introtext\">jednostavno<\/li>\n<li class=\"introtext\">za unutarnje i vanjske radove<\/li>\n<\/ul>\n<\/div>\n<\/div>\n<div class=\"col-lg-12 product-detail-container experts-advice\">\n<p class=\"bodytext body-text-overwrite-for-mobil\">Baumit DuoContact usipati u \u010distu vodu (oko 5-6 l vode\/vre\u0107a), izmije\u0161ati sporom mije\u0161alicom ili u proto\u010dnoj mije\u0161alici uz dodavanje iste koli\u010dine vode; ostaviti da miruje oko 5 minuta i ponovno promije\u0161ati. Vrijeme obrade: oko 1,5 sat.<\/p>\n<\/div>\n","protected":false},"excerpt":{"rendered":"<p>Fasadno ljepilo i mort za armiranje Mort za lijepljenje i armiranje fasadnih izolacijskih plo\u010da. Za primjenu izvan Baumit fasadnih sustava. ekonomi\u010dno jednostavno za unutarnje i vanjske radove Baumit DuoContact usipati u \u010distu vodu (oko 5-6 l vode\/vre\u0107a), izmije\u0161ati sporom mije\u0161alicom ili u proto\u010dnoj mije\u0161alici uz dodavanje iste koli\u010dine vode; ostaviti da miruje oko 5 minuta [&hellip;]<\/p>\n","protected":false},"featured_media":100000028186,"template":"","meta":{"_acf_changed":false},"product_brand":[752],"product_oblik":[],"product_cat":[63],"product_tag":[],"class_list":{"0":"post-29216","1":"product","2":"type-product","3":"status-publish","4":"has-post-thumbnail","6":"product_brand-baumit","7":"product_cat-materijali-za-polaganje","9":"first","10":"instock","11":"shipping-taxable","12":"purchasable","13":"product-type-simple"},"acf":[],"_links":{"self":[{"href":"https:\/\/modrastijena.com\/hr\/wp-json\/wp\/v2\/product\/29216","targetHints":{"allow":["GET"]}}],"collection":[{"href":"https:\/\/modrastijena.com\/hr\/wp-json\/wp\/v2\/product"}],"about":[{"href":"https:\/\/modrastijena.com\/hr\/wp-json\/wp\/v2\/types\/product"}],"wp:featuredmedia":[{"embeddable":true,"href":"https:\/\/modrastijena.com\/hr\/wp-json\/"}],"wp:attachment":[{"href":"https:\/\/modrastijena.com\/hr\/wp-json\/wp\/v2\/media?parent=29216"}],"wp:term":[{"taxonomy":"product_brand","embeddable":true,"href":"https:\/\/modrastijena.com\/hr\/wp-json\/wp\/v2\/product_brand?post=29216"},{"taxonomy":"product_oblik","embeddable":true,"href":"https:\/\/modrastijena.com\/hr\/wp-json\/wp\/v2\/product_oblik?post=29216"},{"taxonomy":"product_cat","embeddable":true,"href":"https:\/\/modrastijena.com\/hr\/wp-json\/wp\/v2\/product_cat?post=29216"},{"taxonomy":"product_tag","embeddable":true,"href":"https:\/\/modrastijena.com\/hr\/wp-json\/wp\/v2\/product_tag?post=29216"}],"curies":[{"name":"wp","href":"https:\/\/api.w.org\/{rel}","templated":true}]}}