{"id":29213,"date":"2025-08-01T09:15:35","date_gmt":"2025-08-01T09:15:35","guid":{"rendered":"https:\/\/modrastijena.com\/hr\/proizvod\/onyx-gold\/"},"modified":"2025-08-06T07:10:39","modified_gmt":"2025-08-06T07:10:39","slug":"onyx-gold","status":"publish","type":"product","link":"https:\/\/modrastijena.com\/hr\/proizvod\/onyx-gold\/","title":{"rendered":"Onyx Gold"},"content":{"rendered":"<p>Onyx je idealan za projekte koji tra\u017ee luksuz, profinjenost i jedinstvenu estetsku vrijednost. To je materijal koji se s razlogom sve \u010de\u0161\u0107e koristi u luksuznim interijerima, zbog svoje poluprozirnosti, bogatih prirodnih uzoraka i zbog svoje sposobnosti da reflektira i propu\u0161ta svjetlo. Svaka plo\u010da je unikatna, \u0161to Onyx \u010dini savr\u0161enim izborom za projekte gdje se tra\u017ei vizualni efekt, elegancija i dojam ekskluzivnosti.<\/p>\n<p>Zahvaljuju\u0107i svojoj prozra\u010dnoj strukturi, Onyx je idealan za pozadinsko osvjetljenje, stvaraju\u0107i dramati\u010dne, ali profinjene efekte u prostorima.<\/p>\n<p>Dostupan je u plo\u010dama, kao i za rezanje po \u017eelji za zidne obloge, kupaonice, kuhinje ili ipak za oblaganje po mjeri odra\u0111enog komada namje\u0161taja.<\/p>\n<p>Ukoliko tra\u017eite prirodni materijal koji podi\u017ee interijer na drugu razinu, pozivamo Vas da do\u0111ete pogledati nove uzorke u\u017eivo na ve\u0107 poznatoj adresi u \u0160irokom Brijegu.<\/p>\n<p>Dostupan u debljini od 2 cm.<\/p>\n","protected":false},"excerpt":{"rendered":"<p>Onyx je idealan za projekte koji tra\u017ee luksuz, profinjenost i jedinstvenu estetsku vrijednost. To je materijal koji se s razlogom sve \u010de\u0161\u0107e koristi u luksuznim interijerima, zbog svoje poluprozirnosti, bogatih prirodnih uzoraka i zbog svoje sposobnosti da reflektira i propu\u0161ta svjetlo. Svaka plo\u010da je unikatna, \u0161to Onyx \u010dini savr\u0161enim izborom za projekte gdje se tra\u017ei [&hellip;]<\/p>\n","protected":false},"featured_media":100000028170,"template":"","meta":{"_acf_changed":false},"product_brand":[],"product_oblik":[],"product_cat":[22,560],"product_tag":[],"class_list":{"0":"post-29213","1":"product","2":"type-product","3":"status-publish","4":"has-post-thumbnail","6":"product_cat-kamen","7":"product_cat-onyx","9":"first","10":"instock","11":"shipping-taxable","12":"product-type-simple"},"acf":[],"_links":{"self":[{"href":"https:\/\/modrastijena.com\/hr\/wp-json\/wp\/v2\/product\/29213","targetHints":{"allow":["GET"]}}],"collection":[{"href":"https:\/\/modrastijena.com\/hr\/wp-json\/wp\/v2\/product"}],"about":[{"href":"https:\/\/modrastijena.com\/hr\/wp-json\/wp\/v2\/types\/product"}],"wp:featuredmedia":[{"embeddable":true,"href":"https:\/\/modrastijena.com\/hr\/wp-json\/"}],"wp:attachment":[{"href":"https:\/\/modrastijena.com\/hr\/wp-json\/wp\/v2\/media?parent=29213"}],"wp:term":[{"taxonomy":"product_brand","embeddable":true,"href":"https:\/\/modrastijena.com\/hr\/wp-json\/wp\/v2\/product_brand?post=29213"},{"taxonomy":"product_oblik","embeddable":true,"href":"https:\/\/modrastijena.com\/hr\/wp-json\/wp\/v2\/product_oblik?post=29213"},{"taxonomy":"product_cat","embeddable":true,"href":"https:\/\/modrastijena.com\/hr\/wp-json\/wp\/v2\/product_cat?post=29213"},{"taxonomy":"product_tag","embeddable":true,"href":"https:\/\/modrastijena.com\/hr\/wp-json\/wp\/v2\/product_tag?post=29213"}],"curies":[{"name":"wp","href":"https:\/\/api.w.org\/{rel}","templated":true}]}}