{"id":29201,"date":"2025-07-15T11:33:53","date_gmt":"2025-07-15T11:33:53","guid":{"rendered":"https:\/\/modrastijena.com\/hr\/proizvod\/idro-50-edilkamin\/"},"modified":"2025-09-25T20:10:16","modified_gmt":"2025-09-25T20:10:16","slug":"idro-50-edilkamin","status":"publish","type":"product","link":"https:\/\/modrastijena.com\/hr\/proizvod\/idro-50-edilkamin\/","title":{"rendered":"IDRO 50 (Edilkamin)"},"content":{"rendered":"<p>Tehni\u010dki podaci:<\/p>\n<ul>\n<li>Dimenzija cm: 77x66x138<\/li>\n<li>Dimenzija lo\u017ei\u0161ta cm: 56x47x51<\/li>\n<li>Max snaga-toplina kW: 16,6<\/li>\n<li>Korisna snaga \u2013 vode kW: 8,2<\/li>\n<li>Efikasnost- u\u010dinkovitost %: 83,1<\/li>\n<li>Potro\u0161nja goriva kg\/h: 4,4<\/li>\n<li>Sadr\u017eaj vode l: 60<\/li>\n<li>Promjer dimnjaka cm: 18<\/li>\n<li>Vanjski zrak cm: 10<\/li>\n<li>Ukupna te\u017eina kg: 171\/189<\/li>\n<li>Zagrijava m\u00b3: 435<\/li>\n<\/ul>\n","protected":false},"excerpt":{"rendered":"<p>Tehni\u010dki podaci: Dimenzija cm: 77x66x138 Dimenzija lo\u017ei\u0161ta cm: 56x47x51 Max snaga-toplina kW: 16,6 Korisna snaga \u2013 vode kW: 8,2 Efikasnost- u\u010dinkovitost %: 83,1 Potro\u0161nja goriva kg\/h: 4,4 Sadr\u017eaj vode l: 60 Promjer dimnjaka cm: 18 Vanjski zrak cm: 10 Ukupna te\u017eina kg: 171\/189 Zagrijava m\u00b3: 435<\/p>\n","protected":false},"featured_media":100000028114,"template":"","meta":{"_acf_changed":false},"product_brand":[709],"product_oblik":[],"product_cat":[96,339],"product_tag":[],"class_list":{"0":"post-29201","1":"product","2":"type-product","3":"status-publish","4":"has-post-thumbnail","6":"product_brand-edilkamin","7":"product_cat-kamini","8":"product_cat-kamini-za-centralno-grijanje","10":"first","11":"instock","12":"shipping-taxable","13":"purchasable","14":"product-type-simple"},"acf":[],"_links":{"self":[{"href":"https:\/\/modrastijena.com\/hr\/wp-json\/wp\/v2\/product\/29201","targetHints":{"allow":["GET"]}}],"collection":[{"href":"https:\/\/modrastijena.com\/hr\/wp-json\/wp\/v2\/product"}],"about":[{"href":"https:\/\/modrastijena.com\/hr\/wp-json\/wp\/v2\/types\/product"}],"wp:featuredmedia":[{"embeddable":true,"href":"https:\/\/modrastijena.com\/hr\/wp-json\/"}],"wp:attachment":[{"href":"https:\/\/modrastijena.com\/hr\/wp-json\/wp\/v2\/media?parent=29201"}],"wp:term":[{"taxonomy":"product_brand","embeddable":true,"href":"https:\/\/modrastijena.com\/hr\/wp-json\/wp\/v2\/product_brand?post=29201"},{"taxonomy":"product_oblik","embeddable":true,"href":"https:\/\/modrastijena.com\/hr\/wp-json\/wp\/v2\/product_oblik?post=29201"},{"taxonomy":"product_cat","embeddable":true,"href":"https:\/\/modrastijena.com\/hr\/wp-json\/wp\/v2\/product_cat?post=29201"},{"taxonomy":"product_tag","embeddable":true,"href":"https:\/\/modrastijena.com\/hr\/wp-json\/wp\/v2\/product_tag?post=29201"}],"curies":[{"name":"wp","href":"https:\/\/api.w.org\/{rel}","templated":true}]}}