{"id":29171,"date":"2025-05-15T09:02:21","date_gmt":"2025-05-15T09:02:21","guid":{"rendered":"https:\/\/modrastijena.com\/hr\/proizvod\/baumit-nivello-50\/"},"modified":"2025-08-04T06:42:08","modified_gmt":"2025-08-04T06:42:08","slug":"baumit-nivello-50","status":"publish","type":"product","link":"https:\/\/modrastijena.com\/hr\/proizvod\/baumit-nivello-50\/","title":{"rendered":"Baumit Nivello 50"},"content":{"rendered":"<p class=\"introtext\">Tvorni\u010dki zamije\u0161ana, samoniveliraju\u0107a masa za izravnavanje niske emisije na bazi cementa. Za unutarnju i vanjsku upotrebu za stvaranje ravnih podloga prije postavljanja raznih podnih obloga. Pogodno za podno grijanje.<\/p>\n<ul class=\"highlights highlights-with-h2\">\n<li>Za unutra\u0161nju i vanjsku upotrebu<\/li>\n<li>Ugradnja u sloju od 2 do 50mm<\/li>\n<li>Prikladno za terase, balkone i gara\u017ee<\/li>\n<\/ul>\n","protected":false},"excerpt":{"rendered":"<p>Tvorni\u010dki zamije\u0161ana, samoniveliraju\u0107a masa za izravnavanje niske emisije na bazi cementa. Za unutarnju i vanjsku upotrebu za stvaranje ravnih podloga prije postavljanja raznih podnih obloga. Pogodno za podno grijanje. Za unutra\u0161nju i vanjsku upotrebu Ugradnja u sloju od 2 do 50mm Prikladno za terase, balkone i gara\u017ee<\/p>\n","protected":false},"featured_media":100000027923,"template":"","meta":{"_acf_changed":false},"product_brand":[752],"product_oblik":[],"product_cat":[63,83],"product_tag":[],"class_list":{"0":"post-29171","1":"product","2":"type-product","3":"status-publish","4":"has-post-thumbnail","6":"product_brand-baumit","7":"product_cat-materijali-za-polaganje","8":"product_cat-materijali-za-pripremu","10":"first","11":"instock","12":"shipping-taxable","13":"purchasable","14":"product-type-simple"},"acf":[],"_links":{"self":[{"href":"https:\/\/modrastijena.com\/hr\/wp-json\/wp\/v2\/product\/29171","targetHints":{"allow":["GET"]}}],"collection":[{"href":"https:\/\/modrastijena.com\/hr\/wp-json\/wp\/v2\/product"}],"about":[{"href":"https:\/\/modrastijena.com\/hr\/wp-json\/wp\/v2\/types\/product"}],"wp:featuredmedia":[{"embeddable":true,"href":"https:\/\/modrastijena.com\/hr\/wp-json\/"}],"wp:attachment":[{"href":"https:\/\/modrastijena.com\/hr\/wp-json\/wp\/v2\/media?parent=29171"}],"wp:term":[{"taxonomy":"product_brand","embeddable":true,"href":"https:\/\/modrastijena.com\/hr\/wp-json\/wp\/v2\/product_brand?post=29171"},{"taxonomy":"product_oblik","embeddable":true,"href":"https:\/\/modrastijena.com\/hr\/wp-json\/wp\/v2\/product_oblik?post=29171"},{"taxonomy":"product_cat","embeddable":true,"href":"https:\/\/modrastijena.com\/hr\/wp-json\/wp\/v2\/product_cat?post=29171"},{"taxonomy":"product_tag","embeddable":true,"href":"https:\/\/modrastijena.com\/hr\/wp-json\/wp\/v2\/product_tag?post=29171"}],"curies":[{"name":"wp","href":"https:\/\/api.w.org\/{rel}","templated":true}]}}