{"id":29089,"date":"2025-01-24T14:24:45","date_gmt":"2025-01-24T14:24:45","guid":{"rendered":"https:\/\/modrastijena.com\/hr\/proizvod\/stain-repellent-nano-effect-250-ml-zastita-za-kamen\/"},"modified":"2025-11-14T07:49:28","modified_gmt":"2025-11-14T07:49:28","slug":"stain-repellent-nano-effect-250-ml-zastita-za-kamen","status":"publish","type":"product","link":"https:\/\/modrastijena.com\/hr\/proizvod\/stain-repellent-nano-effect-250-ml-zastita-za-kamen\/","title":{"rendered":"Stain Repellent Nano Effect 250 ml &#8211; za\u0161tita za kamen"},"content":{"rendered":"<p>Izvanredna impregnacija na bazi visokokvalitetnih organskih supstanci, sigurna u kontaktu s hranom (certifikat vanjskog Njema\u010dkog test instituta). Zapo\u010dinje sa za\u0161titnim efektom (20\u02daC) ve\u0107 nakon 10-20 min.<\/p>\n<p>UPOTREBA: Specijalna impregnacija koja odbija vodu, ulja i masti. Koristi se za za\u0161titu podova, kuhinjskih plo\u010da i radnih povr\u0161ina od prirodnih i umjetnih apsorbiraju\u0107ih materijala. Za unutra i vani. Sprje\u010dava kamen da upija mrlje ili \u010dini te mrlje lako uklonjivima a istodobno omogu\u0107avaju\u0107i kamenu da di\u0161e.\u00a0 U ve\u0107ini slu\u010dajeva ne mijenja boju materijala na koji se nanosi. Kapljice vode koje se ina\u010de zadr\u017eavaju na povr\u0161ini, s ovim proizvodom bje\u017ee s povr\u0161ine. Proizvod je na bazi otapala, prodire dublje od STAIN REPELLENT W, te je i dugotrajnija za\u0161tita.<\/p>\n<p>NA\u010cIN KORI\u0160TENJA: Proizvod nanijeti na materijal koji se \u017eeli za\u0161tititi (povr\u0161ina treba biti suha i \u010dista). Nakon 20-30 minuta ukloniti vi\u0161ak proizvoda s kamena. Ako je materijal veoma porozan, ponoviti postupak. Ostaviti 24 h da se su\u0161i a da se pritom ne hoda po povr\u0161ini.<\/p>\n<p>DOSTATNOST:\u00a0 1 L = 10-20 m2 ovisno o strukturi povr\u0161ine<\/p>\n","protected":false},"excerpt":{"rendered":"<p>Izvanredna impregnacija na bazi visokokvalitetnih organskih supstanci, sigurna u kontaktu s hranom (certifikat vanjskog Njema\u010dkog test instituta). Zapo\u010dinje sa za\u0161titnim efektom (20\u02daC) ve\u0107 nakon 10-20 min. UPOTREBA: Specijalna impregnacija koja odbija vodu, ulja i masti. Koristi se za za\u0161titu podova, kuhinjskih plo\u010da i radnih povr\u0161ina od prirodnih i umjetnih apsorbiraju\u0107ih materijala. Za unutra i vani. [&hellip;]<\/p>\n","protected":false},"featured_media":100000027672,"template":"","meta":{"_acf_changed":false},"product_brand":[725],"product_oblik":[],"product_cat":[62,88],"product_tag":[91],"class_list":{"0":"post-29089","1":"product","2":"type-product","3":"status-publish","4":"has-post-thumbnail","6":"product_brand-akemi","7":"product_cat-ostalo","8":"product_cat-sredstva-za-odrzavanje","9":"product_tag-zastita-za-kamen","11":"first","12":"instock","13":"shipping-taxable","14":"purchasable","15":"product-type-simple"},"acf":[],"_links":{"self":[{"href":"https:\/\/modrastijena.com\/hr\/wp-json\/wp\/v2\/product\/29089","targetHints":{"allow":["GET"]}}],"collection":[{"href":"https:\/\/modrastijena.com\/hr\/wp-json\/wp\/v2\/product"}],"about":[{"href":"https:\/\/modrastijena.com\/hr\/wp-json\/wp\/v2\/types\/product"}],"wp:featuredmedia":[{"embeddable":true,"href":"https:\/\/modrastijena.com\/hr\/wp-json\/"}],"wp:attachment":[{"href":"https:\/\/modrastijena.com\/hr\/wp-json\/wp\/v2\/media?parent=29089"}],"wp:term":[{"taxonomy":"product_brand","embeddable":true,"href":"https:\/\/modrastijena.com\/hr\/wp-json\/wp\/v2\/product_brand?post=29089"},{"taxonomy":"product_oblik","embeddable":true,"href":"https:\/\/modrastijena.com\/hr\/wp-json\/wp\/v2\/product_oblik?post=29089"},{"taxonomy":"product_cat","embeddable":true,"href":"https:\/\/modrastijena.com\/hr\/wp-json\/wp\/v2\/product_cat?post=29089"},{"taxonomy":"product_tag","embeddable":true,"href":"https:\/\/modrastijena.com\/hr\/wp-json\/wp\/v2\/product_tag?post=29089"}],"curies":[{"name":"wp","href":"https:\/\/api.w.org\/{rel}","templated":true}]}}