{"id":29088,"date":"2025-01-21T09:29:17","date_gmt":"2025-01-21T09:29:17","guid":{"rendered":"https:\/\/modrastijena.com\/hr\/proizvod\/akemi-quartz-intensive-cleaner-250-ml\/"},"modified":"2026-03-10T10:47:16","modified_gmt":"2026-03-10T10:47:16","slug":"akemi-quartz-intensive-cleaner-250-ml","status":"publish","type":"product","link":"https:\/\/modrastijena.com\/hr\/proizvod\/akemi-quartz-intensive-cleaner-250-ml\/","title":{"rendered":"Akemi Quartz Intensive Cleaner, 250 ml"},"content":{"rendered":"<div class=\"product_head\">\n<div class=\"description\">\n<p>Sredstvo za \u010di\u0161\u0107enje bez kiselina, spremno za upotrebu, bez fosfata i baza, lako biorazgradivo, mo\u017ee se koristiti u prehrambenom sektoru (certificirano od strane vanjskog njema\u010dkog instituta za ispitivanje)<\/p>\n<p>Za tjedno \u010di\u0161\u0107enje kuhinjskih radnih stolova, radnih plo\u010da i drugih povr\u0161ina od kvarca. Intenzivno \u010disti povr\u0161inske mrlje, posebno prljav\u0161tinu koja sadr\u017ei ulje i masno\u0107u.<\/p>\n<\/div>\n<\/div>\n","protected":false},"excerpt":{"rendered":"<p>Sredstvo za \u010di\u0161\u0107enje bez kiselina, spremno za upotrebu, bez fosfata i baza, lako biorazgradivo, mo\u017ee se koristiti u prehrambenom sektoru (certificirano od strane vanjskog njema\u010dkog instituta za ispitivanje) Za tjedno \u010di\u0161\u0107enje kuhinjskih radnih stolova, radnih plo\u010da i drugih povr\u0161ina od kvarca. Intenzivno \u010disti povr\u0161inske mrlje, posebno prljav\u0161tinu koja sadr\u017ei ulje i masno\u0107u.<\/p>\n","protected":false},"featured_media":100000027660,"template":"","meta":{"_acf_changed":false},"product_brand":[725],"product_oblik":[],"product_cat":[88],"product_tag":[],"class_list":{"0":"post-29088","1":"product","2":"type-product","3":"status-publish","4":"has-post-thumbnail","6":"product_brand-akemi","7":"product_cat-sredstva-za-odrzavanje","9":"first","10":"instock","11":"shipping-taxable","12":"purchasable","13":"product-type-simple"},"acf":[],"_links":{"self":[{"href":"https:\/\/modrastijena.com\/hr\/wp-json\/wp\/v2\/product\/29088","targetHints":{"allow":["GET"]}}],"collection":[{"href":"https:\/\/modrastijena.com\/hr\/wp-json\/wp\/v2\/product"}],"about":[{"href":"https:\/\/modrastijena.com\/hr\/wp-json\/wp\/v2\/types\/product"}],"wp:featuredmedia":[{"embeddable":true,"href":"https:\/\/modrastijena.com\/hr\/wp-json\/"}],"wp:attachment":[{"href":"https:\/\/modrastijena.com\/hr\/wp-json\/wp\/v2\/media?parent=29088"}],"wp:term":[{"taxonomy":"product_brand","embeddable":true,"href":"https:\/\/modrastijena.com\/hr\/wp-json\/wp\/v2\/product_brand?post=29088"},{"taxonomy":"product_oblik","embeddable":true,"href":"https:\/\/modrastijena.com\/hr\/wp-json\/wp\/v2\/product_oblik?post=29088"},{"taxonomy":"product_cat","embeddable":true,"href":"https:\/\/modrastijena.com\/hr\/wp-json\/wp\/v2\/product_cat?post=29088"},{"taxonomy":"product_tag","embeddable":true,"href":"https:\/\/modrastijena.com\/hr\/wp-json\/wp\/v2\/product_tag?post=29088"}],"curies":[{"name":"wp","href":"https:\/\/api.w.org\/{rel}","templated":true}]}}