{"id":29061,"date":"2024-11-26T12:51:32","date_gmt":"2024-11-26T12:51:32","guid":{"rendered":"https:\/\/modrastijena.com\/hr\/proizvod\/widro-85-edilkamin-2\/"},"modified":"2024-12-10T13:21:01","modified_gmt":"2024-12-10T13:21:01","slug":"widro-85-edilkamin-2","status":"publish","type":"product","link":"https:\/\/modrastijena.com\/hr\/proizvod\/widro-85-edilkamin-2\/","title":{"rendered":"Widro 85 (Edilkamin)"},"content":{"rendered":"<p>Tehni\u010dki podaci:<\/p>\n<ul>\n<li>Dimenzije cm: 105x68x161,5<\/li>\n<li>Nominalna toplinska snaga kW: 30<\/li>\n<li>Snaga prema vodi kW: 20<\/li>\n<li>U\u010dinkovitost-iskoristivost %: 85<\/li>\n<li>Potro\u0161nja goriva(drvo) kg\/h: 7,7<\/li>\n<li>Promjer dimnjaka cm: 20<\/li>\n<li>Ukupna te\u017eina kg: 516<\/li>\n<li>Mogu\u0107nost zagrijavanja m\u00b3: 782<\/li>\n<\/ul>\n","protected":false},"excerpt":{"rendered":"<p>Tehni\u010dki podaci: Dimenzije cm: 105x68x161,5 Nominalna toplinska snaga kW: 30 Snaga prema vodi kW: 20 U\u010dinkovitost-iskoristivost %: 85 Potro\u0161nja goriva(drvo) kg\/h: 7,7 Promjer dimnjaka cm: 20 Ukupna te\u017eina kg: 516 Mogu\u0107nost zagrijavanja m\u00b3: 782<\/p>\n","protected":false},"featured_media":10000002323,"template":"","meta":{"_acf_changed":false},"product_brand":[709],"product_oblik":[],"product_cat":[95,339],"product_tag":[564,100,565,570,102,103,571,30,107,109],"class_list":{"0":"post-29061","1":"product","2":"type-product","3":"status-publish","4":"has-post-thumbnail","6":"product_brand-edilkamin","7":"product_cat-kamini-i-peci","8":"product_cat-kamini-za-centralno-grijanje","9":"product_tag-fireplace","10":"product_tag-grijanje","11":"product_tag-grijanje-na-kamin","12":"product_tag-interior-design","13":"product_tag-kamin","14":"product_tag-kamin-na-drva","15":"product_tag-modern-fireplace","16":"product_tag-oblaganje-kamina","17":"product_tag-ugradbeni-kamin","18":"product_tag-wood","20":"first","21":"instock","22":"sale","23":"shipping-taxable","24":"purchasable","25":"product-type-simple"},"acf":[],"_links":{"self":[{"href":"https:\/\/modrastijena.com\/hr\/wp-json\/wp\/v2\/product\/29061","targetHints":{"allow":["GET"]}}],"collection":[{"href":"https:\/\/modrastijena.com\/hr\/wp-json\/wp\/v2\/product"}],"about":[{"href":"https:\/\/modrastijena.com\/hr\/wp-json\/wp\/v2\/types\/product"}],"wp:featuredmedia":[{"embeddable":true,"href":"https:\/\/modrastijena.com\/hr\/wp-json\/"}],"wp:attachment":[{"href":"https:\/\/modrastijena.com\/hr\/wp-json\/wp\/v2\/media?parent=29061"}],"wp:term":[{"taxonomy":"product_brand","embeddable":true,"href":"https:\/\/modrastijena.com\/hr\/wp-json\/wp\/v2\/product_brand?post=29061"},{"taxonomy":"product_oblik","embeddable":true,"href":"https:\/\/modrastijena.com\/hr\/wp-json\/wp\/v2\/product_oblik?post=29061"},{"taxonomy":"product_cat","embeddable":true,"href":"https:\/\/modrastijena.com\/hr\/wp-json\/wp\/v2\/product_cat?post=29061"},{"taxonomy":"product_tag","embeddable":true,"href":"https:\/\/modrastijena.com\/hr\/wp-json\/wp\/v2\/product_tag?post=29061"}],"curies":[{"name":"wp","href":"https:\/\/api.w.org\/{rel}","templated":true}]}}