{"id":29002,"date":"2024-10-18T13:52:54","date_gmt":"2024-10-18T13:52:54","guid":{"rendered":"https:\/\/modrastijena.com\/hr\/proizvod\/postolje-steel-matt-grey-124300512\/"},"modified":"2024-10-18T14:04:58","modified_gmt":"2024-10-18T14:04:58","slug":"postolje-steel-matt-grey-124300512","status":"publish","type":"product","link":"https:\/\/modrastijena.com\/hr\/proizvod\/postolje-steel-matt-grey-124300512\/","title":{"rendered":"Postolje Steel Matt Grey, 124300512"},"content":{"rendered":"<p>Postolje Steel Matt Grey, 124300512<\/p>\n<p>Namijenjeno za plo\u010du dimenzije cca 1800x900x750mm.<\/p>\n<p>Nazna\u010dena cijena se odnosi samo na postolje. Plo\u010da se naru\u010duje odvojeno \u2013 kupac bira materijal i dimenziju.<\/p>\n","protected":false},"excerpt":{"rendered":"<p>Postolje Steel Matt Grey, 124300512 Namijenjeno za plo\u010du dimenzije cca 1800x900x750mm. Nazna\u010dena cijena se odnosi samo na postolje. Plo\u010da se naru\u010duje odvojeno \u2013 kupac bira materijal i dimenziju.<\/p>\n","protected":false},"featured_media":100000027372,"template":"","meta":{"_acf_changed":false},"product_brand":[],"product_oblik":[],"product_cat":[293],"product_tag":[],"class_list":{"0":"post-29002","1":"product","2":"type-product","3":"status-publish","4":"has-post-thumbnail","6":"product_cat-blagovaonski-stolovi","8":"first","9":"instock","10":"shipping-taxable","11":"purchasable","12":"product-type-simple"},"acf":[],"_links":{"self":[{"href":"https:\/\/modrastijena.com\/hr\/wp-json\/wp\/v2\/product\/29002","targetHints":{"allow":["GET"]}}],"collection":[{"href":"https:\/\/modrastijena.com\/hr\/wp-json\/wp\/v2\/product"}],"about":[{"href":"https:\/\/modrastijena.com\/hr\/wp-json\/wp\/v2\/types\/product"}],"wp:featuredmedia":[{"embeddable":true,"href":"https:\/\/modrastijena.com\/hr\/wp-json\/"}],"wp:attachment":[{"href":"https:\/\/modrastijena.com\/hr\/wp-json\/wp\/v2\/media?parent=29002"}],"wp:term":[{"taxonomy":"product_brand","embeddable":true,"href":"https:\/\/modrastijena.com\/hr\/wp-json\/wp\/v2\/product_brand?post=29002"},{"taxonomy":"product_oblik","embeddable":true,"href":"https:\/\/modrastijena.com\/hr\/wp-json\/wp\/v2\/product_oblik?post=29002"},{"taxonomy":"product_cat","embeddable":true,"href":"https:\/\/modrastijena.com\/hr\/wp-json\/wp\/v2\/product_cat?post=29002"},{"taxonomy":"product_tag","embeddable":true,"href":"https:\/\/modrastijena.com\/hr\/wp-json\/wp\/v2\/product_tag?post=29002"}],"curies":[{"name":"wp","href":"https:\/\/api.w.org\/{rel}","templated":true}]}}