{"id":28979,"date":"2024-09-27T14:08:59","date_gmt":"2024-09-27T14:08:59","guid":{"rendered":"https:\/\/modrastijena.com\/hr\/proizvod\/royal-black\/"},"modified":"2024-10-04T06:54:48","modified_gmt":"2024-10-04T06:54:48","slug":"royal-black","status":"publish","type":"product","link":"https:\/\/modrastijena.com\/hr\/proizvod\/royal-black\/","title":{"rendered":"Royal Black"},"content":{"rendered":"<p>Royal Black je vrsta crnog granita va\u0111enog u Indiji. Odi\u0161e da\u0161kom sofisticiranosti i elegancije, \u0161to ga \u010dini omiljenim izborom za projekte u kojima se \u017eeli posti\u0107i osje\u0107aj luksuza. Bar\u0161unasto crno platno slu\u017ei kao pozadina za bezvremenski i o\u010daravaju\u0107i vizualni do\u017eivljaj. Bilo da se koristi za radne plo\u010de, podove, zidne obloge ili dekorativne obloge, ovaj granit posjeduje univerzalnu privla\u010dnost koja se prilago\u0111ava razli\u010ditim stilovima.<br \/>\nNadalje, izdr\u017eljivost i dugovje\u010dnost Royal Black granita \u010dine ga izvrsnim izborom za unutarnje i vanjske primjene. Njegova robusna priroda i otpornost na habanje, vremenske uvjete i mrlje osiguravaju da ostane postojan u godinama koje dolaze.<br \/>\nDostupan je u razli\u010ditim debljinama i obradama.<\/p>\n","protected":false},"excerpt":{"rendered":"<p>Royal Black je vrsta crnog granita va\u0111enog u Indiji. Odi\u0161e da\u0161kom sofisticiranosti i elegancije, \u0161to ga \u010dini omiljenim izborom za projekte u kojima se \u017eeli posti\u0107i osje\u0107aj luksuza. Bar\u0161unasto crno platno slu\u017ei kao pozadina za bezvremenski i o\u010daravaju\u0107i vizualni do\u017eivljaj. Bilo da se koristi za radne plo\u010de, podove, zidne obloge ili dekorativne obloge, ovaj granit [&hellip;]<\/p>\n","protected":false},"featured_media":100000027277,"template":"","meta":{"_acf_changed":false},"product_brand":[],"product_oblik":[],"product_cat":[22,23],"product_tag":[810,25,811,46,812,814,220,221,161,33,157,813,35,36,48],"class_list":{"0":"post-28979","1":"product","2":"type-product","3":"status-publish","4":"has-post-thumbnail","6":"product_cat-kamen","7":"product_cat-graniti","8":"product_tag-eksterijeri","9":"product_tag-granit","10":"product_tag-interijeri","11":"product_tag-kamen","12":"product_tag-kuhinjske-ploce","13":"product_tag-oblaganje-fasade","14":"product_tag-oblaganje-poda","15":"product_tag-oblaganje-zida","16":"product_tag-prag","17":"product_tag-prirodni-kamen","18":"product_tag-pult","19":"product_tag-radne-ploce","20":"product_tag-sank","21":"product_tag-stepenice","22":"product_tag-stubiste","24":"first","25":"instock","26":"shipping-taxable","27":"product-type-simple"},"acf":[],"_links":{"self":[{"href":"https:\/\/modrastijena.com\/hr\/wp-json\/wp\/v2\/product\/28979","targetHints":{"allow":["GET"]}}],"collection":[{"href":"https:\/\/modrastijena.com\/hr\/wp-json\/wp\/v2\/product"}],"about":[{"href":"https:\/\/modrastijena.com\/hr\/wp-json\/wp\/v2\/types\/product"}],"wp:featuredmedia":[{"embeddable":true,"href":"https:\/\/modrastijena.com\/hr\/wp-json\/"}],"wp:attachment":[{"href":"https:\/\/modrastijena.com\/hr\/wp-json\/wp\/v2\/media?parent=28979"}],"wp:term":[{"taxonomy":"product_brand","embeddable":true,"href":"https:\/\/modrastijena.com\/hr\/wp-json\/wp\/v2\/product_brand?post=28979"},{"taxonomy":"product_oblik","embeddable":true,"href":"https:\/\/modrastijena.com\/hr\/wp-json\/wp\/v2\/product_oblik?post=28979"},{"taxonomy":"product_cat","embeddable":true,"href":"https:\/\/modrastijena.com\/hr\/wp-json\/wp\/v2\/product_cat?post=28979"},{"taxonomy":"product_tag","embeddable":true,"href":"https:\/\/modrastijena.com\/hr\/wp-json\/wp\/v2\/product_tag?post=28979"}],"curies":[{"name":"wp","href":"https:\/\/api.w.org\/{rel}","templated":true}]}}