{"id":28977,"date":"2024-09-24T13:15:37","date_gmt":"2024-09-24T13:15:37","guid":{"rendered":"https:\/\/modrastijena.com\/hr\/proizvod\/ultracare-keranet-1-l\/"},"modified":"2026-03-10T10:54:40","modified_gmt":"2026-03-10T10:54:40","slug":"ultracare-keranet-1-l","status":"publish","type":"product","link":"https:\/\/modrastijena.com\/hr\/proizvod\/ultracare-keranet-1-l\/","title":{"rendered":"Ultracare Keranet 1 l"},"content":{"rendered":"<h2 class=\"text-base description-adv text-brand text-weight-700 margin-bottom-md\">Koncentrirano sredstvo za \u010di\u0161\u0107enje na bazi kiselina<\/h2>\n<section class=\"description-generic margin-bottom-md\">Koncentrirano sredstvo za \u010di\u0161\u0107enje na bazi kiselina u teku\u0107em obliku, za uklanjanje ostataka cementa s porculana, keramike i svih materijala otpornih na kiseline. Idealan za upotrebu nakon zavr\u0161etka polaganja plo\u010dica, za uklanjanje isscvjetavanja soli i mrlja od hr\u0111e<\/section>\n<section class=\"description-vantaggi margin-bottom-md\">\n<div>\n<p>PREDNOSTI:<\/p>\n<ul>\n<li>Za unutarnje i vanjske prostore, zidove i podove<\/li>\n<li>Visoko u\u010dinkovit<\/li>\n<li>Kratko vrijeme \u010dekanja prije ispiranja (5 minuta)<\/li>\n<li>Mo\u017ee se koristiti sa strojevima za \u010di\u0161\u0107enje<\/li>\n<li>Vrlo u\u010dinkovit u uklanjanju ostataka cementnih masa i ostalih prljav\u0161tina<\/li>\n<li>Mo\u017ee se razrijediti vodom ovisno o ja\u010dini prljav\u0161tine koju treba ukloniti (pribli\u017eno 1:5 \u2013 1:10; 1 dio ULTRACARE KERANET s 5, 10 dijelova vode)<\/li>\n<li>Pogodan za upotrebu na svim materijalima otpornima na kiseline<\/li>\n<li>Prikladan i za mokro usisavanje<\/li>\n<\/ul>\n<\/div>\n<\/section>\n","protected":false},"excerpt":{"rendered":"<p>Koncentrirano sredstvo za \u010di\u0161\u0107enje na bazi kiselina Koncentrirano sredstvo za \u010di\u0161\u0107enje na bazi kiselina u teku\u0107em obliku, za uklanjanje ostataka cementa s porculana, keramike i svih materijala otpornih na kiseline. Idealan za upotrebu nakon zavr\u0161etka polaganja plo\u010dica, za uklanjanje isscvjetavanja soli i mrlja od hr\u0111e PREDNOSTI: Za unutarnje i vanjske prostore, zidove i podove Visoko [&hellip;]<\/p>\n","protected":false},"featured_media":100000027264,"template":"","meta":{"_acf_changed":false},"product_brand":[],"product_oblik":[],"product_cat":[62,88],"product_tag":[809,57,90],"class_list":{"0":"post-28977","1":"product","2":"type-product","3":"status-publish","4":"has-post-thumbnail","6":"product_cat-ostalo","7":"product_cat-sredstva-za-odrzavanje","8":"product_tag-ciscenje-keramike","9":"product_tag-keramika","10":"product_tag-sredstvo-za-ciscenje","12":"first","13":"outofstock","14":"shipping-taxable","15":"purchasable","16":"product-type-simple"},"acf":[],"_links":{"self":[{"href":"https:\/\/modrastijena.com\/hr\/wp-json\/wp\/v2\/product\/28977","targetHints":{"allow":["GET"]}}],"collection":[{"href":"https:\/\/modrastijena.com\/hr\/wp-json\/wp\/v2\/product"}],"about":[{"href":"https:\/\/modrastijena.com\/hr\/wp-json\/wp\/v2\/types\/product"}],"wp:featuredmedia":[{"embeddable":true,"href":"https:\/\/modrastijena.com\/hr\/wp-json\/"}],"wp:attachment":[{"href":"https:\/\/modrastijena.com\/hr\/wp-json\/wp\/v2\/media?parent=28977"}],"wp:term":[{"taxonomy":"product_brand","embeddable":true,"href":"https:\/\/modrastijena.com\/hr\/wp-json\/wp\/v2\/product_brand?post=28977"},{"taxonomy":"product_oblik","embeddable":true,"href":"https:\/\/modrastijena.com\/hr\/wp-json\/wp\/v2\/product_oblik?post=28977"},{"taxonomy":"product_cat","embeddable":true,"href":"https:\/\/modrastijena.com\/hr\/wp-json\/wp\/v2\/product_cat?post=28977"},{"taxonomy":"product_tag","embeddable":true,"href":"https:\/\/modrastijena.com\/hr\/wp-json\/wp\/v2\/product_tag?post=28977"}],"curies":[{"name":"wp","href":"https:\/\/api.w.org\/{rel}","templated":true}]}}