{"id":28976,"date":"2024-09-24T13:03:26","date_gmt":"2024-09-24T13:03:26","guid":{"rendered":"https:\/\/modrastijena.com\/hr\/proizvod\/labrador-emerald\/"},"modified":"2024-09-24T13:03:26","modified_gmt":"2024-09-24T13:03:26","slug":"labrador-emerald","status":"publish","type":"product","link":"https:\/\/modrastijena.com\/hr\/proizvod\/labrador-emerald\/","title":{"rendered":"Labrador Emerald"},"content":{"rendered":"<p>Viscont White je jedan od najtra\u017eenijih granita u Indiji. Njegova je pozadina bijela sa sivim svilenkastim teksturama, ba\u0161 kao i krajolik. Ima sna\u017enu tvrdo\u0107u i otpornost na habanje. Koristi se unutra i vani, za zidno i podno oblaganje, za stepenice, terase, radne plo\u010de, klupice, spomenike i sli\u010dno. Dostupan je u dvije obrade: polirana i paljena obrada.<\/p>\n<p><strong>Va\u017eno je znati<\/strong><\/p>\n<p>Nijedan materijal nije potpuno otporan na ogrebotine ili upijanje pa se kod granita kao i kod svih ostalih materijala preporu\u010duje oprezno rukovanje.<\/p>\n","protected":false},"excerpt":{"rendered":"<p>Viscont White je jedan od najtra\u017eenijih granita u Indiji. Njegova je pozadina bijela sa sivim svilenkastim teksturama, ba\u0161 kao i krajolik. Ima sna\u017enu tvrdo\u0107u i otpornost na habanje. Koristi se unutra i vani, za zidno i podno oblaganje, za stepenice, terase, radne plo\u010de, klupice, spomenike i sli\u010dno. Dostupan je u dvije obrade: polirana i paljena [&hellip;]<\/p>\n","protected":false},"featured_media":100000027261,"template":"","meta":{"_acf_changed":false},"product_brand":[],"product_oblik":[],"product_cat":[22,23],"product_tag":[24,25,26,27,28,29,30,31,32,33,34,35,36,37,38,39,40],"class_list":{"0":"post-28976","1":"product","2":"type-product","3":"status-publish","4":"has-post-thumbnail","6":"product_cat-kamen","7":"product_cat-graniti","8":"product_tag-blagovaonski-stol","9":"product_tag-granit","10":"product_tag-grobnica","11":"product_tag-kameni-stol","12":"product_tag-klub-stol","13":"product_tag-klupice","14":"product_tag-oblaganje-kamina","15":"product_tag-pod","16":"product_tag-pragovi","17":"product_tag-prirodni-kamen","18":"product_tag-radna-ploca","19":"product_tag-sank","20":"product_tag-stepenice","21":"product_tag-stol","22":"product_tag-trpezarijski-stol","23":"product_tag-vanjski-stol","24":"product_tag-zid","26":"first","27":"instock","28":"shipping-taxable","29":"product-type-simple"},"acf":[],"_links":{"self":[{"href":"https:\/\/modrastijena.com\/hr\/wp-json\/wp\/v2\/product\/28976","targetHints":{"allow":["GET"]}}],"collection":[{"href":"https:\/\/modrastijena.com\/hr\/wp-json\/wp\/v2\/product"}],"about":[{"href":"https:\/\/modrastijena.com\/hr\/wp-json\/wp\/v2\/types\/product"}],"wp:featuredmedia":[{"embeddable":true,"href":"https:\/\/modrastijena.com\/hr\/wp-json\/"}],"wp:attachment":[{"href":"https:\/\/modrastijena.com\/hr\/wp-json\/wp\/v2\/media?parent=28976"}],"wp:term":[{"taxonomy":"product_brand","embeddable":true,"href":"https:\/\/modrastijena.com\/hr\/wp-json\/wp\/v2\/product_brand?post=28976"},{"taxonomy":"product_oblik","embeddable":true,"href":"https:\/\/modrastijena.com\/hr\/wp-json\/wp\/v2\/product_oblik?post=28976"},{"taxonomy":"product_cat","embeddable":true,"href":"https:\/\/modrastijena.com\/hr\/wp-json\/wp\/v2\/product_cat?post=28976"},{"taxonomy":"product_tag","embeddable":true,"href":"https:\/\/modrastijena.com\/hr\/wp-json\/wp\/v2\/product_tag?post=28976"}],"curies":[{"name":"wp","href":"https:\/\/api.w.org\/{rel}","templated":true}]}}