{"id":28967,"date":"2024-09-20T13:23:00","date_gmt":"2024-09-20T13:23:00","guid":{"rendered":"https:\/\/modrastijena.com\/hr\/proizvod\/black-galaxy\/"},"modified":"2024-09-20T13:23:00","modified_gmt":"2024-09-20T13:23:00","slug":"black-galaxy","status":"publish","type":"product","link":"https:\/\/modrastijena.com\/hr\/proizvod\/black-galaxy\/","title":{"rendered":"Black Galaxy"},"content":{"rendered":"<p><b>Napomena:<\/b><br \/>\nKamen je prirodan materijal i svaka kamena plo\u010da je unikatna, stoga preporu\u010dujemo da vidite uzorak kamena u jednoj od na\u0161ih poslovnica. Fotografije ne moraju nu\u017eno u potpunosti odgovarati stvarnom izgledu proizvoda. Provjerite dostupnost u prodajnim salonima Modre Stijene.<\/p>\n","protected":false},"excerpt":{"rendered":"<p>Napomena: Kamen je prirodan materijal i svaka kamena plo\u010da je unikatna, stoga preporu\u010dujemo da vidite uzorak kamena u jednoj od na\u0161ih poslovnica. Fotografije ne moraju nu\u017eno u potpunosti odgovarati stvarnom izgledu proizvoda. Provjerite dostupnost u prodajnim salonima Modre Stijene.<\/p>\n","protected":false},"featured_media":100000027222,"template":"","meta":{"_acf_changed":false},"product_brand":[],"product_oblik":[],"product_cat":[22,23],"product_tag":[],"class_list":{"0":"post-28967","1":"product","2":"type-product","3":"status-publish","4":"has-post-thumbnail","6":"product_cat-kamen","7":"product_cat-graniti","9":"first","10":"instock","11":"shipping-taxable","12":"product-type-simple"},"acf":[],"_links":{"self":[{"href":"https:\/\/modrastijena.com\/hr\/wp-json\/wp\/v2\/product\/28967","targetHints":{"allow":["GET"]}}],"collection":[{"href":"https:\/\/modrastijena.com\/hr\/wp-json\/wp\/v2\/product"}],"about":[{"href":"https:\/\/modrastijena.com\/hr\/wp-json\/wp\/v2\/types\/product"}],"wp:featuredmedia":[{"embeddable":true,"href":"https:\/\/modrastijena.com\/hr\/wp-json\/"}],"wp:attachment":[{"href":"https:\/\/modrastijena.com\/hr\/wp-json\/wp\/v2\/media?parent=28967"}],"wp:term":[{"taxonomy":"product_brand","embeddable":true,"href":"https:\/\/modrastijena.com\/hr\/wp-json\/wp\/v2\/product_brand?post=28967"},{"taxonomy":"product_oblik","embeddable":true,"href":"https:\/\/modrastijena.com\/hr\/wp-json\/wp\/v2\/product_oblik?post=28967"},{"taxonomy":"product_cat","embeddable":true,"href":"https:\/\/modrastijena.com\/hr\/wp-json\/wp\/v2\/product_cat?post=28967"},{"taxonomy":"product_tag","embeddable":true,"href":"https:\/\/modrastijena.com\/hr\/wp-json\/wp\/v2\/product_tag?post=28967"}],"curies":[{"name":"wp","href":"https:\/\/api.w.org\/{rel}","templated":true}]}}