{"id":28719,"date":"2024-08-23T08:20:32","date_gmt":"2024-08-23T08:20:32","guid":{"rendered":"https:\/\/modrastijena.com\/hr\/proizvod\/emperador-dark\/"},"modified":"2024-09-12T11:05:44","modified_gmt":"2024-09-12T11:05:44","slug":"emperador-dark","status":"publish","type":"product","link":"https:\/\/modrastijena.com\/hr\/proizvod\/emperador-dark\/","title":{"rendered":"Emperador Dark"},"content":{"rendered":"<p><span class=\"OYPEnA font-feature-liga-off font-feature-clig-off font-feature-calt-off text-decoration-none text-strikethrough-none\">Poznat po svojoj dubokoj sme\u0111oj boji i bogatim zlatnim venama nosi ime koje na \u0161panjolskom zna\u010di &#8220;car&#8221; ili &#8220;vladar&#8221;, \u0161to savr\u0161eno opisuje njegov presti\u017eni i luksuzni karakter. Ovaj kamen dolazi iz \u0160panjolske, zemlje s bogatom povije\u0161\u0107u i tradicijom u eksploataciji visokokvalitetnih mramora. Kao pravi car me\u0111u mramorima, Emperador unosi dojam mo\u0107i, elegancije i autoriteta u svaki prostor.<br \/>\nDostupan je u debljini od 3 cm.<\/span><\/p>\n<p><strong><span lang=\"HR\">Napomena:<\/span><\/strong><span lang=\"HR\"><br \/>\nProvjerite dostupnost u prodajnim salonima Modre Stijene.<br \/>\nFotografije ne moraju nu\u017eno u potpunosti odgovarati stvarnom izgledu proizvoda<\/span><\/p>\n","protected":false},"excerpt":{"rendered":"<p>Poznat po svojoj dubokoj sme\u0111oj boji i bogatim zlatnim venama nosi ime koje na \u0161panjolskom zna\u010di &#8220;car&#8221; ili &#8220;vladar&#8221;, \u0161to savr\u0161eno opisuje njegov presti\u017eni i luksuzni karakter. Ovaj kamen dolazi iz \u0160panjolske, zemlje s bogatom povije\u0161\u0107u i tradicijom u eksploataciji visokokvalitetnih mramora. Kao pravi car me\u0111u mramorima, Emperador unosi dojam mo\u0107i, elegancije i autoriteta u [&hellip;]<\/p>\n","protected":false},"featured_media":100000026788,"template":"","meta":{"_acf_changed":false},"product_brand":[],"product_oblik":[],"product_cat":[44],"product_tag":[],"class_list":{"0":"post-28719","1":"product","2":"type-product","3":"status-publish","4":"has-post-thumbnail","6":"product_cat-mramori","8":"first","9":"instock","10":"shipping-taxable","11":"product-type-simple"},"acf":[],"_links":{"self":[{"href":"https:\/\/modrastijena.com\/hr\/wp-json\/wp\/v2\/product\/28719","targetHints":{"allow":["GET"]}}],"collection":[{"href":"https:\/\/modrastijena.com\/hr\/wp-json\/wp\/v2\/product"}],"about":[{"href":"https:\/\/modrastijena.com\/hr\/wp-json\/wp\/v2\/types\/product"}],"wp:featuredmedia":[{"embeddable":true,"href":"https:\/\/modrastijena.com\/hr\/wp-json\/"}],"wp:attachment":[{"href":"https:\/\/modrastijena.com\/hr\/wp-json\/wp\/v2\/media?parent=28719"}],"wp:term":[{"taxonomy":"product_brand","embeddable":true,"href":"https:\/\/modrastijena.com\/hr\/wp-json\/wp\/v2\/product_brand?post=28719"},{"taxonomy":"product_oblik","embeddable":true,"href":"https:\/\/modrastijena.com\/hr\/wp-json\/wp\/v2\/product_oblik?post=28719"},{"taxonomy":"product_cat","embeddable":true,"href":"https:\/\/modrastijena.com\/hr\/wp-json\/wp\/v2\/product_cat?post=28719"},{"taxonomy":"product_tag","embeddable":true,"href":"https:\/\/modrastijena.com\/hr\/wp-json\/wp\/v2\/product_tag?post=28719"}],"curies":[{"name":"wp","href":"https:\/\/api.w.org\/{rel}","templated":true}]}}