{"id":28718,"date":"2024-08-23T07:54:05","date_gmt":"2024-08-23T07:54:05","guid":{"rendered":"https:\/\/modrastijena.com\/hr\/proizvod\/rosso-lepanto\/"},"modified":"2025-10-10T12:52:37","modified_gmt":"2025-10-10T12:52:37","slug":"rosso-lepanto","status":"publish","type":"product","link":"https:\/\/modrastijena.com\/hr\/proizvod\/rosso-lepanto\/","title":{"rendered":"Rosso Lepanto"},"content":{"rendered":"<p><span class=\"OYPEnA font-feature-liga-off font-feature-clig-off font-feature-calt-off text-decoration-none text-strikethrough-none\">Dolazi iz Turske poznate po kvalitetnom mramoru i bogatoj rudarskoj tradiciji. Profinjenim venama te intenzivnom crvenom bojom podsje\u0107a na bogatu povijest regije iz koje potje\u010de. Rosso Lepanto mo\u017ee se prona\u0107i u dekorativnim detaljima i arhitektonskim elementima nekih turskih pala\u010da, \u0161to svjedo\u010di o njegovoj dugoj tradiciji upotrebe u luksuznim gra\u0111evinama.<\/span><\/p>\n<p>Dostupan je u debljini od 2 cm.<\/p>\n<p><strong><span lang=\"HR\">Napomena:<\/span><\/strong><span lang=\"HR\"><br \/>\nProvjerite dostupnost u prodajnim salonima Modre Stijene.<br \/>\nFotografije ne moraju nu\u017eno u potpunosti odgovarati stvarnom izgledu proizvoda<\/span><\/p>\n","protected":false},"excerpt":{"rendered":"<p>Dolazi iz Turske poznate po kvalitetnom mramoru i bogatoj rudarskoj tradiciji. Profinjenim venama te intenzivnom crvenom bojom podsje\u0107a na bogatu povijest regije iz koje potje\u010de. Rosso Lepanto mo\u017ee se prona\u0107i u dekorativnim detaljima i arhitektonskim elementima nekih turskih pala\u010da, \u0161to svjedo\u010di o njegovoj dugoj tradiciji upotrebe u luksuznim gra\u0111evinama. Dostupan je u debljini od 2 [&hellip;]<\/p>\n","protected":false},"featured_media":100000026786,"template":"","meta":{"_acf_changed":false},"product_brand":[],"product_oblik":[],"product_cat":[44],"product_tag":[],"class_list":{"0":"post-28718","1":"product","2":"type-product","3":"status-publish","4":"has-post-thumbnail","6":"product_cat-mramori","8":"first","9":"outofstock","10":"shipping-taxable","11":"product-type-simple"},"acf":[],"_links":{"self":[{"href":"https:\/\/modrastijena.com\/hr\/wp-json\/wp\/v2\/product\/28718","targetHints":{"allow":["GET"]}}],"collection":[{"href":"https:\/\/modrastijena.com\/hr\/wp-json\/wp\/v2\/product"}],"about":[{"href":"https:\/\/modrastijena.com\/hr\/wp-json\/wp\/v2\/types\/product"}],"wp:featuredmedia":[{"embeddable":true,"href":"https:\/\/modrastijena.com\/hr\/wp-json\/"}],"wp:attachment":[{"href":"https:\/\/modrastijena.com\/hr\/wp-json\/wp\/v2\/media?parent=28718"}],"wp:term":[{"taxonomy":"product_brand","embeddable":true,"href":"https:\/\/modrastijena.com\/hr\/wp-json\/wp\/v2\/product_brand?post=28718"},{"taxonomy":"product_oblik","embeddable":true,"href":"https:\/\/modrastijena.com\/hr\/wp-json\/wp\/v2\/product_oblik?post=28718"},{"taxonomy":"product_cat","embeddable":true,"href":"https:\/\/modrastijena.com\/hr\/wp-json\/wp\/v2\/product_cat?post=28718"},{"taxonomy":"product_tag","embeddable":true,"href":"https:\/\/modrastijena.com\/hr\/wp-json\/wp\/v2\/product_tag?post=28718"}],"curies":[{"name":"wp","href":"https:\/\/api.w.org\/{rel}","templated":true}]}}