{"id":28686,"date":"2024-08-06T07:58:45","date_gmt":"2024-08-06T07:58:45","guid":{"rendered":"https:\/\/modrastijena.com\/hr\/proizvod\/baumacol-flexuni-gel-25-1\/"},"modified":"2024-09-02T11:27:05","modified_gmt":"2024-09-02T11:27:05","slug":"baumacol-flexuni-gel-25-1","status":"publish","type":"product","link":"https:\/\/modrastijena.com\/hr\/proizvod\/baumacol-flexuni-gel-25-1\/","title":{"rendered":"Baumacol FlexUni Gel 25\/1"},"content":{"rendered":"<p class=\"bodytext body-text-overwrite-for-mobil\"><strong>Fleksibilno GEL ljepilo za keramiku<\/strong><\/p>\n<p class=\"introtext\">Fleksibilno ljepilo za plo\u010dice izvanredne obradivosti s inovativnom Gel tehnologijom, pove\u0107anim otvorenim vremenom i smanjenim klizanjem. Koristi se za ljepljenje kerami\u010dkih plo\u010dica kao i plo\u010dica od prirodnog i umjetnog kamena, za unutra i vani. Posebno prikladno za laku i sigurnu ugradnju keramike ve\u0107eg formata.<\/p>\n<ul class=\"highlights highlights-with-h2\">\n<li>Izvanredna obradivost<\/li>\n<li>Smanjena potro\u0161nja do 15 %<\/li>\n<li>Prilagodljiva konzistencija<\/li>\n<\/ul>\n<p><strong>Tehni\u010dka specifikacija<\/strong><\/p>\n<div class=\"container-fluid table variant-details\">\n<div class=\"row\">\n<div class=\"col-xl-5 col-md-12 th\">Pakovanje: 25 kg vre\u0107a<\/div>\n<\/div>\n<div class=\"row\">\n<div class=\"col-xl-5 col-md-12 th\">Koli\u010dina na paleti: 24<\/div>\n<\/div>\n<div class=\"row\">\n<div class=\"col-xl-5 col-md-12 th\">Maksimalna debljina: 15 mm<\/div>\n<\/div>\n<div class=\"row\">\n<div class=\"col-xl-5 col-md-12 th\">Min. debljina nanosa: 2 mm<\/div>\n<\/div>\n<div class=\"row\">\n<div class=\"col-xl-5 col-md-12 th\">Potro\u0161nja: cca. 3 kg\/m\u00b2 ovisno o vrsti i formatu keramike, stanju podloge te prilago\u0111enoj konzistenciji (zid\/pod)<\/div>\n<\/div>\n<div class=\"row\">\n<div class=\"col-xl-5 col-md-12 th\">Prohodnost: 12 h<\/div>\n<\/div>\n<div class=\"row\">\n<div class=\"col-xl-5 col-md-12 th\">Potrebna koli\u010dina vode: cca. 7 l\/vre\u0107a &#8211; 9 l\/vre\u0107a ovisno o \u017eeljenoj konzistenciji<\/div>\n<\/div>\n<div class=\"row\">\n<div class=\"col-xl-5 col-md-12 th\">Otvoreno vrijeme: \u2264 30 min<\/div>\n<\/div>\n<div class=\"row\">\n<div class=\"col-xl-5 col-md-12 th\">Pot life: cca. 4 h<\/div>\n<\/div>\n<div class=\"row\">\n<div class=\"col-xl-5 col-md-12 th\">Vrijeme stajanja: cca. 5 min<\/div>\n<\/div>\n<\/div>\n","protected":false},"excerpt":{"rendered":"<p>Fleksibilno GEL ljepilo za keramiku Fleksibilno ljepilo za plo\u010dice izvanredne obradivosti s inovativnom Gel tehnologijom, pove\u0107anim otvorenim vremenom i smanjenim klizanjem. Koristi se za ljepljenje kerami\u010dkih plo\u010dica kao i plo\u010dica od prirodnog i umjetnog kamena, za unutra i vani. Posebno prikladno za laku i sigurnu ugradnju keramike ve\u0107eg formata. Izvanredna obradivost Smanjena potro\u0161nja do 15 [&hellip;]<\/p>\n","protected":false},"featured_media":100000026701,"template":"","meta":{"_acf_changed":false},"product_brand":[752],"product_oblik":[],"product_cat":[63],"product_tag":[],"class_list":{"0":"post-28686","1":"product","2":"type-product","3":"status-publish","4":"has-post-thumbnail","6":"product_brand-baumit","7":"product_cat-materijali-za-polaganje","9":"first","10":"instock","11":"shipping-taxable","12":"purchasable","13":"product-type-simple"},"acf":[],"_links":{"self":[{"href":"https:\/\/modrastijena.com\/hr\/wp-json\/wp\/v2\/product\/28686","targetHints":{"allow":["GET"]}}],"collection":[{"href":"https:\/\/modrastijena.com\/hr\/wp-json\/wp\/v2\/product"}],"about":[{"href":"https:\/\/modrastijena.com\/hr\/wp-json\/wp\/v2\/types\/product"}],"wp:featuredmedia":[{"embeddable":true,"href":"https:\/\/modrastijena.com\/hr\/wp-json\/"}],"wp:attachment":[{"href":"https:\/\/modrastijena.com\/hr\/wp-json\/wp\/v2\/media?parent=28686"}],"wp:term":[{"taxonomy":"product_brand","embeddable":true,"href":"https:\/\/modrastijena.com\/hr\/wp-json\/wp\/v2\/product_brand?post=28686"},{"taxonomy":"product_oblik","embeddable":true,"href":"https:\/\/modrastijena.com\/hr\/wp-json\/wp\/v2\/product_oblik?post=28686"},{"taxonomy":"product_cat","embeddable":true,"href":"https:\/\/modrastijena.com\/hr\/wp-json\/wp\/v2\/product_cat?post=28686"},{"taxonomy":"product_tag","embeddable":true,"href":"https:\/\/modrastijena.com\/hr\/wp-json\/wp\/v2\/product_tag?post=28686"}],"curies":[{"name":"wp","href":"https:\/\/api.w.org\/{rel}","templated":true}]}}