{"id":28394,"date":"2019-05-21T13:26:49","date_gmt":"2019-05-21T13:26:49","guid":{"rendered":"https:\/\/modrastijena.com\/hr\/proizvod\/ljepilo-keraflex-grigio-mapei\/"},"modified":"2025-08-25T08:35:16","modified_gmt":"2025-08-25T08:35:16","slug":"ljepilo-keraflex-grigio-mapei","status":"publish","type":"product","link":"https:\/\/modrastijena.com\/hr\/proizvod\/ljepilo-keraflex-grigio-mapei\/","title":{"rendered":"Ljepilo Keraflex Extra S1 Grigio (Mapei)"},"content":{"rendered":"<p style=\"background: white;margin: 0cm 0cm 12.5pt 0cm\"><span lang=\"HR\" style=\"font-size: 11.0pt;color: #535353\">Pobolj\u0161ano ljepilo na cementnoj osnovi s produ\u017eenim otvorenim vremenom za polaganje plo\u010dica i proizvoda od kamena, bez klizanja na vertikalnim povr\u0161inama (za nanose debljine do 5 mm) Podru\u010dje primjene: Lijepljenje svih vrsta mozaika, kerami\u010dkih plo\u010dica, porculaniziranoga gresa, te na vlazi dimenzijski stabilnih proizvoda od kamena na vanjske i unutarnje podne, zidne i stropne povr\u0161ine uobi\u010dajenih podloga, kao \u0161to su:<\/span><\/p>\n<ul>\n<li><span lang=\"HR\" style=\"font-size: 11.0pt;color: #535353\">cementni i anhidritni estrisi;<\/span><\/li>\n<li><span lang=\"HR\" style=\"font-size: 11.0pt;color: #535353\">beton i prefabricirani betonski elementi, stariji od 4 mjeseca;<\/span><\/li>\n<li><span lang=\"HR\" style=\"font-size: 11.0pt;color: #535353\"> \u017ebuke na osnovi cementnih i vapneno-cementnih veziva;<\/span><\/li>\n<li><span lang=\"HR\" style=\"font-size: 11.0pt;color: #535353\">unutarnji zidovi od plino-betona;<\/span><\/li>\n<li><span lang=\"HR\" style=\"font-size: 11.0pt;color: #535353\">podloge na osnovi gipsa;<\/span><\/li>\n<li><span lang=\"HR\" style=\"font-size: 11.0pt;color: #535353\">podloge s podnim grijanjem, koje se obla\u017eu plo\u010dicama formata do 900 cm2;<\/span><\/li>\n<li><span lang=\"HR\" style=\"font-size: 11.0pt;color: #535353\">postoje\u0107e s podlogom \u010dvrsto vezane plo\u010dice, koje se obla\u017eu plo\u010dicama formata do 900 cm2;<\/span><\/li>\n<li><span lang=\"HR\" style=\"font-size: 11.0pt;color: #535353\">\u010dvrsto vezani slojevi disperzijskih boja u unutarnjim prostorima;<\/span><\/li>\n<li><span lang=\"HR\" style=\"font-size: 11.0pt;color: #535353\">sistemi brtvljenja Mapelastic ili Mapegum WP;<\/span><\/li>\n<li><span lang=\"HR\" style=\"font-size: 11.0pt;color: #535353\">\u0161koljke bazena u unutarnjim prostorima, koje se obla\u017eu plo\u010dicama manjih formata;<\/span><\/li>\n<li><span lang=\"HR\" style=\"font-size: 11.0pt;color: #535353\">podloge izlo\u017eene visokim mehani\u010dkim optere\u0107enjima, pod uvjetom da su sazrele, \u010dvrste, suhe i \u010diste.<\/span><\/li>\n<\/ul>\n<p style=\"text-align: justify;background: white;margin: 0cm 0cm 12.5pt 0cm\"><span lang=\"HR\" style=\"font-size: 11.0pt;color: #535353\">\u00a0Primjereno i za to\u010dkasto lijepljenje izolacijskih materijala kao \u0161to su: ekspandirani polistiren, ekspandirani poliuretan, kamena ili staklena vuna, heraklit, zvu\u010dno-izolacijske plo\u010de itd.<\/span><\/p>\n<p style=\"text-align: justify;background: white;margin: 0cm 0cm 12.5pt 0cm\"><span lang=\"HR\" style=\"font-size: 11.0pt;color: #535353\">\u00a0Oblaganje povr\u0161ina na osnovi gipsa ili anhidrita (kalcij-sulfata) mogu\u0107e je nakon prethodne pripreme povr\u0161ine nano\u0161enjem Primer-a G, Mapeprim-a SP ili Primer-a S.<\/span><\/p>\n<p style=\"text-align: justify;background: white;margin: 0cm 0cm 12.5pt 0cm\"><span lang=\"HR\" style=\"font-size: 11.0pt;color: #535353\">\u00a0POTRO\u0160NJA: 2 \u2013 5 kg\/m2. AMBALA\u017dA: vre\u0107e od 25 kg<br \/>\n<\/span><\/p>\n","protected":false},"excerpt":{"rendered":"<p>Pobolj\u0161ano ljepilo na cementnoj osnovi s produ\u017eenim otvorenim vremenom za polaganje plo\u010dica i proizvoda od kamena, bez klizanja na vertikalnim povr\u0161inama (za nanose debljine do 5 mm) Podru\u010dje primjene: Lijepljenje svih vrsta mozaika, kerami\u010dkih plo\u010dica, porculaniziranoga gresa, te na vlazi dimenzijski stabilnih proizvoda od kamena na vanjske i unutarnje podne, zidne i stropne povr\u0161ine uobi\u010dajenih [&hellip;]<\/p>\n","protected":false},"featured_media":1000000384,"template":"","meta":{"_acf_changed":false},"product_brand":[727],"product_oblik":[],"product_cat":[62,63],"product_tag":[64,65,66,67,68,69],"class_list":{"0":"post-28394","1":"product","2":"type-product","3":"status-publish","4":"has-post-thumbnail","6":"product_brand-mapei","7":"product_cat-ostalo","8":"product_cat-materijali-za-polaganje","9":"product_tag-fleksibilno-ljepilo","10":"product_tag-ljepilo","11":"product_tag-ljepilo-za-kamen","12":"product_tag-ljepilo-za-keramiku","13":"product_tag-mapei","14":"product_tag-proizvedeno","16":"first","17":"instock","18":"shipping-taxable","19":"purchasable","20":"product-type-simple"},"acf":[],"_links":{"self":[{"href":"https:\/\/modrastijena.com\/hr\/wp-json\/wp\/v2\/product\/28394","targetHints":{"allow":["GET"]}}],"collection":[{"href":"https:\/\/modrastijena.com\/hr\/wp-json\/wp\/v2\/product"}],"about":[{"href":"https:\/\/modrastijena.com\/hr\/wp-json\/wp\/v2\/types\/product"}],"wp:featuredmedia":[{"embeddable":true,"href":"https:\/\/modrastijena.com\/hr\/wp-json\/"}],"wp:attachment":[{"href":"https:\/\/modrastijena.com\/hr\/wp-json\/wp\/v2\/media?parent=28394"}],"wp:term":[{"taxonomy":"product_brand","embeddable":true,"href":"https:\/\/modrastijena.com\/hr\/wp-json\/wp\/v2\/product_brand?post=28394"},{"taxonomy":"product_oblik","embeddable":true,"href":"https:\/\/modrastijena.com\/hr\/wp-json\/wp\/v2\/product_oblik?post=28394"},{"taxonomy":"product_cat","embeddable":true,"href":"https:\/\/modrastijena.com\/hr\/wp-json\/wp\/v2\/product_cat?post=28394"},{"taxonomy":"product_tag","embeddable":true,"href":"https:\/\/modrastijena.com\/hr\/wp-json\/wp\/v2\/product_tag?post=28394"}],"curies":[{"name":"wp","href":"https:\/\/api.w.org\/{rel}","templated":true}]}}