{"id":28377,"date":"2019-05-21T14:05:21","date_gmt":"2019-05-21T14:05:21","guid":{"rendered":"https:\/\/modrastijena.com\/hr\/proizvod\/impregnacija-eco-prim-grip-mapei\/"},"modified":"2025-07-17T09:35:04","modified_gmt":"2025-07-17T09:35:04","slug":"impregnacija-eco-prim-grip-mapei","status":"publish","type":"product","link":"https:\/\/modrastijena.com\/hr\/proizvod\/impregnacija-eco-prim-grip-mapei\/","title":{"rendered":"Impregnacija Eco Prim Grip 5 kg (Mapei)"},"content":{"rendered":"<p>Vi\u0161enamjenski, ve\u0107 pripremljeni temeljni premaz na bazi umjetnih smola i silikatnog pijeska u vodenoj disperziji s vrlo malom emisijom hlapljivih organskih spojeva (VOC); za \u017ebuke, izravnavaju\u0107e mase i ljepila za keramiku<\/p>\n<p>GDJE SE UPOTREBLJAVA<br \/>\nVi\u0161enamjenski, ve\u0107 pripremljeni temeljni premaz za unutarnje i vanjske zidove i podove. Eco Prim Grip se koristi za osiguranje lijepljenja masa za izravnanje i zagla\u0111ivanje, ljepila za keramiku na upijaju\u0107im i neupijaju\u0107im podlogama, kao \u0161to su keramika, terazzo i prirodni kamen u unutarnjim prostorima.<\/p>\n<p>PRIMJERI PRIMJENE:<\/p>\n<ul>\n<li>Nano\u0161enje \u017ebuka na beton, zidanim i drugim podlogama<\/li>\n<li>Primjena masa za zagla\u0111ivanje i izravnanje na postoje\u0107im unutarnjim podlogama od keramike, teraca i prirodniog kamena.<\/li>\n<li>Polaganje keramike i prirodnog kamena na postoje\u0107e podove od keramike.<\/li>\n<\/ul>\n<p>TEHNI\u010cKE KARAKTERISTIKE:<br \/>\nEco Prim Grip je temeljni premaz bez otapala, pripremljen od sinteti\u010dkih smola u vodenoj disperziji i odabranih inertnih materijala s izvrsnom snagom prijanjanja, otpornom na vodu (vlagu) i starenje. Garantira hrapavu povr\u0161inu (spoja) idealnu za \u017ebuke, mase za zagla\u0111ivanje i izravnavanje, na taj na\u010din osigurava izvrstan spoj na glatkim i neupijaju\u0107im podlogama, regulira upijanje na upijaju\u0107im podlogama. Jednom suh, nakon nano\u0161enja, osigurava sna\u017ean spoj za bilo koje cementne mje\u0161avine na razli\u010ditim tipovima podloga: beton, kamen, gips-kartonske plo\u010de, drvo, keramika, metal, \u017ebuke, gips, itd.<br \/>\nEco Prim Grip je pripremljen za upotrebu sivi lateks jednostavan za upotrebu bilo valjkom ili \u010detkom.<br \/>\nEco Prim Grip je nezapaljiv i ima ekstremno nisku emisiju hlapljivih organskih spojeva (VOC). Zbog toga se proizvod smatra neopasnim za osobe koje koriste proizvod i kona\u010dne korisnike u okolini gdje se primjenjuje. Tako\u0111er mo\u017ee biti skladi\u0161ten bez posebnih mjera opreza.<\/p>\n<p>PRIMJENA: Eco Prim Grip se mo\u017ee nanositi na podlogu valjkom ili \u010detkom. \u017dbuke ili mase za zagla\u0111ivanje i izravnanje mogu se upotrijebiti kad je Eco Prim Grip suh. Najkra\u0107e vrijeme \u010dekanja(su\u0161enja) je 15 do 60 minuta, ovisno o okolnim uvjetima i o upojnosti podloge. Mogu\u0107e je nakon duljeg vremena nanijeti drugi (novi) sloj Eco Prim-a Grip.<br \/>\n\u010cI\u0160\u0106ENJE: Dok je jo\u0161 svje\u017e, Eco Prim Grip se lagano mo\u017ee ukloniti vodom s poda zida i alata. Jednom suh, mo\u017ee se ukloniti alkoholom ili Pulicol-om.<br \/>\nPOTRO\u0160NJA: Potro\u0161nja varira izme\u0111u 0,2 i 0,3 kg\/m2, ovisno o upojnosti podloge.<br \/>\nPAKIRANJE: Eco Prim Grip je pakiran u posudama od 5kg i 1 kg.<\/p>\n","protected":false},"excerpt":{"rendered":"<p>Vi\u0161enamjenski, ve\u0107 pripremljeni temeljni premaz na bazi umjetnih smola i silikatnog pijeska u vodenoj disperziji s vrlo malom emisijom hlapljivih organskih spojeva (VOC); za \u017ebuke, izravnavaju\u0107e mase i ljepila za keramiku GDJE SE UPOTREBLJAVA Vi\u0161enamjenski, ve\u0107 pripremljeni temeljni premaz za unutarnje i vanjske zidove i podove. Eco Prim Grip se koristi za osiguranje lijepljenja masa [&hellip;]<\/p>\n","protected":false},"featured_media":1000000405,"template":"","meta":{"_acf_changed":false},"product_brand":[727],"product_oblik":[],"product_cat":[62,83],"product_tag":[],"class_list":{"0":"post-28377","1":"product","2":"type-product","3":"status-publish","4":"has-post-thumbnail","6":"product_brand-mapei","7":"product_cat-ostalo","8":"product_cat-materijali-za-pripremu","10":"first","11":"instock","12":"shipping-taxable","13":"purchasable","14":"product-type-simple"},"acf":[],"_links":{"self":[{"href":"https:\/\/modrastijena.com\/hr\/wp-json\/wp\/v2\/product\/28377","targetHints":{"allow":["GET"]}}],"collection":[{"href":"https:\/\/modrastijena.com\/hr\/wp-json\/wp\/v2\/product"}],"about":[{"href":"https:\/\/modrastijena.com\/hr\/wp-json\/wp\/v2\/types\/product"}],"wp:featuredmedia":[{"embeddable":true,"href":"https:\/\/modrastijena.com\/hr\/wp-json\/"}],"wp:attachment":[{"href":"https:\/\/modrastijena.com\/hr\/wp-json\/wp\/v2\/media?parent=28377"}],"wp:term":[{"taxonomy":"product_brand","embeddable":true,"href":"https:\/\/modrastijena.com\/hr\/wp-json\/wp\/v2\/product_brand?post=28377"},{"taxonomy":"product_oblik","embeddable":true,"href":"https:\/\/modrastijena.com\/hr\/wp-json\/wp\/v2\/product_oblik?post=28377"},{"taxonomy":"product_cat","embeddable":true,"href":"https:\/\/modrastijena.com\/hr\/wp-json\/wp\/v2\/product_cat?post=28377"},{"taxonomy":"product_tag","embeddable":true,"href":"https:\/\/modrastijena.com\/hr\/wp-json\/wp\/v2\/product_tag?post=28377"}],"curies":[{"name":"wp","href":"https:\/\/api.w.org\/{rel}","templated":true}]}}