{"id":28372,"date":"2019-05-21T14:22:05","date_gmt":"2019-05-21T14:22:05","guid":{"rendered":"https:\/\/modrastijena.com\/hr\/proizvod\/keranet-liquido-mapei\/"},"modified":"2025-01-24T14:00:30","modified_gmt":"2025-01-24T14:00:30","slug":"keranet-liquido-mapei","status":"publish","type":"product","link":"https:\/\/modrastijena.com\/hr\/proizvod\/keranet-liquido-mapei\/","title":{"rendered":"Keranet prah &#8211; sredstvo za \u010di\u0161\u0107enje gres keramike"},"content":{"rendered":"<p style=\"background: white;margin: 0cm 0cm 12.5pt 0cm\"><span lang=\"HR\" style=\"font-size: 11.0pt;color: #535353\"><br \/>\n<b>Primena:<\/b>\u00a0primjenjuje se za odstranjivanje ne\u010disto\u0107a sa spolja\u0161njih i unutra\u0161njih povr\u0161ina (uklju\u010duju\u0107i i fasade), kao \u0161to su: ostaci cementa, kre\u010da, iscvetavanja, prljav\u0161tine i ulja.<br \/>\n<b><\/b><\/span><\/p>\n<p>&nbsp;<\/p>\n<p><span lang=\"HR\" style=\"font-size: 11.0pt;color: #535353\"><b>Napomena:<\/b> proizvod ne koristite za \u010di\u0161\u0107enje mramora i ostalih kalcitnih proizvoda, zatim za \u010di\u0161\u0107enje glazura plo\u010dica koje nisu otporne na kiselinu.<br \/>\nKeranet prah:\u00a0 1 kg<\/span><\/p>\n","protected":false},"excerpt":{"rendered":"<p>Primena:\u00a0primjenjuje se za odstranjivanje ne\u010disto\u0107a sa spolja\u0161njih i unutra\u0161njih povr\u0161ina (uklju\u010duju\u0107i i fasade), kao \u0161to su: ostaci cementa, kre\u010da, iscvetavanja, prljav\u0161tine i ulja. &nbsp; Napomena: proizvod ne koristite za \u010di\u0161\u0107enje mramora i ostalih kalcitnih proizvoda, zatim za \u010di\u0161\u0107enje glazura plo\u010dica koje nisu otporne na kiselinu. Keranet prah:\u00a0 1 kg<\/p>\n","protected":false},"featured_media":1000000416,"template":"","meta":{"_acf_changed":false},"product_brand":[727],"product_oblik":[],"product_cat":[62,88],"product_tag":[89,68,90],"class_list":{"0":"post-28372","1":"product","2":"type-product","3":"status-publish","4":"has-post-thumbnail","6":"product_brand-mapei","7":"product_cat-ostalo","8":"product_cat-sredstva-za-odrzavanje","9":"product_tag-keranet","10":"product_tag-mapei","11":"product_tag-sredstvo-za-ciscenje","13":"first","14":"outofstock","15":"shipping-taxable","16":"purchasable","17":"product-type-simple"},"acf":[],"_links":{"self":[{"href":"https:\/\/modrastijena.com\/hr\/wp-json\/wp\/v2\/product\/28372","targetHints":{"allow":["GET"]}}],"collection":[{"href":"https:\/\/modrastijena.com\/hr\/wp-json\/wp\/v2\/product"}],"about":[{"href":"https:\/\/modrastijena.com\/hr\/wp-json\/wp\/v2\/types\/product"}],"wp:featuredmedia":[{"embeddable":true,"href":"https:\/\/modrastijena.com\/hr\/wp-json\/"}],"wp:attachment":[{"href":"https:\/\/modrastijena.com\/hr\/wp-json\/wp\/v2\/media?parent=28372"}],"wp:term":[{"taxonomy":"product_brand","embeddable":true,"href":"https:\/\/modrastijena.com\/hr\/wp-json\/wp\/v2\/product_brand?post=28372"},{"taxonomy":"product_oblik","embeddable":true,"href":"https:\/\/modrastijena.com\/hr\/wp-json\/wp\/v2\/product_oblik?post=28372"},{"taxonomy":"product_cat","embeddable":true,"href":"https:\/\/modrastijena.com\/hr\/wp-json\/wp\/v2\/product_cat?post=28372"},{"taxonomy":"product_tag","embeddable":true,"href":"https:\/\/modrastijena.com\/hr\/wp-json\/wp\/v2\/product_tag?post=28372"}],"curies":[{"name":"wp","href":"https:\/\/api.w.org\/{rel}","templated":true}]}}