{"id":28368,"date":"2019-05-22T07:41:08","date_gmt":"2019-05-22T07:41:08","guid":{"rendered":"https:\/\/modrastijena.com\/hr\/proizvod\/colour-intensifier-akemi\/"},"modified":"2026-04-19T08:10:22","modified_gmt":"2026-04-19T08:10:22","slug":"colour-intensifier-akemi","status":"publish","type":"product","link":"https:\/\/modrastijena.com\/hr\/proizvod\/colour-intensifier-akemi\/","title":{"rendered":"Colour Intensifier &#8211; za\u0161tita za kamen"},"content":{"rendered":"<p>Impregnacija koja osvje\u017eava i poja\u010dava boju i uklanja sjene, sigurna u kontaktu s hranom (certifikat vanjskog Njema\u010dkog test instituta). Zapo\u010dinje sa za\u0161titnim efektom (20\u02daC) nakon 24 h.<\/p>\n<p><strong>UPOTREBA:<\/strong> Proizvod otporan na vremenske uvjete s dugotrajnom za\u0161titom za unutra i vani. Daje mokar izgled kamenu bez sjaja. Odbija vodu i prljav\u0161tinu te je pogotovo pogodan za grube povr\u0161ine apsorbiraju\u0107ih prirodnih i umjetnih materijala<\/p>\n<p><strong>NA\u010cIN KORI\u0160TENJA<\/strong>: Proizvod nanijeti na materijal koji se \u017eeli za\u0161tititi (povr\u0161ina treba biti suha i \u010dista). Nakon 20-30 minuta ukloniti vi\u0161ak proizvoda s kamena. Ako je materijal veoma porozan, ponoviti postupak. Ostaviti 24 h da se su\u0161i a da se pritom ne hoda po povr\u0161ini.<\/p>\n<p><strong>DOSTATNOST <\/strong>:\u00a0 1 L = 10-15 m2<\/p>\n","protected":false},"excerpt":{"rendered":"<p>Impregnacija koja osvje\u017eava i poja\u010dava boju i uklanja sjene, sigurna u kontaktu s hranom (certifikat vanjskog Njema\u010dkog test instituta). Zapo\u010dinje sa za\u0161titnim efektom (20\u02daC) nakon 24 h. UPOTREBA: Proizvod otporan na vremenske uvjete s dugotrajnom za\u0161titom za unutra i vani. Daje mokar izgled kamenu bez sjaja. Odbija vodu i prljav\u0161tinu te je pogotovo pogodan za [&hellip;]<\/p>\n","protected":false},"featured_media":1000000425,"template":"","meta":{"_acf_changed":false},"product_brand":[725],"product_oblik":[],"product_cat":[62,88],"product_tag":[92,91],"class_list":{"0":"post-28368","1":"product","2":"type-product","3":"status-publish","4":"has-post-thumbnail","6":"product_brand-akemi","7":"product_cat-ostalo","8":"product_cat-sredstva-za-odrzavanje","9":"product_tag-pojacivac-boje","10":"product_tag-zastita-za-kamen","12":"first","13":"instock","14":"shipping-taxable","15":"purchasable","16":"product-type-simple"},"acf":[],"_links":{"self":[{"href":"https:\/\/modrastijena.com\/hr\/wp-json\/wp\/v2\/product\/28368","targetHints":{"allow":["GET"]}}],"collection":[{"href":"https:\/\/modrastijena.com\/hr\/wp-json\/wp\/v2\/product"}],"about":[{"href":"https:\/\/modrastijena.com\/hr\/wp-json\/wp\/v2\/types\/product"}],"wp:featuredmedia":[{"embeddable":true,"href":"https:\/\/modrastijena.com\/hr\/wp-json\/"}],"wp:attachment":[{"href":"https:\/\/modrastijena.com\/hr\/wp-json\/wp\/v2\/media?parent=28368"}],"wp:term":[{"taxonomy":"product_brand","embeddable":true,"href":"https:\/\/modrastijena.com\/hr\/wp-json\/wp\/v2\/product_brand?post=28368"},{"taxonomy":"product_oblik","embeddable":true,"href":"https:\/\/modrastijena.com\/hr\/wp-json\/wp\/v2\/product_oblik?post=28368"},{"taxonomy":"product_cat","embeddable":true,"href":"https:\/\/modrastijena.com\/hr\/wp-json\/wp\/v2\/product_cat?post=28368"},{"taxonomy":"product_tag","embeddable":true,"href":"https:\/\/modrastijena.com\/hr\/wp-json\/wp\/v2\/product_tag?post=28368"}],"curies":[{"name":"wp","href":"https:\/\/api.w.org\/{rel}","templated":true}]}}