{"id":28366,"date":"2019-05-23T12:14:24","date_gmt":"2019-05-23T12:14:24","guid":{"rendered":"https:\/\/modrastijena.com\/hr\/proizvod\/monoblocco-ironker-750-piano-la-nordica\/"},"modified":"2024-11-12T08:26:19","modified_gmt":"2024-11-12T08:26:19","slug":"monoblocco-ironker-750-piano-la-nordica","status":"publish","type":"product","link":"https:\/\/modrastijena.com\/hr\/proizvod\/monoblocco-ironker-750-piano-la-nordica\/","title":{"rendered":"Monoblocco Ironker 750 Tondo (La Nordica)"},"content":{"rendered":"<p>Zra\u010dno lo\u017ei\u0161te- lo\u017ei\u0161te koje toplinu u prostoriju \u0161alje putem ventilatora-zrak. Certificirani od najpresti\u017enijih europskih brandova sinonim su za operativnu sigurnost i trajnost proizvoda.<\/p>\n<p>Tehni\u010dki podaci:<\/p>\n<ul>\n<li>Dimenzije cm: 84,6&#215;162,4-166,4&#215;67,8<\/li>\n<li>Nominalna toplinska snaga kW: 13<\/li>\n<li>Globalna toplinska snaga kW: 16,6<\/li>\n<li>U\u010dinkovitost-iskoristivost %: 78,3<\/li>\n<li>Potro\u0161nja goriva(drvo) kg\/h: 3,8<\/li>\n<li>Promjer dimnjaka cm: 20<\/li>\n<li>Ukupna te\u017eina kg: 336<\/li>\n<li>Zagrijava m\u00b3: 373<\/li>\n<\/ul>\n","protected":false},"excerpt":{"rendered":"<p>Zra\u010dno lo\u017ei\u0161te- lo\u017ei\u0161te koje toplinu u prostoriju \u0161alje putem ventilatora-zrak. Certificirani od najpresti\u017enijih europskih brandova sinonim su za operativnu sigurnost i trajnost proizvoda. Tehni\u010dki podaci: Dimenzije cm: 84,6&#215;162,4-166,4&#215;67,8 Nominalna toplinska snaga kW: 13 Globalna toplinska snaga kW: 16,6 U\u010dinkovitost-iskoristivost %: 78,3 Potro\u0161nja goriva(drvo) kg\/h: 3,8 Promjer dimnjaka cm: 20 Ukupna te\u017eina kg: 336 Zagrijava m\u00b3: [&hellip;]<\/p>\n","protected":false},"featured_media":100000027525,"template":"","meta":{"_acf_changed":false},"product_brand":[708],"product_oblik":[],"product_cat":[95,96],"product_tag":[97,98,99,100,101,102,103,104,105,106,107,108,109],"class_list":{"0":"post-28366","1":"product","2":"type-product","3":"status-publish","4":"has-post-thumbnail","6":"product_brand-la-nordica","7":"product_cat-kamini-i-peci","8":"product_cat-kamini","9":"product_tag-drva","10":"product_tag-fire","11":"product_tag-fireplaces","12":"product_tag-grijanje","13":"product_tag-heating","14":"product_tag-kamin","15":"product_tag-kamin-na-drva","16":"product_tag-made-in-italy","17":"product_tag-modern-fireplaces","18":"product_tag-proizvedeno-u-italiji","19":"product_tag-ugradbeni-kamin","20":"product_tag-vatra","21":"product_tag-wood","23":"first","24":"instock","25":"sale","26":"shipping-taxable","27":"purchasable","28":"product-type-simple"},"acf":[],"_links":{"self":[{"href":"https:\/\/modrastijena.com\/hr\/wp-json\/wp\/v2\/product\/28366","targetHints":{"allow":["GET"]}}],"collection":[{"href":"https:\/\/modrastijena.com\/hr\/wp-json\/wp\/v2\/product"}],"about":[{"href":"https:\/\/modrastijena.com\/hr\/wp-json\/wp\/v2\/types\/product"}],"wp:featuredmedia":[{"embeddable":true,"href":"https:\/\/modrastijena.com\/hr\/wp-json\/"}],"wp:attachment":[{"href":"https:\/\/modrastijena.com\/hr\/wp-json\/wp\/v2\/media?parent=28366"}],"wp:term":[{"taxonomy":"product_brand","embeddable":true,"href":"https:\/\/modrastijena.com\/hr\/wp-json\/wp\/v2\/product_brand?post=28366"},{"taxonomy":"product_oblik","embeddable":true,"href":"https:\/\/modrastijena.com\/hr\/wp-json\/wp\/v2\/product_oblik?post=28366"},{"taxonomy":"product_cat","embeddable":true,"href":"https:\/\/modrastijena.com\/hr\/wp-json\/wp\/v2\/product_cat?post=28366"},{"taxonomy":"product_tag","embeddable":true,"href":"https:\/\/modrastijena.com\/hr\/wp-json\/wp\/v2\/product_tag?post=28366"}],"curies":[{"name":"wp","href":"https:\/\/api.w.org\/{rel}","templated":true}]}}