{"id":28364,"date":"2025-05-25T12:29:10","date_gmt":"2025-05-25T12:29:10","guid":{"rendered":"https:\/\/modrastijena.com\/hr\/proizvod\/tekno-1-edilkamin\/"},"modified":"2025-09-15T09:43:35","modified_gmt":"2025-09-15T09:43:35","slug":"tekno-1-edilkamin","status":"publish","type":"product","link":"https:\/\/modrastijena.com\/hr\/proizvod\/tekno-1-edilkamin\/","title":{"rendered":"Tekno 1 s ventilatorom (EdilKamin)"},"content":{"rendered":"<p>Zra\u010dno lo\u017ei\u0161te lo\u017ei\u0161te\u00a0 koje toplinu\u00a0 u prostoriju \u0161alje putem ventilatora-zrak, 2 izlaza toplog zraka, promjer dimnjaka\u00a0 25 cm, ravno staklo, crni okvir vrata. Cirkulacija toplog\u00a0 zraka mo\u017ee se provesti pomo\u0107u: prirodnom konvekcijom (N) ili ventilatorima (V).<\/p>\n<p>Tehni\u010dki podaci:<\/p>\n<ul>\n<li>Dimenzija cm: 95x155x63,5<\/li>\n<li>Nominalna toplinska snaga kW: 15,4<\/li>\n<li>U\u010dinkovitost-iskoristivost %: 72<\/li>\n<li>Promjer dimnjaka cm: 25<\/li>\n<li>Ukupna te\u017eina kg: 251<\/li>\n<li>Zagrijava m\u00b3: 400 (142 m\u00b2)<\/li>\n<\/ul>\n","protected":false},"excerpt":{"rendered":"<p>Zra\u010dno lo\u017ei\u0161te lo\u017ei\u0161te\u00a0 koje toplinu\u00a0 u prostoriju \u0161alje putem ventilatora-zrak, 2 izlaza toplog zraka, promjer dimnjaka\u00a0 25 cm, ravno staklo, crni okvir vrata. Cirkulacija toplog\u00a0 zraka mo\u017ee se provesti pomo\u0107u: prirodnom konvekcijom (N) ili ventilatorima (V). Tehni\u010dki podaci: Dimenzija cm: 95x155x63,5 Nominalna toplinska snaga kW: 15,4 U\u010dinkovitost-iskoristivost %: 72 Promjer dimnjaka cm: 25 Ukupna te\u017eina [&hellip;]<\/p>\n","protected":false},"featured_media":1000000440,"template":"","meta":{"_acf_changed":false},"product_brand":[709],"product_oblik":[],"product_cat":[95,96],"product_tag":[97,102,103,111,106,107,108],"class_list":{"0":"post-28364","1":"product","2":"type-product","3":"status-publish","4":"has-post-thumbnail","6":"product_brand-edilkamin","7":"product_cat-kamini-i-peci","8":"product_cat-kamini","9":"product_tag-drva","10":"product_tag-kamin","11":"product_tag-kamin-na-drva","12":"product_tag-moderni-kamini","13":"product_tag-proizvedeno-u-italiji","14":"product_tag-ugradbeni-kamin","15":"product_tag-vatra","17":"first","18":"instock","19":"shipping-taxable","20":"purchasable","21":"product-type-simple"},"acf":[],"_links":{"self":[{"href":"https:\/\/modrastijena.com\/hr\/wp-json\/wp\/v2\/product\/28364","targetHints":{"allow":["GET"]}}],"collection":[{"href":"https:\/\/modrastijena.com\/hr\/wp-json\/wp\/v2\/product"}],"about":[{"href":"https:\/\/modrastijena.com\/hr\/wp-json\/wp\/v2\/types\/product"}],"wp:featuredmedia":[{"embeddable":true,"href":"https:\/\/modrastijena.com\/hr\/wp-json\/"}],"wp:attachment":[{"href":"https:\/\/modrastijena.com\/hr\/wp-json\/wp\/v2\/media?parent=28364"}],"wp:term":[{"taxonomy":"product_brand","embeddable":true,"href":"https:\/\/modrastijena.com\/hr\/wp-json\/wp\/v2\/product_brand?post=28364"},{"taxonomy":"product_oblik","embeddable":true,"href":"https:\/\/modrastijena.com\/hr\/wp-json\/wp\/v2\/product_oblik?post=28364"},{"taxonomy":"product_cat","embeddable":true,"href":"https:\/\/modrastijena.com\/hr\/wp-json\/wp\/v2\/product_cat?post=28364"},{"taxonomy":"product_tag","embeddable":true,"href":"https:\/\/modrastijena.com\/hr\/wp-json\/wp\/v2\/product_tag?post=28364"}],"curies":[{"name":"wp","href":"https:\/\/api.w.org\/{rel}","templated":true}]}}