{"id":28344,"date":"2019-06-14T11:21:46","date_gmt":"2019-06-14T11:21:46","guid":{"rendered":"https:\/\/modrastijena.com\/hr\/proizvod\/forest-brown\/"},"modified":"2024-09-27T13:19:30","modified_gmt":"2024-09-27T13:19:30","slug":"forest-brown","status":"publish","type":"product","link":"https:\/\/modrastijena.com\/hr\/proizvod\/forest-brown\/","title":{"rendered":"Forest Brown"},"content":{"rendered":"<p>Mramor Forest Brown odlikuju zemljane nijanse koje pronalazimo u prirodi, a njegovi topli i ugodni tonovi unose u svaki prostor osje\u0107aj udobnosti i mira. Stolje\u0107ima se koristi kao gra\u0111evinski i dekorativni element zbog svoje elegancije, izdr\u017eljivosti i svestranosti. Cijelom njegovom povr\u0161inom isprepli\u0107u se upe\u010datljive varijacije crvene, sme\u0111e i crne, dodaju\u0107i dubinu i vizualnu privla\u010dnost. Ovaj prirodni kamen, podrijetlom iz Indije, \u00a0je metamorfna stijena koja nastaje transformacijom vapnenca pod intenzivnom toplinom i pritiskom unutar Zemljine kore. Poznat je po karakteristi\u010dnim venama i \u0161irokim rasponom boja, od bijele i sive do \u017eivopisnijih nijansi poput zelene, ru\u017ei\u010daste i crne.<\/p>\n<p>Koristi se za razli\u010dite primjene, uklju\u010duju\u0107i obloge podova, zidova, stupova, kuhinjskih plo\u010da, pultova, izradu stolova i sli\u010dno. Njegova prirodna ljepota i raspon boja omogu\u0107uju stvaranje iznimno privla\u010dnih luksuznih interijera i eksterijera.<\/p>\n<p>Dostupan u debljini od 2 cm.<\/p>\n<p><b>Napomena:<\/b><br \/>\nKamen je prirodan materijal i svaka kamena plo\u010da je unikatna, stoga preporu\u010dujemo da vidite uzorak kamena u jednoj od na\u0161ih poslovnica. Fotografije ne moraju nu\u017eno u potpunosti odgovarati stvarnom izgledu proizvoda. Provjerite dostupnost u prodajnim salonima Modre Stijene.<\/p>\n","protected":false},"excerpt":{"rendered":"<p>Mramor Forest Brown odlikuju zemljane nijanse koje pronalazimo u prirodi, a njegovi topli i ugodni tonovi unose u svaki prostor osje\u0107aj udobnosti i mira. Stolje\u0107ima se koristi kao gra\u0111evinski i dekorativni element zbog svoje elegancije, izdr\u017eljivosti i svestranosti. Cijelom njegovom povr\u0161inom isprepli\u0107u se upe\u010datljive varijacije crvene, sme\u0111e i crne, dodaju\u0107i dubinu i vizualnu privla\u010dnost. Ovaj [&hellip;]<\/p>\n","protected":false},"featured_media":1000000514,"template":"","meta":{"_acf_changed":false},"product_brand":[],"product_oblik":[],"product_cat":[22,44],"product_tag":[130,46,47,30,31,33,131,49,40],"class_list":{"0":"post-28344","1":"product","2":"type-product","3":"status-publish","4":"has-post-thumbnail","6":"product_cat-kamen","7":"product_cat-mramori","8":"product_tag-indijski-kamen","9":"product_tag-kamen","10":"product_tag-mramor","11":"product_tag-oblaganje-kamina","12":"product_tag-pod","13":"product_tag-prirodni-kamen","14":"product_tag-smedi-mramor","15":"product_tag-unutarnje-klupice","16":"product_tag-zid","18":"first","19":"instock","20":"shipping-taxable","21":"product-type-simple"},"acf":[],"_links":{"self":[{"href":"https:\/\/modrastijena.com\/hr\/wp-json\/wp\/v2\/product\/28344","targetHints":{"allow":["GET"]}}],"collection":[{"href":"https:\/\/modrastijena.com\/hr\/wp-json\/wp\/v2\/product"}],"about":[{"href":"https:\/\/modrastijena.com\/hr\/wp-json\/wp\/v2\/types\/product"}],"wp:featuredmedia":[{"embeddable":true,"href":"https:\/\/modrastijena.com\/hr\/wp-json\/"}],"wp:attachment":[{"href":"https:\/\/modrastijena.com\/hr\/wp-json\/wp\/v2\/media?parent=28344"}],"wp:term":[{"taxonomy":"product_brand","embeddable":true,"href":"https:\/\/modrastijena.com\/hr\/wp-json\/wp\/v2\/product_brand?post=28344"},{"taxonomy":"product_oblik","embeddable":true,"href":"https:\/\/modrastijena.com\/hr\/wp-json\/wp\/v2\/product_oblik?post=28344"},{"taxonomy":"product_cat","embeddable":true,"href":"https:\/\/modrastijena.com\/hr\/wp-json\/wp\/v2\/product_cat?post=28344"},{"taxonomy":"product_tag","embeddable":true,"href":"https:\/\/modrastijena.com\/hr\/wp-json\/wp\/v2\/product_tag?post=28344"}],"curies":[{"name":"wp","href":"https:\/\/api.w.org\/{rel}","templated":true}]}}