{"id":28339,"date":"2019-06-17T13:23:55","date_gmt":"2019-06-17T13:23:55","guid":{"rendered":"https:\/\/modrastijena.com\/hr\/proizvod\/travertino-classico\/"},"modified":"2024-09-17T10:35:15","modified_gmt":"2024-09-17T10:35:15","slug":"travertino-classico","status":"publish","type":"product","link":"https:\/\/modrastijena.com\/hr\/proizvod\/travertino-classico\/","title":{"rendered":"Travertino Classico"},"content":{"rendered":"<p>Travertino Classico je zasigurno jedan od najljep\u0161ih uzoraka kamena. Njegova ljepota ne ostavlja nas ravnodu\u0161nim i zbog toga se posebno koristi u dekoriranju zidova.<\/p>\n<p>&nbsp;<\/p>\n<p><b>Napomena:<\/b><br \/>\nKamen je prirodan materijal i svaka kamena plo\u010da je unikatna, stoga preporu\u010dujemo da vidite uzorak kamena u jednoj od na\u0161ih poslovnica. Fotografije ne moraju nu\u017eno u potpunosti odgovarati stvarnom izgledu proizvoda. Provjerite dostupnost u prodajnim salonima Modre Stijene.<\/p>\n","protected":false},"excerpt":{"rendered":"<p>Travertino Classico je zasigurno jedan od najljep\u0161ih uzoraka kamena. Njegova ljepota ne ostavlja nas ravnodu\u0161nim i zbog toga se posebno koristi u dekoriranju zidova. &nbsp; Napomena: Kamen je prirodan materijal i svaka kamena plo\u010da je unikatna, stoga preporu\u010dujemo da vidite uzorak kamena u jednoj od na\u0161ih poslovnica. Fotografije ne moraju nu\u017eno u potpunosti odgovarati stvarnom [&hellip;]<\/p>\n","protected":false},"featured_media":1000000549,"template":"","meta":{"_acf_changed":false},"product_brand":[],"product_oblik":[],"product_cat":[22,144],"product_tag":[145,146,147,46,31,36,48,58,148,40],"class_list":{"0":"post-28339","1":"product","2":"type-product","3":"status-publish","4":"has-post-thumbnail","6":"product_cat-kamen","7":"product_cat-travertini","8":"product_tag-dnevni-boravak","9":"product_tag-eksterijer","10":"product_tag-interijer","11":"product_tag-kamen","12":"product_tag-pod","13":"product_tag-stepenice","14":"product_tag-stubiste","15":"product_tag-terasa","16":"product_tag-travertin","17":"product_tag-zid","19":"first","20":"instock","21":"shipping-taxable","22":"product-type-simple"},"acf":[],"_links":{"self":[{"href":"https:\/\/modrastijena.com\/hr\/wp-json\/wp\/v2\/product\/28339","targetHints":{"allow":["GET"]}}],"collection":[{"href":"https:\/\/modrastijena.com\/hr\/wp-json\/wp\/v2\/product"}],"about":[{"href":"https:\/\/modrastijena.com\/hr\/wp-json\/wp\/v2\/types\/product"}],"wp:featuredmedia":[{"embeddable":true,"href":"https:\/\/modrastijena.com\/hr\/wp-json\/"}],"wp:attachment":[{"href":"https:\/\/modrastijena.com\/hr\/wp-json\/wp\/v2\/media?parent=28339"}],"wp:term":[{"taxonomy":"product_brand","embeddable":true,"href":"https:\/\/modrastijena.com\/hr\/wp-json\/wp\/v2\/product_brand?post=28339"},{"taxonomy":"product_oblik","embeddable":true,"href":"https:\/\/modrastijena.com\/hr\/wp-json\/wp\/v2\/product_oblik?post=28339"},{"taxonomy":"product_cat","embeddable":true,"href":"https:\/\/modrastijena.com\/hr\/wp-json\/wp\/v2\/product_cat?post=28339"},{"taxonomy":"product_tag","embeddable":true,"href":"https:\/\/modrastijena.com\/hr\/wp-json\/wp\/v2\/product_tag?post=28339"}],"curies":[{"name":"wp","href":"https:\/\/api.w.org\/{rel}","templated":true}]}}