{"id":28335,"date":"2019-06-17T14:54:04","date_gmt":"2019-06-17T14:54:04","guid":{"rendered":"https:\/\/modrastijena.com\/hr\/proizvod\/vein-wood\/"},"modified":"2024-05-19T10:20:07","modified_gmt":"2024-05-19T10:20:07","slug":"vein-wood","status":"publish","type":"product","link":"https:\/\/modrastijena.com\/hr\/proizvod\/vein-wood\/","title":{"rendered":"Vein Wood"},"content":{"rendered":"<p>Vein Wood je mramor posebnog osebujnog dizajna koji nalikuje pomalo na dezen drva. Upravo su tamnije boje koje daju prostoru bogat izgled.<\/p>\n<p>&nbsp;<\/p>\n<p><b>Napomena:<\/b><br \/>\nKamen je prirodan materijal i svaka kamena plo\u010da je unikatna, stoga preporu\u010dujemo da vidite uzorak kamena u jednoj od na\u0161ih poslovnica. Fotografije ne moraju nu\u017eno u potpunosti odgovarati stvarnom izgledu proizvoda. Provjerite dostupnost u prodajnim salonima Modre Stijene.<\/p>\n","protected":false},"excerpt":{"rendered":"<p>Vein Wood je mramor posebnog osebujnog dizajna koji nalikuje pomalo na dezen drva. Upravo su tamnije boje koje daju prostoru bogat izgled. &nbsp; Napomena: Kamen je prirodan materijal i svaka kamena plo\u010da je unikatna, stoga preporu\u010dujemo da vidite uzorak kamena u jednoj od na\u0161ih poslovnica. Fotografije ne moraju nu\u017eno u potpunosti odgovarati stvarnom izgledu proizvoda. [&hellip;]<\/p>\n","protected":false},"featured_media":1000000580,"template":"","meta":{"_acf_changed":false},"product_brand":[],"product_oblik":[],"product_cat":[22,44],"product_tag":[142,47,31,33,36,48,49,40],"class_list":{"0":"post-28335","1":"product","2":"type-product","3":"status-publish","4":"has-post-thumbnail","6":"product_cat-kamen","7":"product_cat-mramori","8":"product_tag-crni-mramor","9":"product_tag-mramor","10":"product_tag-pod","11":"product_tag-prirodni-kamen","12":"product_tag-stepenice","13":"product_tag-stubiste","14":"product_tag-unutarnje-klupice","15":"product_tag-zid","17":"first","18":"instock","19":"shipping-taxable","20":"product-type-simple"},"acf":[],"_links":{"self":[{"href":"https:\/\/modrastijena.com\/hr\/wp-json\/wp\/v2\/product\/28335","targetHints":{"allow":["GET"]}}],"collection":[{"href":"https:\/\/modrastijena.com\/hr\/wp-json\/wp\/v2\/product"}],"about":[{"href":"https:\/\/modrastijena.com\/hr\/wp-json\/wp\/v2\/types\/product"}],"wp:featuredmedia":[{"embeddable":true,"href":"https:\/\/modrastijena.com\/hr\/wp-json\/"}],"wp:attachment":[{"href":"https:\/\/modrastijena.com\/hr\/wp-json\/wp\/v2\/media?parent=28335"}],"wp:term":[{"taxonomy":"product_brand","embeddable":true,"href":"https:\/\/modrastijena.com\/hr\/wp-json\/wp\/v2\/product_brand?post=28335"},{"taxonomy":"product_oblik","embeddable":true,"href":"https:\/\/modrastijena.com\/hr\/wp-json\/wp\/v2\/product_oblik?post=28335"},{"taxonomy":"product_cat","embeddable":true,"href":"https:\/\/modrastijena.com\/hr\/wp-json\/wp\/v2\/product_cat?post=28335"},{"taxonomy":"product_tag","embeddable":true,"href":"https:\/\/modrastijena.com\/hr\/wp-json\/wp\/v2\/product_tag?post=28335"}],"curies":[{"name":"wp","href":"https:\/\/api.w.org\/{rel}","templated":true}]}}