{"id":28256,"date":"2019-04-24T12:18:31","date_gmt":"2019-04-24T12:18:31","guid":{"rendered":"https:\/\/modrastijena.com\/hr\/proizvod\/vermikulit-ploce-za-kamine-i-peci\/"},"modified":"2025-08-07T10:29:15","modified_gmt":"2025-08-07T10:29:15","slug":"vermikulit-ploce-za-kamine-i-peci","status":"publish","type":"product","link":"https:\/\/modrastijena.com\/hr\/proizvod\/vermikulit-ploce-za-kamine-i-peci\/","title":{"rendered":"Vermikulit plo\u010de za kamine i pe\u0107i d=4 cm"},"content":{"rendered":"<p>Vermikulit je termoizolacijski materijal koji se koristi za oblaganje unutra\u0161njosti kamina i pe\u0107i. Dostupan je u debljini 4 cm i re\u017ee se po mjeri prema Va\u0161im dimenzijama. Zbog izrazito dobrih karakteristika sve vi\u0161e zamjenjuje \u0161amot.<\/p>\n<p>Cijena vermikulita uz rezanje po mjeri se obra\u010dunava 330 KM\/m\u00b2<\/p>\n<p>Oblaganje vermikulitom omogu\u0107uje isijavanje topline kroz staklo pe\u0107i ili kamina zbog \u010dega nema opasnosti da se ope\u010dete sa strana pe\u0107i.<\/p>\n<p>Pove\u0107ana vatrootpornost i minimalna provodljivost topline omogu\u0107uje postizanje jo\u0161 ve\u0107e temperature unutar lo\u017ei\u0161ta.<\/p>\n<p>&nbsp;<\/p>\n<p>&nbsp;<\/p>\n<p>KARAKTERISTIKE VERMIKULIT PLO\u010cA:<\/p>\n<p>&#8211; Izra\u0111ene su od \u010distog vermikulita<br \/>\n&#8211; Pri zagrijavanju ne ispu\u0161taju \u0161tetne i toksi\u010dne materije<br \/>\n&#8211; Njihova primjena je na temperaturama od -260 \u00b0 C do 1350 \u00b0 C<br \/>\n&#8211; Zadovoljava estetske zahtjeve<br \/>\n&#8211; Veoma su prakti\u010dne za rad<br \/>\n&#8211; Vatrostalne<br \/>\n&#8211; Ne mijenjaju oblik pri izlaganju visokoj temperaturi<br \/>\n&#8211; Nema deformacija<\/p>\n<p>PREDNOST VERMIKULIT PLO\u010cA je \u0161to one imaju vi\u0161estruku funkciju:<br \/>\n&#8211; Protupo\u017earna za\u0161tita<br \/>\n&#8211; Termoizolacija<br \/>\n&#8211; Zvu\u010dna izolacija<br \/>\n&#8211; Dekorativni element<\/p>\n","protected":false},"excerpt":{"rendered":"<p>Vermikulit je termoizolacijski materijal koji se koristi za oblaganje unutra\u0161njosti kamina i pe\u0107i. Dostupan je u debljini 4 cm i re\u017ee se po mjeri prema Va\u0161im dimenzijama. Zbog izrazito dobrih karakteristika sve vi\u0161e zamjenjuje \u0161amot. Cijena vermikulita uz rezanje po mjeri se obra\u010dunava 330 KM\/m\u00b2 Oblaganje vermikulitom omogu\u0107uje isijavanje topline kroz staklo pe\u0107i ili kamina [&hellip;]<\/p>\n","protected":false},"featured_media":1000000879,"template":"","meta":{"_acf_changed":false},"product_brand":[740],"product_oblik":[],"product_cat":[95,210],"product_tag":[211,212],"class_list":{"0":"post-28256","1":"product","2":"type-product","3":"status-publish","4":"has-post-thumbnail","6":"product_brand-domaca-proizvodnja","7":"product_cat-kamini-i-peci","8":"product_cat-ostalo-kamini-i-peci","9":"product_tag-vermikulit","10":"product_tag-vermikulit-ploce","12":"first","13":"instock","14":"shipping-taxable","15":"purchasable","16":"product-type-simple"},"acf":[],"_links":{"self":[{"href":"https:\/\/modrastijena.com\/hr\/wp-json\/wp\/v2\/product\/28256","targetHints":{"allow":["GET"]}}],"collection":[{"href":"https:\/\/modrastijena.com\/hr\/wp-json\/wp\/v2\/product"}],"about":[{"href":"https:\/\/modrastijena.com\/hr\/wp-json\/wp\/v2\/types\/product"}],"wp:featuredmedia":[{"embeddable":true,"href":"https:\/\/modrastijena.com\/hr\/wp-json\/"}],"wp:attachment":[{"href":"https:\/\/modrastijena.com\/hr\/wp-json\/wp\/v2\/media?parent=28256"}],"wp:term":[{"taxonomy":"product_brand","embeddable":true,"href":"https:\/\/modrastijena.com\/hr\/wp-json\/wp\/v2\/product_brand?post=28256"},{"taxonomy":"product_oblik","embeddable":true,"href":"https:\/\/modrastijena.com\/hr\/wp-json\/wp\/v2\/product_oblik?post=28256"},{"taxonomy":"product_cat","embeddable":true,"href":"https:\/\/modrastijena.com\/hr\/wp-json\/wp\/v2\/product_cat?post=28256"},{"taxonomy":"product_tag","embeddable":true,"href":"https:\/\/modrastijena.com\/hr\/wp-json\/wp\/v2\/product_tag?post=28256"}],"curies":[{"name":"wp","href":"https:\/\/api.w.org\/{rel}","templated":true}]}}