{"id":28244,"date":"2019-11-12T12:36:29","date_gmt":"2019-11-12T12:36:29","guid":{"rendered":"https:\/\/modrastijena.com\/hr\/proizvod\/picasso\/"},"modified":"2024-09-27T09:40:05","modified_gmt":"2024-09-27T09:40:05","slug":"picasso","status":"publish","type":"product","link":"https:\/\/modrastijena.com\/hr\/proizvod\/picasso\/","title":{"rendered":"Picasso"},"content":{"rendered":"<p>Poput slike na platnu, ovaj predivan zelenkasti mramor govori vi\u0161e od tisu\u0107u rije\u010di. <span class=\"OYPEnA font-feature-liga-off font-feature-clig-off font-feature-calt-off text-decoration-none text-strikethrough-none\">Potje\u010de iz Brazila, zemlje bogate geolo\u0161kim resursima. Poznat je po svojoj izvanrednoj paleti koje stvaraju apstraktne uzorke podsje\u0107aju\u0107i tako na modernisti\u010dku umjetnost, zbog \u010dega je ovaj kamen i dobio ime po slavnom umjetniku Pablu Picassu.<\/span><\/p>\n<p><b>Napomena:<\/b><br \/>\nKamen je prirodan materijal i svaka kamena plo\u010da je unikatna, stoga preporu\u010dujemo da vidite uzorak kamena u jednoj od na\u0161ih poslovnica. Fotografije ne moraju nu\u017eno u potpunosti odgovarati stvarnom izgledu proizvoda. Provjerite dostupnost u prodajnim salonima Modre Stijene.<\/p>\n","protected":false},"excerpt":{"rendered":"<p>Poput slike na platnu, ovaj predivan zelenkasti mramor govori vi\u0161e od tisu\u0107u rije\u010di. Potje\u010de iz Brazila, zemlje bogate geolo\u0161kim resursima. Poznat je po svojoj izvanrednoj paleti koje stvaraju apstraktne uzorke podsje\u0107aju\u0107i tako na modernisti\u010dku umjetnost, zbog \u010dega je ovaj kamen i dobio ime po slavnom umjetniku Pablu Picassu. Napomena: Kamen je prirodan materijal i svaka [&hellip;]<\/p>\n","protected":false},"featured_media":1000000953,"template":"","meta":{"_acf_changed":false},"product_brand":[722],"product_oblik":[],"product_cat":[22,44],"product_tag":[46,47,31,33,35,49,150,40],"class_list":{"0":"post-28244","1":"product","2":"type-product","3":"status-publish","4":"has-post-thumbnail","6":"product_brand-eu-proizvodnja","7":"product_cat-kamen","8":"product_cat-mramori","9":"product_tag-kamen","10":"product_tag-mramor","11":"product_tag-pod","12":"product_tag-prirodni-kamen","13":"product_tag-sank","14":"product_tag-unutarnje-klupice","15":"product_tag-zeleni-mramor","16":"product_tag-zid","18":"first","19":"instock","20":"shipping-taxable","21":"product-type-simple"},"acf":[],"_links":{"self":[{"href":"https:\/\/modrastijena.com\/hr\/wp-json\/wp\/v2\/product\/28244","targetHints":{"allow":["GET"]}}],"collection":[{"href":"https:\/\/modrastijena.com\/hr\/wp-json\/wp\/v2\/product"}],"about":[{"href":"https:\/\/modrastijena.com\/hr\/wp-json\/wp\/v2\/types\/product"}],"wp:featuredmedia":[{"embeddable":true,"href":"https:\/\/modrastijena.com\/hr\/wp-json\/"}],"wp:attachment":[{"href":"https:\/\/modrastijena.com\/hr\/wp-json\/wp\/v2\/media?parent=28244"}],"wp:term":[{"taxonomy":"product_brand","embeddable":true,"href":"https:\/\/modrastijena.com\/hr\/wp-json\/wp\/v2\/product_brand?post=28244"},{"taxonomy":"product_oblik","embeddable":true,"href":"https:\/\/modrastijena.com\/hr\/wp-json\/wp\/v2\/product_oblik?post=28244"},{"taxonomy":"product_cat","embeddable":true,"href":"https:\/\/modrastijena.com\/hr\/wp-json\/wp\/v2\/product_cat?post=28244"},{"taxonomy":"product_tag","embeddable":true,"href":"https:\/\/modrastijena.com\/hr\/wp-json\/wp\/v2\/product_tag?post=28244"}],"curies":[{"name":"wp","href":"https:\/\/api.w.org\/{rel}","templated":true}]}}